{"id":13315,"date":"2025-02-23T15:25:08","date_gmt":"2025-02-23T15:25:08","guid":{"rendered":"https:\/\/x1eg-staging.duckrabbit.ch\/produit\/little-balancing-2\/"},"modified":"2025-06-10T10:33:41","modified_gmt":"2025-06-10T10:33:41","slug":"little-balancing-2","status":"publish","type":"product","link":"https:\/\/x1eg-staging.duckrabbit.ch\/it\/produit\/little-balancing-2\/","title":{"rendered":"Little Balancing"},"content":{"rendered":"<p>Avis de l&#8217;expert<br \/>\nLittle Balancing est un jeu de soci\u00e9t\u00e9 bas\u00e9 sur un m\u00e9canisme de construction. L&#8217;objectif et de d\u00e9velopper la motricit\u00e9 fine, la coordination, la concentration et la patience au travers de la mise en \u00e9quilibre de plusieurs \u00e9l\u00e9ments sous forme de tour. En alternant tuiles et cylindres, puis en surmontant la structure finale d&#8217;une figurine de grenouille, l&#8217;enfant d\u00e9veloppe son habilet\u00e9 \u00e0 utiliser ses doigts de fa\u00e7on pr\u00e9cise et contr\u00f4l\u00e9e. Cela permet en outre de renforcer la coordination oeil-main. Concentration et patience sont de rigueurs pour \u00e9viter que les structures s&#8217;effondrent. Si cela arrive, c&#8217;est l&#8217;occasion id\u00e9ale de travailler sur la tol\u00e9rance \u00e0 la frustration et sur la pers\u00e9v\u00e9rance.<\/p>\n","protected":false},"excerpt":{"rendered":"<p>Un premier jeu d\u2019\u00e9quilibre pour am\u00e9liorer sa manipulation et sa pr\u00e9cision.<\/p>\n<p>De petites grenouilles jouent en \u00e9quilibre sur des n\u00e9nuphars. Attention \u00e0 ce qu\u2019elles ne tombent pas dans la mare !<\/p>\n<p>La mare est pos\u00e9e au centre de la table, atteignable par tous. Tour \u00e0 tour, les joueurs vont ajouter un \u00e9l\u00e9ment sur la mare, en respectant l\u2019ordre de superposition : pilotis, puis n\u00e9nuphar puis de nouveau pilotis et ainsi de suite jusqu\u2019\u00e0 ce qu\u2019il n\u2019y ait plus de pilotis ou de n\u00e9nuphar. Il ne reste plus alors qu\u2019\u00e0 poser les grenouilles en haut des \u00ab pyramides \u00bb. Et l\u00e0, si rien ne tombe, les joueurs ont gagn\u00e9 ! Si un joueur fait tomber des \u00e9l\u00e9ments, on recommence la partie !<\/p>\n","protected":false},"featured_media":755,"comment_status":"closed","ping_status":"closed","template":"","meta":[],"product_brand":[],"product_cat":[22,23,29],"product_tag":[],"boxes-ages":[],"class_list":{"0":"post-13315","1":"product","2":"type-product","3":"status-publish","4":"has-post-thumbnail","6":"product_cat-competences-sociales","7":"product_cat-fonctions-executives","8":"product_cat-motricite","10":"first","11":"instock","12":"taxable","13":"shipping-taxable","14":"purchasable","15":"product-type-simple"},"_links":{"self":[{"href":"https:\/\/x1eg-staging.duckrabbit.ch\/it\/wp-json\/wp\/v2\/product\/13315","targetHints":{"allow":["GET"]}}],"collection":[{"href":"https:\/\/x1eg-staging.duckrabbit.ch\/it\/wp-json\/wp\/v2\/product"}],"about":[{"href":"https:\/\/x1eg-staging.duckrabbit.ch\/it\/wp-json\/wp\/v2\/types\/product"}],"replies":[{"embeddable":true,"href":"https:\/\/x1eg-staging.duckrabbit.ch\/it\/wp-json\/wp\/v2\/comments?post=13315"}],"version-history":[{"count":0,"href":"https:\/\/x1eg-staging.duckrabbit.ch\/it\/wp-json\/wp\/v2\/product\/13315\/revisions"}],"wp:featuredmedia":[{"embeddable":true,"href":"https:\/\/x1eg-staging.duckrabbit.ch\/it\/wp-json\/wp\/v2\/media\/755"}],"wp:attachment":[{"href":"https:\/\/x1eg-staging.duckrabbit.ch\/it\/wp-json\/wp\/v2\/media?parent=13315"}],"wp:term":[{"taxonomy":"product_brand","embeddable":true,"href":"https:\/\/x1eg-staging.duckrabbit.ch\/it\/wp-json\/wp\/v2\/product_brand?post=13315"},{"taxonomy":"product_cat","embeddable":true,"href":"https:\/\/x1eg-staging.duckrabbit.ch\/it\/wp-json\/wp\/v2\/product_cat?post=13315"},{"taxonomy":"product_tag","embeddable":true,"href":"https:\/\/x1eg-staging.duckrabbit.ch\/it\/wp-json\/wp\/v2\/product_tag?post=13315"},{"taxonomy":"boxes-ages","embeddable":true,"href":"https:\/\/x1eg-staging.duckrabbit.ch\/it\/wp-json\/wp\/v2\/boxes-ages?post=13315"}],"curies":[{"name":"wp","href":"https:\/\/api.w.org\/{rel}","templated":true}]}}