{"id":13301,"date":"2025-02-23T15:25:09","date_gmt":"2025-02-23T15:25:09","guid":{"rendered":"https:\/\/x1eg-staging.duckrabbit.ch\/produit\/little-red-riding-hood-deluxe-3\/"},"modified":"2025-06-10T10:33:40","modified_gmt":"2025-06-10T10:33:40","slug":"little-red-riding-hood-deluxe-3","status":"publish","type":"product","link":"https:\/\/x1eg-staging.duckrabbit.ch\/it\/produit\/little-red-riding-hood-deluxe-3\/","title":{"rendered":"Little Red Riding Hood &#8211; Deluxe"},"content":{"rendered":"","protected":false},"excerpt":{"rendered":"<p>Trouvez le chemin pour rejoindre M\u00e8re-Grand. D\u00e9couvrez la magie de ce conte populaire dans ce jeu de r\u00e9flexion id\u00e9al pour les jeunes enfants. Pourrez-vous aider le Petit Chaperon Rouge \u00e0 trouver son chemin pour rejoindre M\u00e8re-Grand Placez la maison, les sapins et le Petit Chaperon Rouge sur le plan de jeu et utilisez les tuiles \u00abchemin\u00bb pour lui permettre de rejoindre la maison. Vous devrez surmonter 24 d\u00e9fis de difficult\u00e9 croissante. Une bande-dessin\u00e9e du conte est \u00e9galement incluse, sans texte, narrant l\u2019histoire originale sous un trait original.<\/p>\n","protected":false},"featured_media":860,"comment_status":"closed","ping_status":"closed","template":"","meta":[],"product_brand":[],"product_cat":[23,28],"product_tag":[],"boxes-ages":[],"class_list":{"0":"post-13301","1":"product","2":"type-product","3":"status-publish","4":"has-post-thumbnail","6":"product_cat-fonctions-executives","7":"product_cat-mathematiques-et-logique","9":"first","10":"instock","11":"taxable","12":"shipping-taxable","13":"purchasable","14":"product-type-simple"},"_links":{"self":[{"href":"https:\/\/x1eg-staging.duckrabbit.ch\/it\/wp-json\/wp\/v2\/product\/13301","targetHints":{"allow":["GET"]}}],"collection":[{"href":"https:\/\/x1eg-staging.duckrabbit.ch\/it\/wp-json\/wp\/v2\/product"}],"about":[{"href":"https:\/\/x1eg-staging.duckrabbit.ch\/it\/wp-json\/wp\/v2\/types\/product"}],"replies":[{"embeddable":true,"href":"https:\/\/x1eg-staging.duckrabbit.ch\/it\/wp-json\/wp\/v2\/comments?post=13301"}],"version-history":[{"count":0,"href":"https:\/\/x1eg-staging.duckrabbit.ch\/it\/wp-json\/wp\/v2\/product\/13301\/revisions"}],"wp:featuredmedia":[{"embeddable":true,"href":"https:\/\/x1eg-staging.duckrabbit.ch\/it\/wp-json\/wp\/v2\/media\/860"}],"wp:attachment":[{"href":"https:\/\/x1eg-staging.duckrabbit.ch\/it\/wp-json\/wp\/v2\/media?parent=13301"}],"wp:term":[{"taxonomy":"product_brand","embeddable":true,"href":"https:\/\/x1eg-staging.duckrabbit.ch\/it\/wp-json\/wp\/v2\/product_brand?post=13301"},{"taxonomy":"product_cat","embeddable":true,"href":"https:\/\/x1eg-staging.duckrabbit.ch\/it\/wp-json\/wp\/v2\/product_cat?post=13301"},{"taxonomy":"product_tag","embeddable":true,"href":"https:\/\/x1eg-staging.duckrabbit.ch\/it\/wp-json\/wp\/v2\/product_tag?post=13301"},{"taxonomy":"boxes-ages","embeddable":true,"href":"https:\/\/x1eg-staging.duckrabbit.ch\/it\/wp-json\/wp\/v2\/boxes-ages?post=13301"}],"curies":[{"name":"wp","href":"https:\/\/api.w.org\/{rel}","templated":true}]}}