{"id":13289,"date":"2025-02-23T15:25:09","date_gmt":"2025-02-23T15:25:09","guid":{"rendered":"https:\/\/x1eg-staging.duckrabbit.ch\/produit\/safari-park-jr-2\/"},"modified":"2025-06-10T10:33:39","modified_gmt":"2025-06-10T10:33:39","slug":"safari-park-jr-2","status":"publish","type":"product","link":"https:\/\/x1eg-staging.duckrabbit.ch\/it\/produit\/safari-park-jr-2\/","title":{"rendered":"Safari Park Jr."},"content":{"rendered":"","protected":false},"excerpt":{"rendered":"<p>L\u2019heure de la pose sauvage\u202f!<\/p>\n<p>Trois, deux, un\u2026 on ne bouge\u202fplus ! Ces animaux sauvages adorent poser pour se faire prendre en photo\u202f! Saurez-vous les placer aux bons endroits pour qu\u2019ils apparaissent dans le cadre\u202f? Rappelez-vous que le lion n\u2019aime pas l\u2019eau, l\u2019\u00e9l\u00e9phant ne peut pas passer entre les rochers et les girafes sont trop grandes pour passer sous les arbres. Un jeu d\u2019apprentissage deux en un pour les petits\u202fqui leur proposera soit de d\u00e9placer les animaux dans la savane selon leur imagination, soit de r\u00e9soudre les d\u00e9fis propos\u00e9s. \u00ab Safari Park Jr. \u00bb est un jeu pour appr\u00e9hender les formes, ainsi que les notions de dessus, dessous, derri\u00e8re, devant, \u00e0 droite, \u00e0 gauche\u2026 Observez les formes des pieds de jeu et suivez le chemin. Pr\u00eat pour votre premier safari photo\u202f?<\/p>\n","protected":false},"featured_media":843,"comment_status":"closed","ping_status":"closed","template":"","meta":[],"product_brand":[],"product_cat":[23,28],"product_tag":[],"boxes-ages":[],"class_list":{"0":"post-13289","1":"product","2":"type-product","3":"status-publish","4":"has-post-thumbnail","6":"product_cat-fonctions-executives","7":"product_cat-mathematiques-et-logique","9":"first","10":"instock","11":"taxable","12":"shipping-taxable","13":"purchasable","14":"product-type-simple"},"_links":{"self":[{"href":"https:\/\/x1eg-staging.duckrabbit.ch\/it\/wp-json\/wp\/v2\/product\/13289","targetHints":{"allow":["GET"]}}],"collection":[{"href":"https:\/\/x1eg-staging.duckrabbit.ch\/it\/wp-json\/wp\/v2\/product"}],"about":[{"href":"https:\/\/x1eg-staging.duckrabbit.ch\/it\/wp-json\/wp\/v2\/types\/product"}],"replies":[{"embeddable":true,"href":"https:\/\/x1eg-staging.duckrabbit.ch\/it\/wp-json\/wp\/v2\/comments?post=13289"}],"version-history":[{"count":0,"href":"https:\/\/x1eg-staging.duckrabbit.ch\/it\/wp-json\/wp\/v2\/product\/13289\/revisions"}],"wp:featuredmedia":[{"embeddable":true,"href":"https:\/\/x1eg-staging.duckrabbit.ch\/it\/wp-json\/wp\/v2\/media\/843"}],"wp:attachment":[{"href":"https:\/\/x1eg-staging.duckrabbit.ch\/it\/wp-json\/wp\/v2\/media?parent=13289"}],"wp:term":[{"taxonomy":"product_brand","embeddable":true,"href":"https:\/\/x1eg-staging.duckrabbit.ch\/it\/wp-json\/wp\/v2\/product_brand?post=13289"},{"taxonomy":"product_cat","embeddable":true,"href":"https:\/\/x1eg-staging.duckrabbit.ch\/it\/wp-json\/wp\/v2\/product_cat?post=13289"},{"taxonomy":"product_tag","embeddable":true,"href":"https:\/\/x1eg-staging.duckrabbit.ch\/it\/wp-json\/wp\/v2\/product_tag?post=13289"},{"taxonomy":"boxes-ages","embeddable":true,"href":"https:\/\/x1eg-staging.duckrabbit.ch\/it\/wp-json\/wp\/v2\/boxes-ages?post=13289"}],"curies":[{"name":"wp","href":"https:\/\/api.w.org\/{rel}","templated":true}]}}