{"id":13214,"date":"2025-02-23T15:27:30","date_gmt":"2025-02-23T15:27:30","guid":{"rendered":"https:\/\/x1eg-staging.duckrabbit.ch\/produit\/apres-la-pluie-peluche-chat-giboulee-2\/"},"modified":"2025-06-10T10:33:34","modified_gmt":"2025-06-10T10:33:34","slug":"apres-la-pluie-peluche-chat-giboulee-2","status":"publish","type":"product","link":"https:\/\/x1eg-staging.duckrabbit.ch\/it\/produit\/apres-la-pluie-peluche-chat-giboulee-2\/","title":{"rendered":"Apr\u00e8s la Pluie &#8211; Peluche Chat Giboul\u00e9e"},"content":{"rendered":"<p>Avis de l&#8217;expert<br \/>\nFrom 12 months onward, introduce a security object during sleep.<\/p>\n","protected":false},"excerpt":{"rendered":"<p>Poup\u00e9e chat Giboul\u00e9e en jersey et tissu chambray cr\u00e8me, elle est v\u00eatue d&#8217;une salopette en tissu lange prune avec, autour de son cou, un grelot en \u00e9ponge velours brique. Des feuilles en tissu chambray grises et en polaire rose recouvrent d\u00e9licatement ses \u00e9paules.<\/p>\n","protected":false},"featured_media":1026,"comment_status":"closed","ping_status":"closed","template":"","meta":[],"product_brand":[],"product_cat":[97,21],"product_tag":[],"boxes-ages":[],"class_list":{"0":"post-13214","1":"product","2":"type-product","3":"status-publish","4":"has-post-thumbnail","6":"product_cat-emotions","7":"product_cat-sommeil","9":"first","10":"instock","11":"taxable","12":"shipping-taxable","13":"purchasable","14":"product-type-simple"},"_links":{"self":[{"href":"https:\/\/x1eg-staging.duckrabbit.ch\/it\/wp-json\/wp\/v2\/product\/13214","targetHints":{"allow":["GET"]}}],"collection":[{"href":"https:\/\/x1eg-staging.duckrabbit.ch\/it\/wp-json\/wp\/v2\/product"}],"about":[{"href":"https:\/\/x1eg-staging.duckrabbit.ch\/it\/wp-json\/wp\/v2\/types\/product"}],"replies":[{"embeddable":true,"href":"https:\/\/x1eg-staging.duckrabbit.ch\/it\/wp-json\/wp\/v2\/comments?post=13214"}],"version-history":[{"count":0,"href":"https:\/\/x1eg-staging.duckrabbit.ch\/it\/wp-json\/wp\/v2\/product\/13214\/revisions"}],"wp:featuredmedia":[{"embeddable":true,"href":"https:\/\/x1eg-staging.duckrabbit.ch\/it\/wp-json\/wp\/v2\/media\/1026"}],"wp:attachment":[{"href":"https:\/\/x1eg-staging.duckrabbit.ch\/it\/wp-json\/wp\/v2\/media?parent=13214"}],"wp:term":[{"taxonomy":"product_brand","embeddable":true,"href":"https:\/\/x1eg-staging.duckrabbit.ch\/it\/wp-json\/wp\/v2\/product_brand?post=13214"},{"taxonomy":"product_cat","embeddable":true,"href":"https:\/\/x1eg-staging.duckrabbit.ch\/it\/wp-json\/wp\/v2\/product_cat?post=13214"},{"taxonomy":"product_tag","embeddable":true,"href":"https:\/\/x1eg-staging.duckrabbit.ch\/it\/wp-json\/wp\/v2\/product_tag?post=13214"},{"taxonomy":"boxes-ages","embeddable":true,"href":"https:\/\/x1eg-staging.duckrabbit.ch\/it\/wp-json\/wp\/v2\/boxes-ages?post=13214"}],"curies":[{"name":"wp","href":"https:\/\/api.w.org\/{rel}","templated":true}]}}