{"id":13176,"date":"2025-02-23T15:27:56","date_gmt":"2025-02-23T15:27:56","guid":{"rendered":"https:\/\/x1eg-staging.duckrabbit.ch\/produit\/perles-en-bois-potager-2\/"},"modified":"2025-06-10T10:33:32","modified_gmt":"2025-06-10T10:33:32","slug":"perles-en-bois-potager-2","status":"publish","type":"product","link":"https:\/\/x1eg-staging.duckrabbit.ch\/it\/produit\/perles-en-bois-potager-2\/","title":{"rendered":"Perles en Bois &#8211; Potager"},"content":{"rendered":"","protected":false},"excerpt":{"rendered":"<p>Ce jeu de perles en bois \u00e0 enfiler est l\u2019un des premiers jeux cr\u00e9atifs que vous pouvez proposer \u00e0 votre b\u00e9b\u00e9 \u00e0 partir de 18 mois. Avec ses petits doigts, votre enfant va devoir faire preuve de dext\u00e9rit\u00e9 pour cr\u00e9er une jolie ribambelle de perles. \u00c0 la fin du jeu, hop, rangez toutes les pi\u00e8ces \u00e0 l\u2019int\u00e9rieur de la bo\u00eete en carton joliment d\u00e9cor\u00e9e sur le th\u00e8me du potager.<\/p>\n<p>Les plus petits peuvent inventer mille et une histoires et plonger dans le monde du potager gr\u00e2ce aux figurines en bois : l\u00e9gumes, fruits, animaux de la ferme seront de parfaits compagnons de jeu. Les plus grands quant \u00e0 eux pourront s\u2019amuser avec les figurines qui vont se transformer en perles \u00e0 enfiler sur le cordon de tissu. Ce dernier poss\u00e8de des clips de s\u00e9curit\u00e9, ce qui rend ce premier jeu d\u2019\u00e9veil adapt\u00e9 aux plus jeunes.<\/p>\n<p>Ce jeu compos\u00e9 de grosses perles en bois va aider votre enfant \u00e0 d\u00e9velopper sa motricit\u00e9 fine, sa coordination \u0153il-main et son \u00e9valuation des distances entre l\u2019objet \u00e0 enfiler et le support. R\u00e9ussir \u00e0 enfiler des perles sur un support d\u00e9montre que votre petit vient de franchir un cap dans son d\u00e9veloppement. Il comprend que les perles disposent d\u2019un trou et qu\u2019elles peuvent \u00eatre enfil\u00e9es sur le cordon en tissu : il d\u00e9veloppe ses capacit\u00e9s d&#8217;observation et d\u2019analyse.<\/p>\n","protected":false},"featured_media":1057,"comment_status":"closed","ping_status":"closed","template":"","meta":[],"product_brand":[],"product_cat":[29],"product_tag":[],"boxes-ages":[],"class_list":{"0":"post-13176","1":"product","2":"type-product","3":"status-publish","4":"has-post-thumbnail","6":"product_cat-motricite","8":"first","9":"instock","10":"taxable","11":"shipping-taxable","12":"purchasable","13":"product-type-simple"},"_links":{"self":[{"href":"https:\/\/x1eg-staging.duckrabbit.ch\/it\/wp-json\/wp\/v2\/product\/13176","targetHints":{"allow":["GET"]}}],"collection":[{"href":"https:\/\/x1eg-staging.duckrabbit.ch\/it\/wp-json\/wp\/v2\/product"}],"about":[{"href":"https:\/\/x1eg-staging.duckrabbit.ch\/it\/wp-json\/wp\/v2\/types\/product"}],"replies":[{"embeddable":true,"href":"https:\/\/x1eg-staging.duckrabbit.ch\/it\/wp-json\/wp\/v2\/comments?post=13176"}],"version-history":[{"count":0,"href":"https:\/\/x1eg-staging.duckrabbit.ch\/it\/wp-json\/wp\/v2\/product\/13176\/revisions"}],"wp:featuredmedia":[{"embeddable":true,"href":"https:\/\/x1eg-staging.duckrabbit.ch\/it\/wp-json\/wp\/v2\/media\/1057"}],"wp:attachment":[{"href":"https:\/\/x1eg-staging.duckrabbit.ch\/it\/wp-json\/wp\/v2\/media?parent=13176"}],"wp:term":[{"taxonomy":"product_brand","embeddable":true,"href":"https:\/\/x1eg-staging.duckrabbit.ch\/it\/wp-json\/wp\/v2\/product_brand?post=13176"},{"taxonomy":"product_cat","embeddable":true,"href":"https:\/\/x1eg-staging.duckrabbit.ch\/it\/wp-json\/wp\/v2\/product_cat?post=13176"},{"taxonomy":"product_tag","embeddable":true,"href":"https:\/\/x1eg-staging.duckrabbit.ch\/it\/wp-json\/wp\/v2\/product_tag?post=13176"},{"taxonomy":"boxes-ages","embeddable":true,"href":"https:\/\/x1eg-staging.duckrabbit.ch\/it\/wp-json\/wp\/v2\/boxes-ages?post=13176"}],"curies":[{"name":"wp","href":"https:\/\/api.w.org\/{rel}","templated":true}]}}