{"id":13164,"date":"2025-02-23T15:27:56","date_gmt":"2025-02-23T15:27:56","guid":{"rendered":"https:\/\/x1eg-staging.duckrabbit.ch\/produit\/trois-petits-lapins-petite-peluche-lapin-sauge-2\/"},"modified":"2025-06-10T10:33:31","modified_gmt":"2025-06-10T10:33:31","slug":"trois-petits-lapins-petite-peluche-lapin-sauge-2","status":"publish","type":"product","link":"https:\/\/x1eg-staging.duckrabbit.ch\/it\/produit\/trois-petits-lapins-petite-peluche-lapin-sauge-2\/","title":{"rendered":"Trois Petits Lapins &#8211; Petite Peluche Lapin Sauge"},"content":{"rendered":"<p>Avis de l&#8217;expert<br \/>\nCreate a sleep-designated area. From 12 months onward, introduce a security object during sleep. Keep the objects in a sleep-designated area.<\/p>\n","protected":false},"excerpt":{"rendered":"<p>Petit lapin en velours \u00e9ponge, v\u00eatu de sa barboteuse sauge en lange. Coiff\u00e9 d&#8217;un bonnet \u00e0 pompons qui laisse passer ses grandes oreilles en fourrure toute douce, ce compagnon apaisant et rassurant est facile \u00e0 attraper par les petites mains.<\/p>\n","protected":false},"featured_media":1031,"comment_status":"closed","ping_status":"closed","template":"","meta":[],"product_brand":[],"product_cat":[97,21],"product_tag":[],"boxes-ages":[],"class_list":{"0":"post-13164","1":"product","2":"type-product","3":"status-publish","4":"has-post-thumbnail","6":"product_cat-emotions","7":"product_cat-sommeil","9":"first","10":"instock","11":"taxable","12":"shipping-taxable","13":"purchasable","14":"product-type-simple"},"_links":{"self":[{"href":"https:\/\/x1eg-staging.duckrabbit.ch\/it\/wp-json\/wp\/v2\/product\/13164","targetHints":{"allow":["GET"]}}],"collection":[{"href":"https:\/\/x1eg-staging.duckrabbit.ch\/it\/wp-json\/wp\/v2\/product"}],"about":[{"href":"https:\/\/x1eg-staging.duckrabbit.ch\/it\/wp-json\/wp\/v2\/types\/product"}],"replies":[{"embeddable":true,"href":"https:\/\/x1eg-staging.duckrabbit.ch\/it\/wp-json\/wp\/v2\/comments?post=13164"}],"version-history":[{"count":0,"href":"https:\/\/x1eg-staging.duckrabbit.ch\/it\/wp-json\/wp\/v2\/product\/13164\/revisions"}],"wp:featuredmedia":[{"embeddable":true,"href":"https:\/\/x1eg-staging.duckrabbit.ch\/it\/wp-json\/wp\/v2\/media\/1031"}],"wp:attachment":[{"href":"https:\/\/x1eg-staging.duckrabbit.ch\/it\/wp-json\/wp\/v2\/media?parent=13164"}],"wp:term":[{"taxonomy":"product_brand","embeddable":true,"href":"https:\/\/x1eg-staging.duckrabbit.ch\/it\/wp-json\/wp\/v2\/product_brand?post=13164"},{"taxonomy":"product_cat","embeddable":true,"href":"https:\/\/x1eg-staging.duckrabbit.ch\/it\/wp-json\/wp\/v2\/product_cat?post=13164"},{"taxonomy":"product_tag","embeddable":true,"href":"https:\/\/x1eg-staging.duckrabbit.ch\/it\/wp-json\/wp\/v2\/product_tag?post=13164"},{"taxonomy":"boxes-ages","embeddable":true,"href":"https:\/\/x1eg-staging.duckrabbit.ch\/it\/wp-json\/wp\/v2\/boxes-ages?post=13164"}],"curies":[{"name":"wp","href":"https:\/\/api.w.org\/{rel}","templated":true}]}}