{"id":13155,"date":"2025-02-23T15:28:33","date_gmt":"2025-02-23T15:28:33","guid":{"rendered":"https:\/\/x1eg-staging.duckrabbit.ch\/produit\/le-voyage-dolga-mobile-musical-croisillon-2\/"},"modified":"2025-06-10T10:33:30","modified_gmt":"2025-06-10T10:33:30","slug":"le-voyage-dolga-mobile-musical-croisillon-2","status":"publish","type":"product","link":"https:\/\/x1eg-staging.duckrabbit.ch\/it\/produit\/le-voyage-dolga-mobile-musical-croisillon-2\/","title":{"rendered":"Le Voyage d&rsquo;Olga &#8211; Mobile Musical Croisillon"},"content":{"rendered":"<p>Avis de l&#8217;expert<br \/>\nFrom 12 months onward, introduce a security object during sleep. Ensure that the security object is always in the sleep-designated area.<\/p>\n","protected":false},"excerpt":{"rendered":"<p>Mobile musical destin\u00e9 \u00e0 la stimulation visuelle et auditive de b\u00e9b\u00e9. Il sera berc\u00e9 par les oies, les \u00e9toiles et la lune m\u00ealant couleurs et mati\u00e8res diff\u00e9rentes pour rejoindre le pays des r\u00eaves, le voyage d&#8217;Olga\u2026<\/p>\n","protected":false},"featured_media":1104,"comment_status":"closed","ping_status":"closed","template":"","meta":[],"product_brand":[],"product_cat":[21],"product_tag":[],"boxes-ages":[],"class_list":{"0":"post-13155","1":"product","2":"type-product","3":"status-publish","4":"has-post-thumbnail","6":"product_cat-sommeil","8":"first","9":"instock","10":"taxable","11":"shipping-taxable","12":"purchasable","13":"product-type-simple"},"_links":{"self":[{"href":"https:\/\/x1eg-staging.duckrabbit.ch\/it\/wp-json\/wp\/v2\/product\/13155","targetHints":{"allow":["GET"]}}],"collection":[{"href":"https:\/\/x1eg-staging.duckrabbit.ch\/it\/wp-json\/wp\/v2\/product"}],"about":[{"href":"https:\/\/x1eg-staging.duckrabbit.ch\/it\/wp-json\/wp\/v2\/types\/product"}],"replies":[{"embeddable":true,"href":"https:\/\/x1eg-staging.duckrabbit.ch\/it\/wp-json\/wp\/v2\/comments?post=13155"}],"version-history":[{"count":0,"href":"https:\/\/x1eg-staging.duckrabbit.ch\/it\/wp-json\/wp\/v2\/product\/13155\/revisions"}],"wp:featuredmedia":[{"embeddable":true,"href":"https:\/\/x1eg-staging.duckrabbit.ch\/it\/wp-json\/wp\/v2\/media\/1104"}],"wp:attachment":[{"href":"https:\/\/x1eg-staging.duckrabbit.ch\/it\/wp-json\/wp\/v2\/media?parent=13155"}],"wp:term":[{"taxonomy":"product_brand","embeddable":true,"href":"https:\/\/x1eg-staging.duckrabbit.ch\/it\/wp-json\/wp\/v2\/product_brand?post=13155"},{"taxonomy":"product_cat","embeddable":true,"href":"https:\/\/x1eg-staging.duckrabbit.ch\/it\/wp-json\/wp\/v2\/product_cat?post=13155"},{"taxonomy":"product_tag","embeddable":true,"href":"https:\/\/x1eg-staging.duckrabbit.ch\/it\/wp-json\/wp\/v2\/product_tag?post=13155"},{"taxonomy":"boxes-ages","embeddable":true,"href":"https:\/\/x1eg-staging.duckrabbit.ch\/it\/wp-json\/wp\/v2\/boxes-ages?post=13155"}],"curies":[{"name":"wp","href":"https:\/\/api.w.org\/{rel}","templated":true}]}}