{"id":13151,"date":"2025-02-23T15:28:33","date_gmt":"2025-02-23T15:28:33","guid":{"rendered":"https:\/\/x1eg-staging.duckrabbit.ch\/produit\/trois-petits-lapins-mobile-musical-croisillon-3\/"},"modified":"2025-06-10T10:33:30","modified_gmt":"2025-06-10T10:33:30","slug":"trois-petits-lapins-mobile-musical-croisillon-3","status":"publish","type":"product","link":"https:\/\/x1eg-staging.duckrabbit.ch\/it\/produit\/trois-petits-lapins-mobile-musical-croisillon-3\/","title":{"rendered":"Trois Petits Lapins &#8211; Mobile Musical Croisillon"},"content":{"rendered":"<p>Avis de l&#8217;expert<br \/>\nEnsure that the security object is always in the sleep-designated area.<\/p>\n","protected":false},"excerpt":{"rendered":"<p>Mobile musical aux couleurs tendres pour \u00e9veiller la vue et l&#8217;ou\u00efe de b\u00e9b\u00e9, puis l&#8217;endormir tout en douceur. Sur une structure en bois, un petit h\u00e9risson danse au milieu des l\u00e9gumes du jardin : carottes et radis\u2026<\/p>\n","protected":false},"featured_media":1102,"comment_status":"closed","ping_status":"closed","template":"","meta":[],"product_brand":[],"product_cat":[21],"product_tag":[],"boxes-ages":[],"class_list":{"0":"post-13151","1":"product","2":"type-product","3":"status-publish","4":"has-post-thumbnail","6":"product_cat-sommeil","8":"first","9":"instock","10":"taxable","11":"shipping-taxable","12":"purchasable","13":"product-type-simple"},"_links":{"self":[{"href":"https:\/\/x1eg-staging.duckrabbit.ch\/it\/wp-json\/wp\/v2\/product\/13151","targetHints":{"allow":["GET"]}}],"collection":[{"href":"https:\/\/x1eg-staging.duckrabbit.ch\/it\/wp-json\/wp\/v2\/product"}],"about":[{"href":"https:\/\/x1eg-staging.duckrabbit.ch\/it\/wp-json\/wp\/v2\/types\/product"}],"replies":[{"embeddable":true,"href":"https:\/\/x1eg-staging.duckrabbit.ch\/it\/wp-json\/wp\/v2\/comments?post=13151"}],"version-history":[{"count":0,"href":"https:\/\/x1eg-staging.duckrabbit.ch\/it\/wp-json\/wp\/v2\/product\/13151\/revisions"}],"wp:featuredmedia":[{"embeddable":true,"href":"https:\/\/x1eg-staging.duckrabbit.ch\/it\/wp-json\/wp\/v2\/media\/1102"}],"wp:attachment":[{"href":"https:\/\/x1eg-staging.duckrabbit.ch\/it\/wp-json\/wp\/v2\/media?parent=13151"}],"wp:term":[{"taxonomy":"product_brand","embeddable":true,"href":"https:\/\/x1eg-staging.duckrabbit.ch\/it\/wp-json\/wp\/v2\/product_brand?post=13151"},{"taxonomy":"product_cat","embeddable":true,"href":"https:\/\/x1eg-staging.duckrabbit.ch\/it\/wp-json\/wp\/v2\/product_cat?post=13151"},{"taxonomy":"product_tag","embeddable":true,"href":"https:\/\/x1eg-staging.duckrabbit.ch\/it\/wp-json\/wp\/v2\/product_tag?post=13151"},{"taxonomy":"boxes-ages","embeddable":true,"href":"https:\/\/x1eg-staging.duckrabbit.ch\/it\/wp-json\/wp\/v2\/boxes-ages?post=13151"}],"curies":[{"name":"wp","href":"https:\/\/api.w.org\/{rel}","templated":true}]}}