{"id":13143,"date":"2025-02-23T15:28:53","date_gmt":"2025-02-23T15:28:53","guid":{"rendered":"https:\/\/x1eg-staging.duckrabbit.ch\/produit\/gigoteuse-beige-lion-sous-mon-baobab-90-cm-2\/"},"modified":"2025-06-10T10:33:29","modified_gmt":"2025-06-10T10:33:29","slug":"gigoteuse-beige-lion-sous-mon-baobab-90-cm-2","status":"publish","type":"product","link":"https:\/\/x1eg-staging.duckrabbit.ch\/it\/produit\/gigoteuse-beige-lion-sous-mon-baobab-90-cm-2\/","title":{"rendered":"Gigoteuse Beige Lion &#8211; Sous Mon Baobab 90 cm"},"content":{"rendered":"","protected":false},"excerpt":{"rendered":"<p>Gigoteuse 6-24 mois, en mati\u00e8res naturelles : lin lav\u00e9 cr\u00e8me sur l&#8217;ext\u00e9rieur, et 100% coton \u00e0 l&#8217;int\u00e9rieur pour laisser respirer la peau de b\u00e9b\u00e9. Imprim\u00e9 de Paprika le lion dans la savane. Fermeture \u00e0 glissi\u00e8re et boutons-pression pour un habillage facile.<\/p>\n","protected":false},"featured_media":1111,"comment_status":"closed","ping_status":"closed","template":"","meta":[],"product_brand":[],"product_cat":[21],"product_tag":[],"boxes-ages":[],"class_list":{"0":"post-13143","1":"product","2":"type-product","3":"status-publish","4":"has-post-thumbnail","6":"product_cat-sommeil","8":"first","9":"instock","10":"taxable","11":"shipping-taxable","12":"purchasable","13":"product-type-simple"},"_links":{"self":[{"href":"https:\/\/x1eg-staging.duckrabbit.ch\/it\/wp-json\/wp\/v2\/product\/13143","targetHints":{"allow":["GET"]}}],"collection":[{"href":"https:\/\/x1eg-staging.duckrabbit.ch\/it\/wp-json\/wp\/v2\/product"}],"about":[{"href":"https:\/\/x1eg-staging.duckrabbit.ch\/it\/wp-json\/wp\/v2\/types\/product"}],"replies":[{"embeddable":true,"href":"https:\/\/x1eg-staging.duckrabbit.ch\/it\/wp-json\/wp\/v2\/comments?post=13143"}],"version-history":[{"count":0,"href":"https:\/\/x1eg-staging.duckrabbit.ch\/it\/wp-json\/wp\/v2\/product\/13143\/revisions"}],"wp:featuredmedia":[{"embeddable":true,"href":"https:\/\/x1eg-staging.duckrabbit.ch\/it\/wp-json\/wp\/v2\/media\/1111"}],"wp:attachment":[{"href":"https:\/\/x1eg-staging.duckrabbit.ch\/it\/wp-json\/wp\/v2\/media?parent=13143"}],"wp:term":[{"taxonomy":"product_brand","embeddable":true,"href":"https:\/\/x1eg-staging.duckrabbit.ch\/it\/wp-json\/wp\/v2\/product_brand?post=13143"},{"taxonomy":"product_cat","embeddable":true,"href":"https:\/\/x1eg-staging.duckrabbit.ch\/it\/wp-json\/wp\/v2\/product_cat?post=13143"},{"taxonomy":"product_tag","embeddable":true,"href":"https:\/\/x1eg-staging.duckrabbit.ch\/it\/wp-json\/wp\/v2\/product_tag?post=13143"},{"taxonomy":"boxes-ages","embeddable":true,"href":"https:\/\/x1eg-staging.duckrabbit.ch\/it\/wp-json\/wp\/v2\/boxes-ages?post=13143"}],"curies":[{"name":"wp","href":"https:\/\/api.w.org\/{rel}","templated":true}]}}