{"id":13139,"date":"2025-02-23T15:28:53","date_gmt":"2025-02-23T15:28:53","guid":{"rendered":"https:\/\/x1eg-staging.duckrabbit.ch\/produit\/gigoteuse-creme-apres-la-pluie-70-cm-3\/"},"modified":"2025-06-10T10:33:29","modified_gmt":"2025-06-10T10:33:29","slug":"gigoteuse-creme-apres-la-pluie-70-cm-3","status":"publish","type":"product","link":"https:\/\/x1eg-staging.duckrabbit.ch\/it\/produit\/gigoteuse-creme-apres-la-pluie-70-cm-3\/","title":{"rendered":"Gigoteuse Cr\u00e8me &#8211; Apr\u00e8s la Pluie 70 cm"},"content":{"rendered":"","protected":false},"excerpt":{"rendered":"<p>Gigoteuse 0-6 mois (TOG 3) en mati\u00e8res naturelles : lange cr\u00e8me avec motif lapin endormi et feuilles volantes, et doublure en toile 100% coton pour laisser respirer la peau de b\u00e9b\u00e9. Fermeture \u00e0 glissi\u00e8re et boutons-pression pour un habillage facile.<\/p>\n","protected":false},"featured_media":1107,"comment_status":"closed","ping_status":"closed","template":"","meta":[],"product_brand":[],"product_cat":[21],"product_tag":[],"boxes-ages":[],"class_list":{"0":"post-13139","1":"product","2":"type-product","3":"status-publish","4":"has-post-thumbnail","6":"product_cat-sommeil","8":"first","9":"instock","10":"taxable","11":"shipping-taxable","12":"purchasable","13":"product-type-simple"},"_links":{"self":[{"href":"https:\/\/x1eg-staging.duckrabbit.ch\/it\/wp-json\/wp\/v2\/product\/13139","targetHints":{"allow":["GET"]}}],"collection":[{"href":"https:\/\/x1eg-staging.duckrabbit.ch\/it\/wp-json\/wp\/v2\/product"}],"about":[{"href":"https:\/\/x1eg-staging.duckrabbit.ch\/it\/wp-json\/wp\/v2\/types\/product"}],"replies":[{"embeddable":true,"href":"https:\/\/x1eg-staging.duckrabbit.ch\/it\/wp-json\/wp\/v2\/comments?post=13139"}],"version-history":[{"count":0,"href":"https:\/\/x1eg-staging.duckrabbit.ch\/it\/wp-json\/wp\/v2\/product\/13139\/revisions"}],"wp:featuredmedia":[{"embeddable":true,"href":"https:\/\/x1eg-staging.duckrabbit.ch\/it\/wp-json\/wp\/v2\/media\/1107"}],"wp:attachment":[{"href":"https:\/\/x1eg-staging.duckrabbit.ch\/it\/wp-json\/wp\/v2\/media?parent=13139"}],"wp:term":[{"taxonomy":"product_brand","embeddable":true,"href":"https:\/\/x1eg-staging.duckrabbit.ch\/it\/wp-json\/wp\/v2\/product_brand?post=13139"},{"taxonomy":"product_cat","embeddable":true,"href":"https:\/\/x1eg-staging.duckrabbit.ch\/it\/wp-json\/wp\/v2\/product_cat?post=13139"},{"taxonomy":"product_tag","embeddable":true,"href":"https:\/\/x1eg-staging.duckrabbit.ch\/it\/wp-json\/wp\/v2\/product_tag?post=13139"},{"taxonomy":"boxes-ages","embeddable":true,"href":"https:\/\/x1eg-staging.duckrabbit.ch\/it\/wp-json\/wp\/v2\/boxes-ages?post=13139"}],"curies":[{"name":"wp","href":"https:\/\/api.w.org\/{rel}","templated":true}]}}