{"id":13115,"date":"2025-02-23T15:29:18","date_gmt":"2025-02-23T15:29:18","guid":{"rendered":"https:\/\/x1eg-staging.duckrabbit.ch\/produit\/jeu-les-animaux-equilibristes-partenariat-wwf-3\/"},"modified":"2025-06-10T10:33:27","modified_gmt":"2025-06-10T10:33:27","slug":"jeu-les-animaux-equilibristes-partenariat-wwf-3","status":"publish","type":"product","link":"https:\/\/x1eg-staging.duckrabbit.ch\/it\/produit\/jeu-les-animaux-equilibristes-partenariat-wwf-3\/","title":{"rendered":"Jeu Les Animaux Equilibristes &#8211; Partenariat WWF\u00ae"},"content":{"rendered":"","protected":false},"excerpt":{"rendered":"<p>Lequel du panda, de la tortue ou de l&#8217;\u00e9l\u00e9phant sera le plus agile afin de se hisser tout en haut de cette construction ? Aux enfants d&#8217;\u00eatre malins et de faire fonctionner leur logique pour empiler les 28 pi\u00e8ces en bois de ce jeu d&#8217;\u00e9quilibre et de faire participer \u00e0 ce grand d\u00e9fi tous les animaux ! Ce jeu d&#8217;\u00e9quilibre 2 en 1 est compos\u00e9 de 28 pi\u00e8ces en bois repr\u00e9sentant \u00e0 la fois les animaux, les arbres et des \u00e9l\u00e9ments compl\u00e9mentaires permettant de stabiliser la construction pendant l&#8217;ascension et de trouver l&#8217;\u00e9quilibre parfait. Toutes ces pi\u00e8ces peuvent \u00e9galement servir de personnages et de d\u00e9cor pour cr\u00e9er de belles aventures dans les petites mains des enfants \u00e0 l&#8217;imagination d\u00e9bordante. Ce jeu accessible \u00e0 partir de 2 ans est id\u00e9al pour d\u00e9velopper adresse et dext\u00e9rit\u00e9. Bois massif certifi\u00e9 FSC\u00ae (bois issu de for\u00eats g\u00e9r\u00e9es durablement). Peinture \u00e0 l&#8217;eau.<\/p>\n","protected":false},"featured_media":1177,"comment_status":"closed","ping_status":"closed","template":"","meta":[],"product_brand":[],"product_cat":[29],"product_tag":[],"boxes-ages":[],"class_list":{"0":"post-13115","1":"product","2":"type-product","3":"status-publish","4":"has-post-thumbnail","6":"product_cat-motricite","8":"first","9":"instock","10":"taxable","11":"shipping-taxable","12":"purchasable","13":"product-type-simple"},"_links":{"self":[{"href":"https:\/\/x1eg-staging.duckrabbit.ch\/it\/wp-json\/wp\/v2\/product\/13115","targetHints":{"allow":["GET"]}}],"collection":[{"href":"https:\/\/x1eg-staging.duckrabbit.ch\/it\/wp-json\/wp\/v2\/product"}],"about":[{"href":"https:\/\/x1eg-staging.duckrabbit.ch\/it\/wp-json\/wp\/v2\/types\/product"}],"replies":[{"embeddable":true,"href":"https:\/\/x1eg-staging.duckrabbit.ch\/it\/wp-json\/wp\/v2\/comments?post=13115"}],"version-history":[{"count":0,"href":"https:\/\/x1eg-staging.duckrabbit.ch\/it\/wp-json\/wp\/v2\/product\/13115\/revisions"}],"wp:featuredmedia":[{"embeddable":true,"href":"https:\/\/x1eg-staging.duckrabbit.ch\/it\/wp-json\/wp\/v2\/media\/1177"}],"wp:attachment":[{"href":"https:\/\/x1eg-staging.duckrabbit.ch\/it\/wp-json\/wp\/v2\/media?parent=13115"}],"wp:term":[{"taxonomy":"product_brand","embeddable":true,"href":"https:\/\/x1eg-staging.duckrabbit.ch\/it\/wp-json\/wp\/v2\/product_brand?post=13115"},{"taxonomy":"product_cat","embeddable":true,"href":"https:\/\/x1eg-staging.duckrabbit.ch\/it\/wp-json\/wp\/v2\/product_cat?post=13115"},{"taxonomy":"product_tag","embeddable":true,"href":"https:\/\/x1eg-staging.duckrabbit.ch\/it\/wp-json\/wp\/v2\/product_tag?post=13115"},{"taxonomy":"boxes-ages","embeddable":true,"href":"https:\/\/x1eg-staging.duckrabbit.ch\/it\/wp-json\/wp\/v2\/boxes-ages?post=13115"}],"curies":[{"name":"wp","href":"https:\/\/api.w.org\/{rel}","templated":true}]}}