{"id":13086,"date":"2025-02-23T15:30:55","date_gmt":"2025-02-23T15:30:55","guid":{"rendered":"https:\/\/x1eg-staging.duckrabbit.ch\/produit\/when-i-dream-3\/"},"modified":"2025-06-10T10:33:24","modified_gmt":"2025-06-10T10:33:24","slug":"when-i-dream-3","status":"publish","type":"product","link":"https:\/\/x1eg-staging.duckrabbit.ch\/it\/produit\/when-i-dream-3\/","title":{"rendered":"When I Dream"},"content":{"rendered":"<p>Avis de l&#8217;expert<br \/>\nCe jeu r\u00e9side dans son \u00e9tape finale o\u00f9 le joueur incarnant le r\u00eaveur doit se souvenir des mots \u00e9nonc\u00e9s pr\u00e9c\u00e9demment. Cette phase est cruciale et met en lumi\u00e8re l&#8217;importance des strat\u00e9gies mn\u00e9siques pour la r\u00e9tention des mots. Par exemple, les joueurs peuvent cr\u00e9er une histoire en utilisant tous les mots \u00e9nonc\u00e9s jusqu&#8217;\u00e0 pr\u00e9sent, favorisant ainsi la consolidation m\u00e9morielle. De plus, la dynamique du jeu s&#8217;appuie sur le fonctionnement en r\u00e9seau s\u00e9mantique des mots, offrant ainsi une opportunit\u00e9 d&#8217;explorer et de renforcer d&#8217;autres strat\u00e9gies mn\u00e9siques de mani\u00e8re r\u00e9troactive.<\/p>\n","protected":false},"excerpt":{"rendered":"<p>When I Dream est un jeu onirique o\u00f9 tous les joueurs incarnent \u00e0 tour de r\u00f4le un r\u00eaveur.<\/p>\n<p>Ce dernier va devoir deviner le plus de mots possible, le temps d\u2019une nuit, repr\u00e9sent\u00e9e par le sablier.<\/p>\n<p>Les autres joueurs vont incarner les esprits du r\u00eave. Il y a 3 esprits diff\u00e9rents :<br \/>\n\u2022 Croque-mitaine<br \/>\n\u2022 Marchand de Sable<br \/>\n\u2022 F\u00e9e<\/p>\n<p>\u00c0 la fin de la manche, le r\u00eaveur conte son r\u00eave afin de faire voyager les autres joueurs&#8230;<\/p>\n<p>Puis les r\u00f4les changent et un nouveau tour commence.<\/p>\n","protected":false},"featured_media":1404,"comment_status":"closed","ping_status":"closed","template":"","meta":[],"product_brand":[],"product_cat":[23,25],"product_tag":[],"boxes-ages":[],"class_list":{"0":"post-13086","1":"product","2":"type-product","3":"status-publish","4":"has-post-thumbnail","6":"product_cat-fonctions-executives","7":"product_cat-memoire","9":"first","10":"instock","11":"taxable","12":"shipping-taxable","13":"purchasable","14":"product-type-simple"},"_links":{"self":[{"href":"https:\/\/x1eg-staging.duckrabbit.ch\/it\/wp-json\/wp\/v2\/product\/13086","targetHints":{"allow":["GET"]}}],"collection":[{"href":"https:\/\/x1eg-staging.duckrabbit.ch\/it\/wp-json\/wp\/v2\/product"}],"about":[{"href":"https:\/\/x1eg-staging.duckrabbit.ch\/it\/wp-json\/wp\/v2\/types\/product"}],"replies":[{"embeddable":true,"href":"https:\/\/x1eg-staging.duckrabbit.ch\/it\/wp-json\/wp\/v2\/comments?post=13086"}],"version-history":[{"count":0,"href":"https:\/\/x1eg-staging.duckrabbit.ch\/it\/wp-json\/wp\/v2\/product\/13086\/revisions"}],"wp:featuredmedia":[{"embeddable":true,"href":"https:\/\/x1eg-staging.duckrabbit.ch\/it\/wp-json\/wp\/v2\/media\/1404"}],"wp:attachment":[{"href":"https:\/\/x1eg-staging.duckrabbit.ch\/it\/wp-json\/wp\/v2\/media?parent=13086"}],"wp:term":[{"taxonomy":"product_brand","embeddable":true,"href":"https:\/\/x1eg-staging.duckrabbit.ch\/it\/wp-json\/wp\/v2\/product_brand?post=13086"},{"taxonomy":"product_cat","embeddable":true,"href":"https:\/\/x1eg-staging.duckrabbit.ch\/it\/wp-json\/wp\/v2\/product_cat?post=13086"},{"taxonomy":"product_tag","embeddable":true,"href":"https:\/\/x1eg-staging.duckrabbit.ch\/it\/wp-json\/wp\/v2\/product_tag?post=13086"},{"taxonomy":"boxes-ages","embeddable":true,"href":"https:\/\/x1eg-staging.duckrabbit.ch\/it\/wp-json\/wp\/v2\/boxes-ages?post=13086"}],"curies":[{"name":"wp","href":"https:\/\/api.w.org\/{rel}","templated":true}]}}