{"id":13084,"date":"2025-02-23T15:30:55","date_gmt":"2025-02-23T15:30:55","guid":{"rendered":"https:\/\/x1eg-staging.duckrabbit.ch\/produit\/cartes-sequences-le-jardin-3\/"},"modified":"2025-06-10T10:33:24","modified_gmt":"2025-06-10T10:33:24","slug":"cartes-sequences-le-jardin-3","status":"publish","type":"product","link":"https:\/\/x1eg-staging.duckrabbit.ch\/it\/produit\/cartes-sequences-le-jardin-3\/","title":{"rendered":"Cartes S\u00e9quences &#8211; Le Jardin"},"content":{"rendered":"","protected":false},"excerpt":{"rendered":"<p>Acqu\u00e9rir la notion de chronologie est une \u00e9tape importante des apprentissages de la maternelle. D\u00e8s la petite section, les enfants commencent \u00e0 se familiariser avec les s\u00e9quences qu&#x27;ils devront apprendre \u00e0 remettre dans le bon ordre. Facilitez cette initiation avec ce joli jeu \u00e9ducatif en bois pour les enfants d\u00e8s 3 ans. Afin de travailler sa logique tout en s&#x27;amusant, l&#x27;enfant devra observer les 4 cartes d&#x27;une sc\u00e8ne et les replacer dans le bon ordre. 10 sc\u00e8nes diff\u00e9rentes sont \u00e0 reconstituer ! Ce jeu permet \u00e0 la fois de d\u00e9velopper la r\u00e9flexion et l&#x27;attention, mais \u00e9galement d&#x27;enrichir le vocabulaire des enfants et leur connaissance de la nature. Comment une graine se transforme-t-elle en fleur ? Comment se forme le papillon ? Le support en bois est tr\u00e8s malin ! Des points de couleurs permettent de v\u00e9rifier le bon emplacement de la carte et l&#x27;enfant est donc capable de s&#x27;amuser en toute autonomie. Dans le cadre d&#x27;un atelier en duo, vous pourrez accompagner votre enfant dans son apprentissage en le laissant placer les cartes sur le support, puis vous expliquer le d\u00e9roulement de la sc\u00e8ne. Une notice explicative vous permettra d&#x27;utiliser au mieux ce jeu destin\u00e9 aux enfants de petite, moyenne et grande section de maternelle. Ce jeu fait partie de la gamme p\u00e9dagogique Janod, d\u00e9velopp\u00e9e en collaboration avec une professeure des \u00e9coles afin de coller au mieux aux apprentissages et aux programmes de chaque niveau. Il est fabriqu\u00e9 en bois et carton FSC\u00ae.<\/p>\n","protected":false},"featured_media":1394,"comment_status":"closed","ping_status":"closed","template":"","meta":[],"product_brand":[],"product_cat":[23,28],"product_tag":[],"boxes-ages":[],"class_list":{"0":"post-13084","1":"product","2":"type-product","3":"status-publish","4":"has-post-thumbnail","6":"product_cat-fonctions-executives","7":"product_cat-mathematiques-et-logique","9":"first","10":"instock","11":"taxable","12":"shipping-taxable","13":"purchasable","14":"product-type-simple"},"_links":{"self":[{"href":"https:\/\/x1eg-staging.duckrabbit.ch\/it\/wp-json\/wp\/v2\/product\/13084","targetHints":{"allow":["GET"]}}],"collection":[{"href":"https:\/\/x1eg-staging.duckrabbit.ch\/it\/wp-json\/wp\/v2\/product"}],"about":[{"href":"https:\/\/x1eg-staging.duckrabbit.ch\/it\/wp-json\/wp\/v2\/types\/product"}],"replies":[{"embeddable":true,"href":"https:\/\/x1eg-staging.duckrabbit.ch\/it\/wp-json\/wp\/v2\/comments?post=13084"}],"version-history":[{"count":0,"href":"https:\/\/x1eg-staging.duckrabbit.ch\/it\/wp-json\/wp\/v2\/product\/13084\/revisions"}],"wp:featuredmedia":[{"embeddable":true,"href":"https:\/\/x1eg-staging.duckrabbit.ch\/it\/wp-json\/wp\/v2\/media\/1394"}],"wp:attachment":[{"href":"https:\/\/x1eg-staging.duckrabbit.ch\/it\/wp-json\/wp\/v2\/media?parent=13084"}],"wp:term":[{"taxonomy":"product_brand","embeddable":true,"href":"https:\/\/x1eg-staging.duckrabbit.ch\/it\/wp-json\/wp\/v2\/product_brand?post=13084"},{"taxonomy":"product_cat","embeddable":true,"href":"https:\/\/x1eg-staging.duckrabbit.ch\/it\/wp-json\/wp\/v2\/product_cat?post=13084"},{"taxonomy":"product_tag","embeddable":true,"href":"https:\/\/x1eg-staging.duckrabbit.ch\/it\/wp-json\/wp\/v2\/product_tag?post=13084"},{"taxonomy":"boxes-ages","embeddable":true,"href":"https:\/\/x1eg-staging.duckrabbit.ch\/it\/wp-json\/wp\/v2\/boxes-ages?post=13084"}],"curies":[{"name":"wp","href":"https:\/\/api.w.org\/{rel}","templated":true}]}}