{"id":13073,"date":"2025-02-23T15:32:09","date_gmt":"2025-02-23T15:32:09","guid":{"rendered":"https:\/\/x1eg-staging.duckrabbit.ch\/produit\/day-night-3\/"},"modified":"2025-06-10T10:33:23","modified_gmt":"2025-06-10T10:33:23","slug":"day-night-3","status":"publish","type":"product","link":"https:\/\/x1eg-staging.duckrabbit.ch\/it\/produit\/day-night-3\/","title":{"rendered":"Day &amp; Night"},"content":{"rendered":"","protected":false},"excerpt":{"rendered":"<p>Ce jeu est con\u00e7u pour les enfants \u00e0 partir de 18 mois, en mode libre, pour leur permettre d&#8217;assembler les pi\u00e8ces de bois selon leur cr\u00e9ativit\u00e9. Les diff\u00e9rentes mati\u00e8res, formes et couleurs stimulent les tout-petits \u00e0 encastrer les pi\u00e8ces de mani\u00e8re infinie.<\/p>\n<p>\u00c0 partir de 3 ans, les joueurs peuvent relever le d\u00e9fi de reconstituer les images illustr\u00e9es sur les pages de d\u00e9fis en pla\u00e7ant toutes les pi\u00e8ces de mani\u00e8re identique au mod\u00e8le. Les deux premiers niveaux demandent de reproduire la configuration clairement dessin\u00e9e, ce qui correspond \u00e0 la version &#8220;jour&#8221;.<\/p>\n<p>Les deux niveaux suivants, de la version &#8220;nuit&#8221;, reprennent les m\u00eames dessins, mais pr\u00e9sentent uniquement les ombres des pi\u00e8ces sans les d\u00e9tails. Les joueurs doivent alors deviner comment les pi\u00e8ces s&#8217;organisent pour reproduire l&#8217;illustration.<\/p>\n<p>La difficult\u00e9 augmente progressivement, passant de la simple reproduction \u00e0 la d\u00e9duction. Le jeu propose 48 d\u00e9fis au total r\u00e9partis en 4 niveaux de difficult\u00e9 pour stimuler les jeunes enfants. C&#8217;est un jeu de casse-t\u00eate en bois adapt\u00e9 aux tout-petits.<\/p>\n","protected":false},"featured_media":1501,"comment_status":"closed","ping_status":"closed","template":"","meta":[],"product_brand":[],"product_cat":[23,28],"product_tag":[],"boxes-ages":[],"class_list":{"0":"post-13073","1":"product","2":"type-product","3":"status-publish","4":"has-post-thumbnail","6":"product_cat-fonctions-executives","7":"product_cat-mathematiques-et-logique","9":"first","10":"instock","11":"taxable","12":"shipping-taxable","13":"purchasable","14":"product-type-simple"},"_links":{"self":[{"href":"https:\/\/x1eg-staging.duckrabbit.ch\/it\/wp-json\/wp\/v2\/product\/13073","targetHints":{"allow":["GET"]}}],"collection":[{"href":"https:\/\/x1eg-staging.duckrabbit.ch\/it\/wp-json\/wp\/v2\/product"}],"about":[{"href":"https:\/\/x1eg-staging.duckrabbit.ch\/it\/wp-json\/wp\/v2\/types\/product"}],"replies":[{"embeddable":true,"href":"https:\/\/x1eg-staging.duckrabbit.ch\/it\/wp-json\/wp\/v2\/comments?post=13073"}],"version-history":[{"count":0,"href":"https:\/\/x1eg-staging.duckrabbit.ch\/it\/wp-json\/wp\/v2\/product\/13073\/revisions"}],"wp:featuredmedia":[{"embeddable":true,"href":"https:\/\/x1eg-staging.duckrabbit.ch\/it\/wp-json\/wp\/v2\/media\/1501"}],"wp:attachment":[{"href":"https:\/\/x1eg-staging.duckrabbit.ch\/it\/wp-json\/wp\/v2\/media?parent=13073"}],"wp:term":[{"taxonomy":"product_brand","embeddable":true,"href":"https:\/\/x1eg-staging.duckrabbit.ch\/it\/wp-json\/wp\/v2\/product_brand?post=13073"},{"taxonomy":"product_cat","embeddable":true,"href":"https:\/\/x1eg-staging.duckrabbit.ch\/it\/wp-json\/wp\/v2\/product_cat?post=13073"},{"taxonomy":"product_tag","embeddable":true,"href":"https:\/\/x1eg-staging.duckrabbit.ch\/it\/wp-json\/wp\/v2\/product_tag?post=13073"},{"taxonomy":"boxes-ages","embeddable":true,"href":"https:\/\/x1eg-staging.duckrabbit.ch\/it\/wp-json\/wp\/v2\/boxes-ages?post=13073"}],"curies":[{"name":"wp","href":"https:\/\/api.w.org\/{rel}","templated":true}]}}