{"id":13047,"date":"2025-02-23T15:33:20","date_gmt":"2025-02-23T15:33:20","guid":{"rendered":"https:\/\/x1eg-staging.duckrabbit.ch\/produit\/pirates-crossfire-2\/"},"modified":"2025-06-10T10:33:21","modified_gmt":"2025-06-10T10:33:21","slug":"pirates-crossfire-2","status":"publish","type":"product","link":"https:\/\/x1eg-staging.duckrabbit.ch\/it\/produit\/pirates-crossfire-2\/","title":{"rendered":"Pirates Crossfire"},"content":{"rendered":"<p>Avis de l&#8217;expert<br \/>\nPirates Crossfire est un jeu de r\u00e9flexion individuel qui permet notamment de travailler la capacit\u00e9 \u00e0 changer de point de vue de l&#8217;enfant. La navy et les pirates s&#8217;affrontent dans les diff\u00e9rents challenges du livret. Ce jeu propose quatre mode diff\u00e9rents : un mode o\u00f9 la navy bat les pirates, un mode o\u00f9 les pirates battent la navy, un mode o\u00f9 la paix est pr\u00e9serv\u00e9e et un mode o\u00f9 les deux camps sont perdants.<\/p>\n<p>L&#8217;ensemble des d\u00e9fis solicite la flexibilit\u00e9 mentale, la planification, la r\u00e9solution de probl\u00e8me, les capacit\u00e9s attentionnelles ainsi que l&#8217;intelligence spatiale. Ce jeu permet ainsi de consolider un large panel de fonctions ex\u00e9cutives essentielles.<\/p>\n","protected":false},"excerpt":{"rendered":"<p>Pirates Crossfire vous propose de revivre les grandes heures de la marine \u00e0 voile et de la piraterie. Deux camps s\u2019opposent pour le contr\u00f4le du commerce : les pirates et la marine royale. Vous devrez ainsi placer aux bons endroits vos vaisseaux afin de faire feu par tribord et b\u00e2bord sur les navires ennemis en d\u00e9gageant une ligne de vue claire ou, au contraire, maintenir la paix de telle sorte qu\u2019aucun navire ne puisse se tirer dessus\u2026<\/p>\n<p>D\u00e9couvrez QUATRE modes de jeu au travers des quatre-vingts d\u00e9fis du livret, vingt par mode, du plus simple au plus difficile.<\/p>\n","protected":false},"featured_media":1574,"comment_status":"closed","ping_status":"closed","template":"","meta":[],"product_brand":[],"product_cat":[23,28,25],"product_tag":[],"boxes-ages":[],"class_list":{"0":"post-13047","1":"product","2":"type-product","3":"status-publish","4":"has-post-thumbnail","6":"product_cat-fonctions-executives","7":"product_cat-mathematiques-et-logique","8":"product_cat-memoire","10":"first","11":"instock","12":"taxable","13":"shipping-taxable","14":"purchasable","15":"product-type-simple"},"_links":{"self":[{"href":"https:\/\/x1eg-staging.duckrabbit.ch\/it\/wp-json\/wp\/v2\/product\/13047","targetHints":{"allow":["GET"]}}],"collection":[{"href":"https:\/\/x1eg-staging.duckrabbit.ch\/it\/wp-json\/wp\/v2\/product"}],"about":[{"href":"https:\/\/x1eg-staging.duckrabbit.ch\/it\/wp-json\/wp\/v2\/types\/product"}],"replies":[{"embeddable":true,"href":"https:\/\/x1eg-staging.duckrabbit.ch\/it\/wp-json\/wp\/v2\/comments?post=13047"}],"version-history":[{"count":0,"href":"https:\/\/x1eg-staging.duckrabbit.ch\/it\/wp-json\/wp\/v2\/product\/13047\/revisions"}],"wp:featuredmedia":[{"embeddable":true,"href":"https:\/\/x1eg-staging.duckrabbit.ch\/it\/wp-json\/wp\/v2\/media\/1574"}],"wp:attachment":[{"href":"https:\/\/x1eg-staging.duckrabbit.ch\/it\/wp-json\/wp\/v2\/media?parent=13047"}],"wp:term":[{"taxonomy":"product_brand","embeddable":true,"href":"https:\/\/x1eg-staging.duckrabbit.ch\/it\/wp-json\/wp\/v2\/product_brand?post=13047"},{"taxonomy":"product_cat","embeddable":true,"href":"https:\/\/x1eg-staging.duckrabbit.ch\/it\/wp-json\/wp\/v2\/product_cat?post=13047"},{"taxonomy":"product_tag","embeddable":true,"href":"https:\/\/x1eg-staging.duckrabbit.ch\/it\/wp-json\/wp\/v2\/product_tag?post=13047"},{"taxonomy":"boxes-ages","embeddable":true,"href":"https:\/\/x1eg-staging.duckrabbit.ch\/it\/wp-json\/wp\/v2\/boxes-ages?post=13047"}],"curies":[{"name":"wp","href":"https:\/\/api.w.org\/{rel}","templated":true}]}}