{"id":13044,"date":"2025-02-23T15:33:20","date_gmt":"2025-02-23T15:33:20","guid":{"rendered":"https:\/\/x1eg-staging.duckrabbit.ch\/produit\/atlantis-escape-3\/"},"modified":"2025-06-10T10:33:21","modified_gmt":"2025-06-10T10:33:21","slug":"atlantis-escape-3","status":"publish","type":"product","link":"https:\/\/x1eg-staging.duckrabbit.ch\/it\/produit\/atlantis-escape-3\/","title":{"rendered":"Atlantis Escape"},"content":{"rendered":"","protected":false},"excerpt":{"rendered":"<p>\u00c9chappez-vous&#8230;. avant qu&#8217;il ne soit trop tard !<\/p>\n<p>Pouvez-vous \u00e9chapper d&#8217;Atlantis avant que cette ville mythique ne disparaisse \u00e0 jamais sous l&#8217;eau ? Trouvez le chemin le plus court de la plus haute tour jusqu&#8217;au port, o\u00f9 un bateau vous attend pour vous mettre en s\u00e9curit\u00e9. Combien de marches avant votre arriv\u00e9e ? Arriverez-vous \u00e0 temps ? \u00ab Atlantis Escape \u00bb est un jeu de puzzle compact avec 60 missions 3D, pratique \u00e0 emporter partout.<\/p>\n","protected":false},"featured_media":1566,"comment_status":"closed","ping_status":"closed","template":"","meta":[],"product_brand":[],"product_cat":[23,28,25],"product_tag":[],"boxes-ages":[],"class_list":{"0":"post-13044","1":"product","2":"type-product","3":"status-publish","4":"has-post-thumbnail","6":"product_cat-fonctions-executives","7":"product_cat-mathematiques-et-logique","8":"product_cat-memoire","10":"first","11":"instock","12":"taxable","13":"shipping-taxable","14":"purchasable","15":"product-type-simple"},"_links":{"self":[{"href":"https:\/\/x1eg-staging.duckrabbit.ch\/it\/wp-json\/wp\/v2\/product\/13044","targetHints":{"allow":["GET"]}}],"collection":[{"href":"https:\/\/x1eg-staging.duckrabbit.ch\/it\/wp-json\/wp\/v2\/product"}],"about":[{"href":"https:\/\/x1eg-staging.duckrabbit.ch\/it\/wp-json\/wp\/v2\/types\/product"}],"replies":[{"embeddable":true,"href":"https:\/\/x1eg-staging.duckrabbit.ch\/it\/wp-json\/wp\/v2\/comments?post=13044"}],"version-history":[{"count":0,"href":"https:\/\/x1eg-staging.duckrabbit.ch\/it\/wp-json\/wp\/v2\/product\/13044\/revisions"}],"wp:featuredmedia":[{"embeddable":true,"href":"https:\/\/x1eg-staging.duckrabbit.ch\/it\/wp-json\/wp\/v2\/media\/1566"}],"wp:attachment":[{"href":"https:\/\/x1eg-staging.duckrabbit.ch\/it\/wp-json\/wp\/v2\/media?parent=13044"}],"wp:term":[{"taxonomy":"product_brand","embeddable":true,"href":"https:\/\/x1eg-staging.duckrabbit.ch\/it\/wp-json\/wp\/v2\/product_brand?post=13044"},{"taxonomy":"product_cat","embeddable":true,"href":"https:\/\/x1eg-staging.duckrabbit.ch\/it\/wp-json\/wp\/v2\/product_cat?post=13044"},{"taxonomy":"product_tag","embeddable":true,"href":"https:\/\/x1eg-staging.duckrabbit.ch\/it\/wp-json\/wp\/v2\/product_tag?post=13044"},{"taxonomy":"boxes-ages","embeddable":true,"href":"https:\/\/x1eg-staging.duckrabbit.ch\/it\/wp-json\/wp\/v2\/boxes-ages?post=13044"}],"curies":[{"name":"wp","href":"https:\/\/api.w.org\/{rel}","templated":true}]}}