{"id":13037,"date":"2025-02-23T15:33:40","date_gmt":"2025-02-23T15:33:40","guid":{"rendered":"https:\/\/x1eg-staging.duckrabbit.ch\/produit\/temple-trap-2\/"},"modified":"2025-06-10T10:33:20","modified_gmt":"2025-06-10T10:33:20","slug":"temple-trap-2","status":"publish","type":"product","link":"https:\/\/x1eg-staging.duckrabbit.ch\/it\/produit\/temple-trap-2\/","title":{"rendered":"Temple Trap"},"content":{"rendered":"","protected":false},"excerpt":{"rendered":"<p>\u00c9chappez au labyrinthe du temple maudit !<\/p>\n<p>Placez les 8 pi\u00e8ces amovibles sur le plan de jeu tel qu&#8217;indiqu\u00e9 sur le livret de r\u00e8gle selon le d\u00e9fi choisi, au bon endroit et dans le bon sens. Aidez-vous des formes g\u00e9om\u00e9triques figurant sur chacune des pi\u00e8ces pour les diff\u00e9rencier.<\/p>\n<p>Puis, faites coulisser une ou plusieurs pi\u00e8ces dans le plan de jeu pour permettre \u00e0 votre pion de se d\u00e9placer \u00e0 son tour jusqu&#8217;\u00e0 un point d&#8217;arr\u00eat possible. R\u00e9p\u00e9tez les d\u00e9placements alternatifs jusqu&#8217;\u00e0 atteindre la seule sortie possible.<\/p>\n<p>Attention, votre aventurier n&#8217;est pas un surhomme : il ne sait ni traverser les murs, ni les escalader et encore moins nager parmi les crocodiles !!!<\/p>\n<p>60 d\u00e9fis r\u00e9partis en 4 niveaux pour tous \u00e2ges vous promettent de riches moments de remue-m\u00e9ninges !<\/p>\n","protected":false},"featured_media":1596,"comment_status":"closed","ping_status":"closed","template":"","meta":[],"product_brand":[],"product_cat":[23,28],"product_tag":[],"boxes-ages":[],"class_list":{"0":"post-13037","1":"product","2":"type-product","3":"status-publish","4":"has-post-thumbnail","6":"product_cat-fonctions-executives","7":"product_cat-mathematiques-et-logique","9":"first","10":"instock","11":"taxable","12":"shipping-taxable","13":"purchasable","14":"product-type-simple"},"_links":{"self":[{"href":"https:\/\/x1eg-staging.duckrabbit.ch\/it\/wp-json\/wp\/v2\/product\/13037","targetHints":{"allow":["GET"]}}],"collection":[{"href":"https:\/\/x1eg-staging.duckrabbit.ch\/it\/wp-json\/wp\/v2\/product"}],"about":[{"href":"https:\/\/x1eg-staging.duckrabbit.ch\/it\/wp-json\/wp\/v2\/types\/product"}],"replies":[{"embeddable":true,"href":"https:\/\/x1eg-staging.duckrabbit.ch\/it\/wp-json\/wp\/v2\/comments?post=13037"}],"version-history":[{"count":0,"href":"https:\/\/x1eg-staging.duckrabbit.ch\/it\/wp-json\/wp\/v2\/product\/13037\/revisions"}],"wp:featuredmedia":[{"embeddable":true,"href":"https:\/\/x1eg-staging.duckrabbit.ch\/it\/wp-json\/wp\/v2\/media\/1596"}],"wp:attachment":[{"href":"https:\/\/x1eg-staging.duckrabbit.ch\/it\/wp-json\/wp\/v2\/media?parent=13037"}],"wp:term":[{"taxonomy":"product_brand","embeddable":true,"href":"https:\/\/x1eg-staging.duckrabbit.ch\/it\/wp-json\/wp\/v2\/product_brand?post=13037"},{"taxonomy":"product_cat","embeddable":true,"href":"https:\/\/x1eg-staging.duckrabbit.ch\/it\/wp-json\/wp\/v2\/product_cat?post=13037"},{"taxonomy":"product_tag","embeddable":true,"href":"https:\/\/x1eg-staging.duckrabbit.ch\/it\/wp-json\/wp\/v2\/product_tag?post=13037"},{"taxonomy":"boxes-ages","embeddable":true,"href":"https:\/\/x1eg-staging.duckrabbit.ch\/it\/wp-json\/wp\/v2\/boxes-ages?post=13037"}],"curies":[{"name":"wp","href":"https:\/\/api.w.org\/{rel}","templated":true}]}}