{"id":13034,"date":"2025-02-23T15:33:40","date_gmt":"2025-02-23T15:33:40","guid":{"rendered":"https:\/\/x1eg-staging.duckrabbit.ch\/produit\/trucky-3-2\/"},"modified":"2025-06-10T10:33:20","modified_gmt":"2025-06-10T10:33:20","slug":"trucky-3-2","status":"publish","type":"product","link":"https:\/\/x1eg-staging.duckrabbit.ch\/it\/produit\/trucky-3-2\/","title":{"rendered":"Trucky 3"},"content":{"rendered":"","protected":false},"excerpt":{"rendered":"<p>Les trois camions Groseille, Citron et Pruneau sont en chemin vers leur prochaine destination. Ils doivent transporter des affaires, mais ils ne savent pas si elles tiendront toutes dans leurs bennes transparentes.<br \/>\nPouvez-vous les aider \u00e0 tout emporter ?<\/p>\n<p>Trucky 3 est un jeu de r\u00e9flexion \u00e9volutif qui suivra les progr\u00e8s accomplis par votre enfant. Il consid\u00e9rera d&#8217;abord les camions en bois comme des jouets qu&#8217;il pourra remplir et d\u00e9placer.<\/p>\n<p>Ensuite, il voudra r\u00e9soudre les 48 d\u00e9fis qui lui seront propos\u00e9s dans le livret. Les exercices sont d&#8217;abord faciles et gagnent ensuite en complexit\u00e9.<\/p>\n","protected":false},"featured_media":1588,"comment_status":"closed","ping_status":"closed","template":"","meta":[],"product_brand":[],"product_cat":[23,28],"product_tag":[],"boxes-ages":[],"class_list":{"0":"post-13034","1":"product","2":"type-product","3":"status-publish","4":"has-post-thumbnail","6":"product_cat-fonctions-executives","7":"product_cat-mathematiques-et-logique","9":"first","10":"instock","11":"taxable","12":"shipping-taxable","13":"purchasable","14":"product-type-simple"},"_links":{"self":[{"href":"https:\/\/x1eg-staging.duckrabbit.ch\/it\/wp-json\/wp\/v2\/product\/13034","targetHints":{"allow":["GET"]}}],"collection":[{"href":"https:\/\/x1eg-staging.duckrabbit.ch\/it\/wp-json\/wp\/v2\/product"}],"about":[{"href":"https:\/\/x1eg-staging.duckrabbit.ch\/it\/wp-json\/wp\/v2\/types\/product"}],"replies":[{"embeddable":true,"href":"https:\/\/x1eg-staging.duckrabbit.ch\/it\/wp-json\/wp\/v2\/comments?post=13034"}],"version-history":[{"count":0,"href":"https:\/\/x1eg-staging.duckrabbit.ch\/it\/wp-json\/wp\/v2\/product\/13034\/revisions"}],"wp:featuredmedia":[{"embeddable":true,"href":"https:\/\/x1eg-staging.duckrabbit.ch\/it\/wp-json\/wp\/v2\/media\/1588"}],"wp:attachment":[{"href":"https:\/\/x1eg-staging.duckrabbit.ch\/it\/wp-json\/wp\/v2\/media?parent=13034"}],"wp:term":[{"taxonomy":"product_brand","embeddable":true,"href":"https:\/\/x1eg-staging.duckrabbit.ch\/it\/wp-json\/wp\/v2\/product_brand?post=13034"},{"taxonomy":"product_cat","embeddable":true,"href":"https:\/\/x1eg-staging.duckrabbit.ch\/it\/wp-json\/wp\/v2\/product_cat?post=13034"},{"taxonomy":"product_tag","embeddable":true,"href":"https:\/\/x1eg-staging.duckrabbit.ch\/it\/wp-json\/wp\/v2\/product_tag?post=13034"},{"taxonomy":"boxes-ages","embeddable":true,"href":"https:\/\/x1eg-staging.duckrabbit.ch\/it\/wp-json\/wp\/v2\/boxes-ages?post=13034"}],"curies":[{"name":"wp","href":"https:\/\/api.w.org\/{rel}","templated":true}]}}