{"id":13028,"date":"2025-02-23T15:34:03","date_gmt":"2025-02-23T15:34:03","guid":{"rendered":"https:\/\/x1eg-staging.duckrabbit.ch\/produit\/pirates-jr-hide-seek-2\/"},"modified":"2025-06-10T10:33:20","modified_gmt":"2025-06-10T10:33:20","slug":"pirates-jr-hide-seek-2","status":"publish","type":"product","link":"https:\/\/x1eg-staging.duckrabbit.ch\/it\/produit\/pirates-jr-hide-seek-2\/","title":{"rendered":"Pirates Jr Hide &amp; Seek"},"content":{"rendered":"<h3>This is a full description test<\/h3>\n<h4>Here is the education section<\/h4>\n<h4>Here is the game content section<\/h4>\n<h4>Here is the game description section<\/h4>\n<h3>Here is the challenges section<\/h3>\n<ul>\n<li>Contr\u00f4ler la compr\u00e9hension de l&#8217;information<\/li>\n<li>Se concentrer sur une t\u00e2che donn\u00e9e pendant 12 \u00e0 18 minutes<\/li>\n<li>Suivre des principes logiques et penser de mani\u00e8re abstraite<\/li>\n<\/ul>\n","protected":false},"excerpt":{"rendered":"<p>Fabriqu\u00e9e en contreplaqu\u00e9 de haute qualit\u00e9, cette ferme a \u00e9t\u00e9 con\u00e7ue pour \u00eatre ouverte et accessible aux petites mains. Elle comprend une grange avec des portes et une mangeoire, 2 \u00e9curies avec des portes ouvrantes, une \u00e9chelle menant au grenier \u00e0 foin, un syst\u00e8me de poulie avec une extr\u00e9mit\u00e9 magn\u00e9tique pour soulever les balles de foin, une \u00e9table avec des compartiments d&#8217;alimentation, quatre cl\u00f4tures, un \u00e9chalier, trois balles de foin, 2 oies, 2 chevaux, une mangeoire \u00e0 grains, une mangeoire pour animaux, une ruche et 6 b\u00fbches.<\/p>\n","protected":false},"featured_media":1609,"comment_status":"closed","ping_status":"closed","template":"","meta":[],"product_brand":[],"product_cat":[23,28],"product_tag":[],"boxes-ages":[],"class_list":{"0":"post-13028","1":"product","2":"type-product","3":"status-publish","4":"has-post-thumbnail","6":"product_cat-fonctions-executives","7":"product_cat-mathematiques-et-logique","9":"first","10":"instock","11":"taxable","12":"shipping-taxable","13":"purchasable","14":"product-type-simple"},"_links":{"self":[{"href":"https:\/\/x1eg-staging.duckrabbit.ch\/it\/wp-json\/wp\/v2\/product\/13028","targetHints":{"allow":["GET"]}}],"collection":[{"href":"https:\/\/x1eg-staging.duckrabbit.ch\/it\/wp-json\/wp\/v2\/product"}],"about":[{"href":"https:\/\/x1eg-staging.duckrabbit.ch\/it\/wp-json\/wp\/v2\/types\/product"}],"replies":[{"embeddable":true,"href":"https:\/\/x1eg-staging.duckrabbit.ch\/it\/wp-json\/wp\/v2\/comments?post=13028"}],"version-history":[{"count":0,"href":"https:\/\/x1eg-staging.duckrabbit.ch\/it\/wp-json\/wp\/v2\/product\/13028\/revisions"}],"wp:featuredmedia":[{"embeddable":true,"href":"https:\/\/x1eg-staging.duckrabbit.ch\/it\/wp-json\/wp\/v2\/media\/1609"}],"wp:attachment":[{"href":"https:\/\/x1eg-staging.duckrabbit.ch\/it\/wp-json\/wp\/v2\/media?parent=13028"}],"wp:term":[{"taxonomy":"product_brand","embeddable":true,"href":"https:\/\/x1eg-staging.duckrabbit.ch\/it\/wp-json\/wp\/v2\/product_brand?post=13028"},{"taxonomy":"product_cat","embeddable":true,"href":"https:\/\/x1eg-staging.duckrabbit.ch\/it\/wp-json\/wp\/v2\/product_cat?post=13028"},{"taxonomy":"product_tag","embeddable":true,"href":"https:\/\/x1eg-staging.duckrabbit.ch\/it\/wp-json\/wp\/v2\/product_tag?post=13028"},{"taxonomy":"boxes-ages","embeddable":true,"href":"https:\/\/x1eg-staging.duckrabbit.ch\/it\/wp-json\/wp\/v2\/boxes-ages?post=13028"}],"curies":[{"name":"wp","href":"https:\/\/api.w.org\/{rel}","templated":true}]}}