{"id":13025,"date":"2025-02-23T15:35:46","date_gmt":"2025-02-23T15:35:46","guid":{"rendered":"https:\/\/x1eg-staging.duckrabbit.ch\/produit\/little-cooperation-2\/"},"modified":"2025-06-10T10:33:19","modified_gmt":"2025-06-10T10:33:19","slug":"little-cooperation-2","status":"publish","type":"product","link":"https:\/\/x1eg-staging.duckrabbit.ch\/it\/produit\/little-cooperation-2\/","title":{"rendered":"Little Cooperation"},"content":{"rendered":"<p>Avis de l&#8217;expert<br \/>\nLittle Cooperation offre une exp\u00e9rience \u00e9ducative unique en tant que premier jeu de collaboration pour les jeunes enfants, les aidants \u00e0 comprendre les concepts de victoires et d\u00e9faites collaboratives.<br \/>\nCe jeu encourage les enfants de 2 ans et demi \u00e0 5 ans \u00e0 reconna\u00eetre et \u00e0 g\u00e9rer leur \u00e9motions tout en renfor\u00e7ant les liens entre eux.<\/p>\n","protected":false},"excerpt":{"rendered":"<p>L&#8217;un des premiers jeux de collaboration pour les enfants. L&#8217;objectif de ce jeu est d&#8217;apprendre \u00e0 gagner ou \u00e0 perdre ensemble.<\/p>\n<p>La nuit va tomber, aidons les petits p\u00eacheurs \u00e0 rentrer \u00e0 la maison.<\/p>\n<p>Les animaux sont plac\u00e9s sur le plateau de d\u00e9part \u00ab banquise \u00bb. Le d\u00e9 est lanc\u00e9. Face pont : un animal avance de la banquise vers le pont. Face igloo : un animal avance du pont vers l\u2019igloo. Face gla\u00e7ons : le pont se met \u00e0 fondre et on enl\u00e8ve l\u2019un des piliers. Si tous les animaux arrivent \u00e0 l\u2019igloo avant que le pont ne s\u2019\u00e9croule, c\u2019est gagn\u00e9 !<\/p>\n","protected":false},"featured_media":1664,"comment_status":"closed","ping_status":"closed","template":"","meta":[],"product_brand":[],"product_cat":[22],"product_tag":[],"boxes-ages":[],"class_list":{"0":"post-13025","1":"product","2":"type-product","3":"status-publish","4":"has-post-thumbnail","6":"product_cat-competences-sociales","8":"first","9":"instock","10":"taxable","11":"shipping-taxable","12":"purchasable","13":"product-type-simple"},"_links":{"self":[{"href":"https:\/\/x1eg-staging.duckrabbit.ch\/it\/wp-json\/wp\/v2\/product\/13025","targetHints":{"allow":["GET"]}}],"collection":[{"href":"https:\/\/x1eg-staging.duckrabbit.ch\/it\/wp-json\/wp\/v2\/product"}],"about":[{"href":"https:\/\/x1eg-staging.duckrabbit.ch\/it\/wp-json\/wp\/v2\/types\/product"}],"replies":[{"embeddable":true,"href":"https:\/\/x1eg-staging.duckrabbit.ch\/it\/wp-json\/wp\/v2\/comments?post=13025"}],"version-history":[{"count":0,"href":"https:\/\/x1eg-staging.duckrabbit.ch\/it\/wp-json\/wp\/v2\/product\/13025\/revisions"}],"wp:featuredmedia":[{"embeddable":true,"href":"https:\/\/x1eg-staging.duckrabbit.ch\/it\/wp-json\/wp\/v2\/media\/1664"}],"wp:attachment":[{"href":"https:\/\/x1eg-staging.duckrabbit.ch\/it\/wp-json\/wp\/v2\/media?parent=13025"}],"wp:term":[{"taxonomy":"product_brand","embeddable":true,"href":"https:\/\/x1eg-staging.duckrabbit.ch\/it\/wp-json\/wp\/v2\/product_brand?post=13025"},{"taxonomy":"product_cat","embeddable":true,"href":"https:\/\/x1eg-staging.duckrabbit.ch\/it\/wp-json\/wp\/v2\/product_cat?post=13025"},{"taxonomy":"product_tag","embeddable":true,"href":"https:\/\/x1eg-staging.duckrabbit.ch\/it\/wp-json\/wp\/v2\/product_tag?post=13025"},{"taxonomy":"boxes-ages","embeddable":true,"href":"https:\/\/x1eg-staging.duckrabbit.ch\/it\/wp-json\/wp\/v2\/boxes-ages?post=13025"}],"curies":[{"name":"wp","href":"https:\/\/api.w.org\/{rel}","templated":true}]}}