{"id":13012,"date":"2025-02-23T15:36:29","date_gmt":"2025-02-23T15:36:29","guid":{"rendered":"https:\/\/x1eg-staging.duckrabbit.ch\/produit\/pure-escargot-a-promener-2\/"},"modified":"2025-06-10T10:33:18","modified_gmt":"2025-06-10T10:33:18","slug":"pure-escargot-a-promener-2","status":"publish","type":"product","link":"https:\/\/x1eg-staging.duckrabbit.ch\/it\/produit\/pure-escargot-a-promener-2\/","title":{"rendered":"Pure &#8211; Escargot \u00e0 promener"},"content":{"rendered":"","protected":false},"excerpt":{"rendered":"<p>Petit escargot, porte sur son dos, sa maisonnette ! Cet escargot rigolo en bois \u00e0 promener et aux jolies couleurs printani\u00e8res va amuser les tout-petits d\u00e8s 1 an. La coquille tourne lorsqu&#x27;on le prom\u00e8ne et s&#x27;enl\u00e8ve pour r\u00e9v\u00e9ler un tambourin et un petit xylophone ! Les antennes de l&#x27;escargot sont \u00e9galement amovibles et deviennent des baguettes pour tapoter sur le xylophone et le tambourin. Ce joli jouet premier \u00e2ge deviendra le compagnon pr\u00e9f\u00e9r\u00e9 de votre b\u00e9b\u00e9, l&#x27;\u00e9veillera \u00e0 la musique de fa\u00e7on ludique et l&#x27;incitera \u00e0 se d\u00e9placer. Gr\u00e2ce \u00e0 sa petite taille, votre enfant pourra l&#x27;emmener partout, en vacances ou encore chez tonton et tata. Ce jouet est peint \u00e0 la peinture \u00e0 l&#x27;eau, votre enfant peut le porter \u00e0 sa bouche en toute s\u00e9curit\u00e9.<\/p>\n","protected":false},"featured_media":1705,"comment_status":"closed","ping_status":"closed","template":"","meta":[],"product_brand":[],"product_cat":[29,30],"product_tag":[],"boxes-ages":[],"class_list":{"0":"post-13012","1":"product","2":"type-product","3":"status-publish","4":"has-post-thumbnail","6":"product_cat-motricite","7":"product_cat-perception","9":"first","10":"instock","11":"taxable","12":"shipping-taxable","13":"purchasable","14":"product-type-simple"},"_links":{"self":[{"href":"https:\/\/x1eg-staging.duckrabbit.ch\/it\/wp-json\/wp\/v2\/product\/13012","targetHints":{"allow":["GET"]}}],"collection":[{"href":"https:\/\/x1eg-staging.duckrabbit.ch\/it\/wp-json\/wp\/v2\/product"}],"about":[{"href":"https:\/\/x1eg-staging.duckrabbit.ch\/it\/wp-json\/wp\/v2\/types\/product"}],"replies":[{"embeddable":true,"href":"https:\/\/x1eg-staging.duckrabbit.ch\/it\/wp-json\/wp\/v2\/comments?post=13012"}],"version-history":[{"count":0,"href":"https:\/\/x1eg-staging.duckrabbit.ch\/it\/wp-json\/wp\/v2\/product\/13012\/revisions"}],"wp:featuredmedia":[{"embeddable":true,"href":"https:\/\/x1eg-staging.duckrabbit.ch\/it\/wp-json\/wp\/v2\/media\/1705"}],"wp:attachment":[{"href":"https:\/\/x1eg-staging.duckrabbit.ch\/it\/wp-json\/wp\/v2\/media?parent=13012"}],"wp:term":[{"taxonomy":"product_brand","embeddable":true,"href":"https:\/\/x1eg-staging.duckrabbit.ch\/it\/wp-json\/wp\/v2\/product_brand?post=13012"},{"taxonomy":"product_cat","embeddable":true,"href":"https:\/\/x1eg-staging.duckrabbit.ch\/it\/wp-json\/wp\/v2\/product_cat?post=13012"},{"taxonomy":"product_tag","embeddable":true,"href":"https:\/\/x1eg-staging.duckrabbit.ch\/it\/wp-json\/wp\/v2\/product_tag?post=13012"},{"taxonomy":"boxes-ages","embeddable":true,"href":"https:\/\/x1eg-staging.duckrabbit.ch\/it\/wp-json\/wp\/v2\/boxes-ages?post=13012"}],"curies":[{"name":"wp","href":"https:\/\/api.w.org\/{rel}","templated":true}]}}