{"id":12982,"date":"2025-02-23T15:37:45","date_gmt":"2025-02-23T15:37:45","guid":{"rendered":"https:\/\/x1eg-staging.duckrabbit.ch\/produit\/jeu-equilibre-et-couleurs-paresseux-partenariat-wwf-2\/"},"modified":"2025-06-10T10:33:16","modified_gmt":"2025-06-10T10:33:16","slug":"jeu-equilibre-et-couleurs-paresseux-partenariat-wwf-2","status":"publish","type":"product","link":"https:\/\/x1eg-staging.duckrabbit.ch\/it\/produit\/jeu-equilibre-et-couleurs-paresseux-partenariat-wwf-2\/","title":{"rendered":"Jeu \u00c9quilibre et Couleurs Paresseux &#8211; Partenariat WWF\u00ae"},"content":{"rendered":"","protected":false},"excerpt":{"rendered":"<p>Il est l&#8217;heure de la sieste pour nos amis paresseux ! Mais attention, chacun d&#8217;eux doit retrouver la branche de sa couleur (bleu, jaune, orange) et ils doivent tous tenir sur leur arbre favori \u00e0 bascule sans faire tomber les autres ! Cet original et joli jeu d&#8217;\u00e9quilibre demandera de l&#8217;adresse aux enfants \u00e0 partir de 2 ans. Qui sera le plus prudent et qui saura associer le bon paresseux \u00e0 la bonne branche ? Ce jeu d\u00e9veloppe la dext\u00e9rit\u00e9 et familiarise les enfants avec les couleurs. Bois massif certifi\u00e9 FSC\u00ae (bois issu de for\u00eats g\u00e9r\u00e9es durablement). Beau support en bois naturel et peinture \u00e0 l&#8217;eau.<\/p>\n<p>Le saviez-vous ? Le paresseux peut pivoter sa t\u00eate sur pr\u00e8s de 270 degr\u00e9s, un record chez les animaux ! Jouet d\u00e9velopp\u00e9 en collaboration avec WWF\u00ae. Janod soutient les efforts du WWF\u00ae pour prot\u00e9ger l\u2019environnement et la biodiversit\u00e9 gr\u00e2ce \u00e0 une nouvelle gamme de jouets fabriqu\u00e9s \u00e0 partir de mat\u00e9riaux plus durables. \u00c0 travers cette gamme, nous visons \u00e0 inspirer et \u00e0 permettre \u00e0 la jeune g\u00e9n\u00e9ration de se mobiliser pour la faune et la nature.<\/p>\n","protected":false},"featured_media":1824,"comment_status":"closed","ping_status":"closed","template":"","meta":[],"product_brand":[],"product_cat":[23,29,30],"product_tag":[],"boxes-ages":[],"class_list":{"0":"post-12982","1":"product","2":"type-product","3":"status-publish","4":"has-post-thumbnail","6":"product_cat-fonctions-executives","7":"product_cat-motricite","8":"product_cat-perception","10":"first","11":"instock","12":"taxable","13":"shipping-taxable","14":"purchasable","15":"product-type-simple"},"_links":{"self":[{"href":"https:\/\/x1eg-staging.duckrabbit.ch\/it\/wp-json\/wp\/v2\/product\/12982","targetHints":{"allow":["GET"]}}],"collection":[{"href":"https:\/\/x1eg-staging.duckrabbit.ch\/it\/wp-json\/wp\/v2\/product"}],"about":[{"href":"https:\/\/x1eg-staging.duckrabbit.ch\/it\/wp-json\/wp\/v2\/types\/product"}],"replies":[{"embeddable":true,"href":"https:\/\/x1eg-staging.duckrabbit.ch\/it\/wp-json\/wp\/v2\/comments?post=12982"}],"version-history":[{"count":0,"href":"https:\/\/x1eg-staging.duckrabbit.ch\/it\/wp-json\/wp\/v2\/product\/12982\/revisions"}],"wp:featuredmedia":[{"embeddable":true,"href":"https:\/\/x1eg-staging.duckrabbit.ch\/it\/wp-json\/wp\/v2\/media\/1824"}],"wp:attachment":[{"href":"https:\/\/x1eg-staging.duckrabbit.ch\/it\/wp-json\/wp\/v2\/media?parent=12982"}],"wp:term":[{"taxonomy":"product_brand","embeddable":true,"href":"https:\/\/x1eg-staging.duckrabbit.ch\/it\/wp-json\/wp\/v2\/product_brand?post=12982"},{"taxonomy":"product_cat","embeddable":true,"href":"https:\/\/x1eg-staging.duckrabbit.ch\/it\/wp-json\/wp\/v2\/product_cat?post=12982"},{"taxonomy":"product_tag","embeddable":true,"href":"https:\/\/x1eg-staging.duckrabbit.ch\/it\/wp-json\/wp\/v2\/product_tag?post=12982"},{"taxonomy":"boxes-ages","embeddable":true,"href":"https:\/\/x1eg-staging.duckrabbit.ch\/it\/wp-json\/wp\/v2\/boxes-ages?post=12982"}],"curies":[{"name":"wp","href":"https:\/\/api.w.org\/{rel}","templated":true}]}}