{"id":12976,"date":"2025-02-23T15:37:45","date_gmt":"2025-02-23T15:37:45","guid":{"rendered":"https:\/\/x1eg-staging.duckrabbit.ch\/produit\/cubes-sonores-la-ferme-2\/"},"modified":"2025-10-08T14:04:55","modified_gmt":"2025-10-08T14:04:55","slug":"cubes-sonores-la-ferme-2","status":"publish","type":"product","link":"https:\/\/x1eg-staging.duckrabbit.ch\/it\/produit\/cubes-sonores-la-ferme-2\/","title":{"rendered":"Cubes Sonores &#8211; La Ferme"},"content":{"rendered":"","protected":false},"excerpt":{"rendered":"<p>Dans ces cubes sonores, ni pile ni \u00e9lectronique ! Les bruits tout doux sont obtenus gr\u00e2ce \u00e0 des billes, du sable et des perles enferm\u00e9es \u00e0 l\u2019int\u00e9rieur des cubes. La vache ne fera donc pas \u00ab meuuuuh \u00bb, mais \u00ab tchik tchik \u00bb. Les petits d\u00e9couvriront avec curiosit\u00e9 le bruit de chaque animal.<\/p>\n<p>Comme les petits \u00e0 partir de 18 mois sont de v\u00e9ritables aventuriers, nos cubes sont en bois, ce qui les rend tr\u00e8s r\u00e9sistants aux diff\u00e9rents chocs. La peinture utilis\u00e9e est \u00e9videmment non toxique pour les petits qui mettent encore tout \u00e0 la bouche vers 18 mois. L&#8217;univers tr\u00e8s color\u00e9 de la ferme peupl\u00e9 de nombreux animaux ravira tous les bout&#8217;choux.<\/p>\n<p>Les enfants \u00e0 partir de 18 mois vont s&#8217;\u00e9veiller et s\u2019amuser avec ce jeu cr\u00e9atif et sensoriel. Les cubes sont de formes et de couleurs diff\u00e9rentes, et des sons tout doux pour les oreilles.<br \/>\nCes cubes en bois permettent de multiples associations et empilages, faisant d\u00e9couvrir aux tout-petits les lois de l\u2019\u00e9quilibre et de la gravit\u00e9. Pas besoin de mod\u00e8les, l\u2019esprit cr\u00e9atif de votre b\u00e9b\u00e9 suffit ! Seul b\u00e9mol ? Marcher sur un cube oubli\u00e9 dans le salon en pleine nuit !<\/p>\n<p>Lorsque votre enfant joue avec nos cubes d\u2019activit\u00e9s, il fait appel et d\u00e9veloppe de nombreuses capacit\u00e9s : concentration, coordination, habilet\u00e9 motrice, cr\u00e9ativit\u00e9. Ces cubes en bois lui permettent de d\u00e9couvrir les animaux de la ferme, et enrichissent son vocabulaire. V\u00e9ritable jeu d\u2019\u00e9veil, les cubes en bois accompagnent les enfants pendant de nombreuses ann\u00e9es.<\/p>\n<p>Ce jeu d&#8217;\u00e9veil est joliment d\u00e9cor\u00e9 par l\u2019artiste M\u00e9lusine ALLIROL. Elle partage l&#8217;histoire VILAC depuis de nombreuses ann\u00e9es et propose un univers frais et color\u00e9, qui se marie \u00e0 merveille au monde du jouet. Illustratrice sp\u00e9cialis\u00e9e dans la petite enfance, elle travaille principalement pour l\u2019\u00e9dition, et parfois pour la d\u00e9coration et le textile.<\/p>\n","protected":false},"featured_media":1802,"comment_status":"closed","ping_status":"closed","template":"","meta":[],"product_brand":[],"product_cat":[29,30],"product_tag":[],"boxes-ages":[],"class_list":{"0":"post-12976","1":"product","2":"type-product","3":"status-publish","4":"has-post-thumbnail","6":"product_cat-motricite","7":"product_cat-perception","9":"first","10":"instock","11":"taxable","12":"shipping-taxable","13":"purchasable","14":"product-type-simple"},"_links":{"self":[{"href":"https:\/\/x1eg-staging.duckrabbit.ch\/it\/wp-json\/wp\/v2\/product\/12976","targetHints":{"allow":["GET"]}}],"collection":[{"href":"https:\/\/x1eg-staging.duckrabbit.ch\/it\/wp-json\/wp\/v2\/product"}],"about":[{"href":"https:\/\/x1eg-staging.duckrabbit.ch\/it\/wp-json\/wp\/v2\/types\/product"}],"replies":[{"embeddable":true,"href":"https:\/\/x1eg-staging.duckrabbit.ch\/it\/wp-json\/wp\/v2\/comments?post=12976"}],"version-history":[{"count":0,"href":"https:\/\/x1eg-staging.duckrabbit.ch\/it\/wp-json\/wp\/v2\/product\/12976\/revisions"}],"wp:featuredmedia":[{"embeddable":true,"href":"https:\/\/x1eg-staging.duckrabbit.ch\/it\/wp-json\/wp\/v2\/media\/1802"}],"wp:attachment":[{"href":"https:\/\/x1eg-staging.duckrabbit.ch\/it\/wp-json\/wp\/v2\/media?parent=12976"}],"wp:term":[{"taxonomy":"product_brand","embeddable":true,"href":"https:\/\/x1eg-staging.duckrabbit.ch\/it\/wp-json\/wp\/v2\/product_brand?post=12976"},{"taxonomy":"product_cat","embeddable":true,"href":"https:\/\/x1eg-staging.duckrabbit.ch\/it\/wp-json\/wp\/v2\/product_cat?post=12976"},{"taxonomy":"product_tag","embeddable":true,"href":"https:\/\/x1eg-staging.duckrabbit.ch\/it\/wp-json\/wp\/v2\/product_tag?post=12976"},{"taxonomy":"boxes-ages","embeddable":true,"href":"https:\/\/x1eg-staging.duckrabbit.ch\/it\/wp-json\/wp\/v2\/boxes-ages?post=12976"}],"curies":[{"name":"wp","href":"https:\/\/api.w.org\/{rel}","templated":true}]}}