{"id":12973,"date":"2025-02-23T15:37:45","date_gmt":"2025-02-23T15:37:45","guid":{"rendered":"https:\/\/x1eg-staging.duckrabbit.ch\/produit\/jouet-de-dentition-ramona-the-radish-2\/"},"modified":"2025-06-10T10:33:15","modified_gmt":"2025-06-10T10:33:15","slug":"jouet-de-dentition-ramona-the-radish-2","status":"publish","type":"product","link":"https:\/\/x1eg-staging.duckrabbit.ch\/it\/produit\/jouet-de-dentition-ramona-the-radish-2\/","title":{"rendered":"Jouet de Dentition &#8211; Ramona the Radish"},"content":{"rendered":"","protected":false},"excerpt":{"rendered":"<p>Ramona the Radish est un jouet de dentition en forme de l\u00e9gumes qui stimulera les sens des b\u00e9b\u00e9s tout en apaisant les petites gencives. Sa taille est parfaite pour que les enfants s&#8217;accrochent et ses textures r\u00e9alistes aideront \u00e0 d\u00e9velopper le sens du toucher des enfants. Initiez les enfants \u00e0 un mode de vie sain d\u00e8s leur plus jeune \u00e2ge ! Il deviendra l&#8217;anneau de dentition, le jouet de bain et le jouet sensoriel pr\u00e9f\u00e9r\u00e9 des b\u00e9b\u00e9s et des enfants.<\/p>\n<p>Ce produit est parfait comme anneau de dentition pour b\u00e9b\u00e9, jouet pour b\u00e9b\u00e9s et enfants, jouet de bain, pour jeu sensoriel et objet de d\u00e9coration. Il est fabriqu\u00e9 selon un proc\u00e9d\u00e9 artisanal, durable et respectueux de l&#8217;environnement avec du caoutchouc 100% naturel issu d&#8217;h\u00e9v\u00e9as. Comme il est fait d&#8217;un seul tenant et sans trous, il \u00e9vite la cr\u00e9ation de bact\u00e9ries \u00e0 l&#8217;int\u00e9rieur. Peint \u00e0 la main avec des pigments naturels un par un, il n&#8217;y en a donc pas deux pareils !<\/p>\n<p>\u2022 Fabriqu\u00e9 \u00e0 partir de caoutchouc 100% naturel des h\u00e9v\u00e9as.<br \/>\n\u2022 Stimule les sens de b\u00e9b\u00e9 et apaise les gencives de dentition.<br \/>\n\u2022 R\u00e9alisme et couleur pour attirer les enfants et d\u00e9velopper l&#8217;imagination<br \/>\n\u2022 Plein de textures pour le jeu sensoriel et spongieux pour apaiser les gencives qui font leurs dents.<br \/>\n\u2022 Peint \u00e0 la main avec des pigments naturels en prenant soin de chaque d\u00e9tail. Chaque pi\u00e8ce est fabriqu\u00e9e \u00e0 la main, de l\u00e9g\u00e8res variations de couleur et de forme sont normales.<br \/>\n\u2022 Fabriqu\u00e9 sans trous, emp\u00eachant la cr\u00e9ation de bact\u00e9ries et de moisissures. Flotte en toute s\u00e9curit\u00e9 sur l&#8217;eau. Tr\u00e8s hygi\u00e9nique et sans moisissure.<br \/>\n\u2022 Tranche d&#8217;\u00e2ge : 0+ certifi\u00e9. Recommand\u00e9 pour les b\u00e9b\u00e9s pour la dentition et les enfants plus \u00e2g\u00e9s pour l&#8217;heure du bain et les jeux de r\u00f4le.<br \/>\n\u2022 Con\u00e7u pour \u00eatre facile \u00e0 saisir, doux et flexible pour les enfants.<br \/>\n\u2022 Utilis\u00e9 comme jouets de dentition, jouets de bain, jouets sensoriels et objets d\u00e9coratifs.<br \/>\n\u2022 Sans PVC, BPA, Phtalates et Nitrosamines. Compl\u00e8tement sans danger pour les enfants, non toxique.<br \/>\n\u2022 Faible empreinte carbone et respectueux de l&#8217;environnement.<br \/>\n\u2022 7,1 x 15,3 x 4,5 cm<\/p>\n","protected":false},"featured_media":1795,"comment_status":"closed","ping_status":"closed","template":"","meta":[],"product_brand":[],"product_cat":[30],"product_tag":[],"boxes-ages":[],"class_list":{"0":"post-12973","1":"product","2":"type-product","3":"status-publish","4":"has-post-thumbnail","6":"product_cat-perception","8":"first","9":"instock","10":"taxable","11":"shipping-taxable","12":"purchasable","13":"product-type-simple"},"_links":{"self":[{"href":"https:\/\/x1eg-staging.duckrabbit.ch\/it\/wp-json\/wp\/v2\/product\/12973","targetHints":{"allow":["GET"]}}],"collection":[{"href":"https:\/\/x1eg-staging.duckrabbit.ch\/it\/wp-json\/wp\/v2\/product"}],"about":[{"href":"https:\/\/x1eg-staging.duckrabbit.ch\/it\/wp-json\/wp\/v2\/types\/product"}],"replies":[{"embeddable":true,"href":"https:\/\/x1eg-staging.duckrabbit.ch\/it\/wp-json\/wp\/v2\/comments?post=12973"}],"version-history":[{"count":0,"href":"https:\/\/x1eg-staging.duckrabbit.ch\/it\/wp-json\/wp\/v2\/product\/12973\/revisions"}],"wp:featuredmedia":[{"embeddable":true,"href":"https:\/\/x1eg-staging.duckrabbit.ch\/it\/wp-json\/wp\/v2\/media\/1795"}],"wp:attachment":[{"href":"https:\/\/x1eg-staging.duckrabbit.ch\/it\/wp-json\/wp\/v2\/media?parent=12973"}],"wp:term":[{"taxonomy":"product_brand","embeddable":true,"href":"https:\/\/x1eg-staging.duckrabbit.ch\/it\/wp-json\/wp\/v2\/product_brand?post=12973"},{"taxonomy":"product_cat","embeddable":true,"href":"https:\/\/x1eg-staging.duckrabbit.ch\/it\/wp-json\/wp\/v2\/product_cat?post=12973"},{"taxonomy":"product_tag","embeddable":true,"href":"https:\/\/x1eg-staging.duckrabbit.ch\/it\/wp-json\/wp\/v2\/product_tag?post=12973"},{"taxonomy":"boxes-ages","embeddable":true,"href":"https:\/\/x1eg-staging.duckrabbit.ch\/it\/wp-json\/wp\/v2\/boxes-ages?post=12973"}],"curies":[{"name":"wp","href":"https:\/\/api.w.org\/{rel}","templated":true}]}}