{"id":12961,"date":"2025-02-23T15:38:30","date_gmt":"2025-02-23T15:38:30","guid":{"rendered":"https:\/\/x1eg-staging.duckrabbit.ch\/produit\/tropik-chariot-de-marche-multiactivites-3\/"},"modified":"2025-06-10T10:33:14","modified_gmt":"2025-06-10T10:33:14","slug":"tropik-chariot-de-marche-multiactivites-3","status":"publish","type":"product","link":"https:\/\/x1eg-staging.duckrabbit.ch\/it\/produit\/tropik-chariot-de-marche-multiactivites-3\/","title":{"rendered":"Tropik &#8211; Chariot de Marche Multiactivit\u00e9s"},"content":{"rendered":"","protected":false},"excerpt":{"rendered":"<p>En route pour des d\u00e9couvertes au c\u0153ur de la jungle tropicale ! Avec ce chariot multiactivit\u00e9s en bois, les enfants d\u00e8s 12 mois vont s&#8217;amuser pendant des heures ! Id\u00e9al pour accompagner b\u00e9b\u00e9 dans son apprentissage de la marche, ce chariot en bois color\u00e9 deviendra le compagnon id\u00e9al de ses premi\u00e8res aventures. Ce chariot est silencieux gr\u00e2ce au rev\u00eatement en caoutchouc pr\u00e9sent sur les roues. 6 activit\u00e9s sont accessibles pour toujours plus de d\u00e9couvertes et de jeux : des bouliers, une bo\u00eete \u00e0 formes, un adorable singe \u00e0 glisser, un labyrinthe, des perles \u00e0 faire coulisser et un xylophone ! Pour stimuler b\u00e9b\u00e9 et l&#8217;accompagner dans son d\u00e9veloppement, d\u00e8s 1 an. Pratique, les deux baguettes en bois du xylophone se glissent sur le dessus du chariot pour ne pas les perdre et les emmener partout ! Ce chariot de marche au style vitamin\u00e9 va faire craquer toute la famille ! Chariot en bois issu de for\u00eats g\u00e9r\u00e9es durablement, certifi\u00e9es FSC\u00ae. Peinture \u00e0 l&#8217;eau.<\/p>\n<p>D\u00e9collage imm\u00e9diat pour les horizons chauds et color\u00e9s avec la gamme TROPIK de Janod : des animaux joyeux et attachants aux couleurs fun et vitamin\u00e9es, pour des jeux et jouets exotiques qui invitent \u00e0 l&#8217;\u00e9vasion !<\/p>\n","protected":false},"featured_media":1886,"comment_status":"closed","ping_status":"closed","template":"","meta":[],"product_brand":[],"product_cat":[23,29,30],"product_tag":[],"boxes-ages":[],"class_list":{"0":"post-12961","1":"product","2":"type-product","3":"status-publish","4":"has-post-thumbnail","6":"product_cat-fonctions-executives","7":"product_cat-motricite","8":"product_cat-perception","10":"first","11":"instock","12":"taxable","13":"shipping-taxable","14":"purchasable","15":"product-type-simple"},"_links":{"self":[{"href":"https:\/\/x1eg-staging.duckrabbit.ch\/it\/wp-json\/wp\/v2\/product\/12961","targetHints":{"allow":["GET"]}}],"collection":[{"href":"https:\/\/x1eg-staging.duckrabbit.ch\/it\/wp-json\/wp\/v2\/product"}],"about":[{"href":"https:\/\/x1eg-staging.duckrabbit.ch\/it\/wp-json\/wp\/v2\/types\/product"}],"replies":[{"embeddable":true,"href":"https:\/\/x1eg-staging.duckrabbit.ch\/it\/wp-json\/wp\/v2\/comments?post=12961"}],"version-history":[{"count":0,"href":"https:\/\/x1eg-staging.duckrabbit.ch\/it\/wp-json\/wp\/v2\/product\/12961\/revisions"}],"wp:featuredmedia":[{"embeddable":true,"href":"https:\/\/x1eg-staging.duckrabbit.ch\/it\/wp-json\/wp\/v2\/media\/1886"}],"wp:attachment":[{"href":"https:\/\/x1eg-staging.duckrabbit.ch\/it\/wp-json\/wp\/v2\/media?parent=12961"}],"wp:term":[{"taxonomy":"product_brand","embeddable":true,"href":"https:\/\/x1eg-staging.duckrabbit.ch\/it\/wp-json\/wp\/v2\/product_brand?post=12961"},{"taxonomy":"product_cat","embeddable":true,"href":"https:\/\/x1eg-staging.duckrabbit.ch\/it\/wp-json\/wp\/v2\/product_cat?post=12961"},{"taxonomy":"product_tag","embeddable":true,"href":"https:\/\/x1eg-staging.duckrabbit.ch\/it\/wp-json\/wp\/v2\/product_tag?post=12961"},{"taxonomy":"boxes-ages","embeddable":true,"href":"https:\/\/x1eg-staging.duckrabbit.ch\/it\/wp-json\/wp\/v2\/boxes-ages?post=12961"}],"curies":[{"name":"wp","href":"https:\/\/api.w.org\/{rel}","templated":true}]}}