{"id":12957,"date":"2025-02-23T15:38:30","date_gmt":"2025-02-23T15:38:30","guid":{"rendered":"https:\/\/x1eg-staging.duckrabbit.ch\/produit\/tropik-croco-des-formes-3\/"},"modified":"2025-06-10T10:33:14","modified_gmt":"2025-06-10T10:33:14","slug":"tropik-croco-des-formes-3","status":"publish","type":"product","link":"https:\/\/x1eg-staging.duckrabbit.ch\/it\/produit\/tropik-croco-des-formes-3\/","title":{"rendered":"Tropik &#8211; Croco des Formes"},"content":{"rendered":"","protected":false},"excerpt":{"rendered":"<p>Crocodile affam\u00e9 cherche formes pour se r\u00e9galer ! Voici une bo\u00eete \u00e0 formes en bois originale qui amusera les enfants d\u00e8s 12 mois pendant de longs moments ! En forme de crocodile, ce jouet premier \u00e2ge est livr\u00e9 avec 8 pi\u00e8ces \u00e0 encastrer : 2 ronds, 2 triangles, 2 \u00e9toiles et 2 carr\u00e9s. Chaque forme correspond \u00e0 une couleur, pour un apprentissage et une manipulation facile par b\u00e9b\u00e9. Quand notre ami crocodile a bien mang\u00e9, on ouvre grand sa bouche pour r\u00e9cup\u00e9rer les pi\u00e8ces (ouverture magn\u00e9tique).<\/p>\n<p>Pour un repas en toute tranquillit\u00e9, l&#8217;int\u00e9rieur de la bo\u00eete \u00e0 formes est recouvert de feutrine, ce qui att\u00e9nue le bruit que font les formes quand elles tombent. Ce jouet d&#8217;\u00e9veil convient aux enfants d\u00e8s 1 an, ils pourront d\u00e9couvrir les formes et les couleurs tout en s&#8217;amusant et d\u00e9velopper leur coordination en manipulant les pi\u00e8ces \u00e0 encastrer. Ce jouet en bois est compos\u00e9 de bois issu de for\u00eats g\u00e9r\u00e9es durablement, certifi\u00e9es FSC\u00ae. Peinture \u00e0 l&#8217;eau.<\/p>\n","protected":false},"featured_media":1879,"comment_status":"closed","ping_status":"closed","template":"","meta":[],"product_brand":[],"product_cat":[23,28,29,30],"product_tag":[],"boxes-ages":[],"class_list":{"0":"post-12957","1":"product","2":"type-product","3":"status-publish","4":"has-post-thumbnail","6":"product_cat-fonctions-executives","7":"product_cat-mathematiques-et-logique","8":"product_cat-motricite","9":"product_cat-perception","11":"first","12":"instock","13":"taxable","14":"shipping-taxable","15":"purchasable","16":"product-type-simple"},"_links":{"self":[{"href":"https:\/\/x1eg-staging.duckrabbit.ch\/it\/wp-json\/wp\/v2\/product\/12957","targetHints":{"allow":["GET"]}}],"collection":[{"href":"https:\/\/x1eg-staging.duckrabbit.ch\/it\/wp-json\/wp\/v2\/product"}],"about":[{"href":"https:\/\/x1eg-staging.duckrabbit.ch\/it\/wp-json\/wp\/v2\/types\/product"}],"replies":[{"embeddable":true,"href":"https:\/\/x1eg-staging.duckrabbit.ch\/it\/wp-json\/wp\/v2\/comments?post=12957"}],"version-history":[{"count":0,"href":"https:\/\/x1eg-staging.duckrabbit.ch\/it\/wp-json\/wp\/v2\/product\/12957\/revisions"}],"wp:featuredmedia":[{"embeddable":true,"href":"https:\/\/x1eg-staging.duckrabbit.ch\/it\/wp-json\/wp\/v2\/media\/1879"}],"wp:attachment":[{"href":"https:\/\/x1eg-staging.duckrabbit.ch\/it\/wp-json\/wp\/v2\/media?parent=12957"}],"wp:term":[{"taxonomy":"product_brand","embeddable":true,"href":"https:\/\/x1eg-staging.duckrabbit.ch\/it\/wp-json\/wp\/v2\/product_brand?post=12957"},{"taxonomy":"product_cat","embeddable":true,"href":"https:\/\/x1eg-staging.duckrabbit.ch\/it\/wp-json\/wp\/v2\/product_cat?post=12957"},{"taxonomy":"product_tag","embeddable":true,"href":"https:\/\/x1eg-staging.duckrabbit.ch\/it\/wp-json\/wp\/v2\/product_tag?post=12957"},{"taxonomy":"boxes-ages","embeddable":true,"href":"https:\/\/x1eg-staging.duckrabbit.ch\/it\/wp-json\/wp\/v2\/boxes-ages?post=12957"}],"curies":[{"name":"wp","href":"https:\/\/api.w.org\/{rel}","templated":true}]}}