{"id":12943,"date":"2025-02-23T15:38:52","date_gmt":"2025-02-23T15:38:52","guid":{"rendered":"https:\/\/x1eg-staging.duckrabbit.ch\/produit\/sunshine-table-musicale-2\/"},"modified":"2025-06-10T10:33:13","modified_gmt":"2025-06-10T10:33:13","slug":"sunshine-table-musicale-2","status":"publish","type":"product","link":"https:\/\/x1eg-staging.duckrabbit.ch\/it\/produit\/sunshine-table-musicale-2\/","title":{"rendered":"Sunshine &#8211; Table Musicale"},"content":{"rendered":"","protected":false},"excerpt":{"rendered":"<p>En avant la musique ! Avec cette table musicale en bois, les petits musiciens d\u00e8s 12 mois vont pouvoir s&#8217;\u00e9veiller \u00e0 la musique et aux sons. Cette adorable table d&#8217;\u00e9veil est compacte et facile d&#8217;utilisation, avec 3 aires musicales : un tambour, une cymbale, un xylophone en m\u00e9tal et deux baguettes pour s&#8217;en donner \u00e0 c\u0153ur joie ! Un support ludique et color\u00e9 pour des heures d&#8217;exp\u00e9rimentation musicale en perspective. Ce joli jouet d&#8217;\u00e9veil musical en bois saura trouver sa place dans la chambre de b\u00e9b\u00e9.<\/p>\n<p>Retrouvez L\u00e9o le lionceau pour un voyage po\u00e9tique en musique \u00e0 travers l&#8217;Afrique et l&#8217;Asie avec la gamme d&#8217;instruments en bois pour enfants Sunshine de Janod : des jouets aux couleurs chaudes et chaleureuses pour s&#8217;initier \u00e0 la musique !<\/p>\n","protected":false},"featured_media":1950,"comment_status":"closed","ping_status":"closed","template":"","meta":[],"product_brand":[],"product_cat":[30],"product_tag":[],"boxes-ages":[],"class_list":{"0":"post-12943","1":"product","2":"type-product","3":"status-publish","4":"has-post-thumbnail","6":"product_cat-perception","8":"first","9":"instock","10":"taxable","11":"shipping-taxable","12":"purchasable","13":"product-type-simple"},"_links":{"self":[{"href":"https:\/\/x1eg-staging.duckrabbit.ch\/it\/wp-json\/wp\/v2\/product\/12943","targetHints":{"allow":["GET"]}}],"collection":[{"href":"https:\/\/x1eg-staging.duckrabbit.ch\/it\/wp-json\/wp\/v2\/product"}],"about":[{"href":"https:\/\/x1eg-staging.duckrabbit.ch\/it\/wp-json\/wp\/v2\/types\/product"}],"replies":[{"embeddable":true,"href":"https:\/\/x1eg-staging.duckrabbit.ch\/it\/wp-json\/wp\/v2\/comments?post=12943"}],"version-history":[{"count":0,"href":"https:\/\/x1eg-staging.duckrabbit.ch\/it\/wp-json\/wp\/v2\/product\/12943\/revisions"}],"wp:featuredmedia":[{"embeddable":true,"href":"https:\/\/x1eg-staging.duckrabbit.ch\/it\/wp-json\/wp\/v2\/media\/1950"}],"wp:attachment":[{"href":"https:\/\/x1eg-staging.duckrabbit.ch\/it\/wp-json\/wp\/v2\/media?parent=12943"}],"wp:term":[{"taxonomy":"product_brand","embeddable":true,"href":"https:\/\/x1eg-staging.duckrabbit.ch\/it\/wp-json\/wp\/v2\/product_brand?post=12943"},{"taxonomy":"product_cat","embeddable":true,"href":"https:\/\/x1eg-staging.duckrabbit.ch\/it\/wp-json\/wp\/v2\/product_cat?post=12943"},{"taxonomy":"product_tag","embeddable":true,"href":"https:\/\/x1eg-staging.duckrabbit.ch\/it\/wp-json\/wp\/v2\/product_tag?post=12943"},{"taxonomy":"boxes-ages","embeddable":true,"href":"https:\/\/x1eg-staging.duckrabbit.ch\/it\/wp-json\/wp\/v2\/boxes-ages?post=12943"}],"curies":[{"name":"wp","href":"https:\/\/api.w.org\/{rel}","templated":true}]}}