{"id":12940,"date":"2025-02-23T15:38:52","date_gmt":"2025-02-23T15:38:52","guid":{"rendered":"https:\/\/x1eg-staging.duckrabbit.ch\/produit\/mon-livre-de-bain-magique-2\/"},"modified":"2025-06-10T10:33:13","modified_gmt":"2025-06-10T10:33:13","slug":"mon-livre-de-bain-magique-2","status":"publish","type":"product","link":"https:\/\/x1eg-staging.duckrabbit.ch\/it\/produit\/mon-livre-de-bain-magique-2\/","title":{"rendered":"Mon Livre de Bain Magique"},"content":{"rendered":"","protected":false},"excerpt":{"rendered":"<p>B\u00e9b\u00e9 bulle dans l&#8217;eau et profite de ce moment de d\u00e9tente pour s&#8217;amuser avec son livre de bain magique ! Les premiers jouets de bain permettent aux tout-petits de prendre du plaisir au moment de la toilette et de faire de belles d\u00e9couvertes gr\u00e2ce \u00e0 toutes les possibilit\u00e9s qu&#8217;offre l&#8217;eau ! Ce livre de bain pour les enfants \u00e0 partir de 10 mois est magique, car il permet de jouer \u00e0 cache-cache avec des animaux plus mignons les uns que les autres ! Le crabe, la tortue et leurs amis se sont cach\u00e9s derri\u00e8re des algues ou des coraux, il faut vite les retrouver ! En plongeant le livre dans l&#8217;eau, les animaux apparaitront comme par magie. Et d\u00e8s que le livre est sec, les animaux disparaissent \u00e0 nouveau ! Con\u00e7u pour les petites mains, ce livre permettra aux b\u00e9b\u00e9s de s&#8217;amuser et de se d\u00e9tendre autour de ce moment privil\u00e9gi\u00e9 de partage.<\/p>\n","protected":false},"featured_media":1936,"comment_status":"closed","ping_status":"closed","template":"","meta":[],"product_brand":[],"product_cat":[24,30],"product_tag":[],"boxes-ages":[],"class_list":{"0":"post-12940","1":"product","2":"type-product","3":"status-publish","4":"has-post-thumbnail","6":"product_cat-langage","7":"product_cat-perception","9":"first","10":"instock","11":"taxable","12":"shipping-taxable","13":"purchasable","14":"product-type-simple"},"_links":{"self":[{"href":"https:\/\/x1eg-staging.duckrabbit.ch\/it\/wp-json\/wp\/v2\/product\/12940","targetHints":{"allow":["GET"]}}],"collection":[{"href":"https:\/\/x1eg-staging.duckrabbit.ch\/it\/wp-json\/wp\/v2\/product"}],"about":[{"href":"https:\/\/x1eg-staging.duckrabbit.ch\/it\/wp-json\/wp\/v2\/types\/product"}],"replies":[{"embeddable":true,"href":"https:\/\/x1eg-staging.duckrabbit.ch\/it\/wp-json\/wp\/v2\/comments?post=12940"}],"version-history":[{"count":0,"href":"https:\/\/x1eg-staging.duckrabbit.ch\/it\/wp-json\/wp\/v2\/product\/12940\/revisions"}],"wp:featuredmedia":[{"embeddable":true,"href":"https:\/\/x1eg-staging.duckrabbit.ch\/it\/wp-json\/wp\/v2\/media\/1936"}],"wp:attachment":[{"href":"https:\/\/x1eg-staging.duckrabbit.ch\/it\/wp-json\/wp\/v2\/media?parent=12940"}],"wp:term":[{"taxonomy":"product_brand","embeddable":true,"href":"https:\/\/x1eg-staging.duckrabbit.ch\/it\/wp-json\/wp\/v2\/product_brand?post=12940"},{"taxonomy":"product_cat","embeddable":true,"href":"https:\/\/x1eg-staging.duckrabbit.ch\/it\/wp-json\/wp\/v2\/product_cat?post=12940"},{"taxonomy":"product_tag","embeddable":true,"href":"https:\/\/x1eg-staging.duckrabbit.ch\/it\/wp-json\/wp\/v2\/product_tag?post=12940"},{"taxonomy":"boxes-ages","embeddable":true,"href":"https:\/\/x1eg-staging.duckrabbit.ch\/it\/wp-json\/wp\/v2\/boxes-ages?post=12940"}],"curies":[{"name":"wp","href":"https:\/\/api.w.org\/{rel}","templated":true}]}}