{"id":12933,"date":"2025-02-23T15:38:52","date_gmt":"2025-02-23T15:38:52","guid":{"rendered":"https:\/\/x1eg-staging.duckrabbit.ch\/produit\/pure-tap-tap-xylo-2\/"},"modified":"2025-06-10T10:33:13","modified_gmt":"2025-06-10T10:33:13","slug":"pure-tap-tap-xylo-2","status":"publish","type":"product","link":"https:\/\/x1eg-staging.duckrabbit.ch\/it\/produit\/pure-tap-tap-xylo-2\/","title":{"rendered":"Pure &#8211; Tap Tap Xylo"},"content":{"rendered":"","protected":false},"excerpt":{"rendered":"<p>C&#8217;est le printemps dans la chambre de b\u00e9b\u00e9 ! Fleurs et animaux mignons se sont donn\u00e9s rendez-vous sur ce joli jeu d&#8217;adresse en bois. Il permettra \u00e0 votre tout-petit d\u00e8s 18 mois de d\u00e9velopper sa dext\u00e9rit\u00e9 tout en s&#8217;amusant. Le Pure &#8211; Tap tap Xylo est un jeu 2 en 1 : un marteau abeille pour frapper les 3 balles qui tombent en faisant tinter les touches du xylophone, lui-m\u00eame amovible pour pouvoir jouer partout ! Votre enfant va pouvoir appr\u00e9hender les couleurs en d\u00e9posant chaque balle sur le trou de la bonne couleur. Il va \u00e9veiller ses sens, imaginer et cr\u00e9er ses premi\u00e8res histoires.<\/p>\n","protected":false},"featured_media":1917,"comment_status":"closed","ping_status":"closed","template":"","meta":[],"product_brand":[],"product_cat":[30],"product_tag":[],"boxes-ages":[],"class_list":{"0":"post-12933","1":"product","2":"type-product","3":"status-publish","4":"has-post-thumbnail","6":"product_cat-perception","8":"first","9":"instock","10":"taxable","11":"shipping-taxable","12":"purchasable","13":"product-type-simple"},"_links":{"self":[{"href":"https:\/\/x1eg-staging.duckrabbit.ch\/it\/wp-json\/wp\/v2\/product\/12933","targetHints":{"allow":["GET"]}}],"collection":[{"href":"https:\/\/x1eg-staging.duckrabbit.ch\/it\/wp-json\/wp\/v2\/product"}],"about":[{"href":"https:\/\/x1eg-staging.duckrabbit.ch\/it\/wp-json\/wp\/v2\/types\/product"}],"replies":[{"embeddable":true,"href":"https:\/\/x1eg-staging.duckrabbit.ch\/it\/wp-json\/wp\/v2\/comments?post=12933"}],"version-history":[{"count":0,"href":"https:\/\/x1eg-staging.duckrabbit.ch\/it\/wp-json\/wp\/v2\/product\/12933\/revisions"}],"wp:featuredmedia":[{"embeddable":true,"href":"https:\/\/x1eg-staging.duckrabbit.ch\/it\/wp-json\/wp\/v2\/media\/1917"}],"wp:attachment":[{"href":"https:\/\/x1eg-staging.duckrabbit.ch\/it\/wp-json\/wp\/v2\/media?parent=12933"}],"wp:term":[{"taxonomy":"product_brand","embeddable":true,"href":"https:\/\/x1eg-staging.duckrabbit.ch\/it\/wp-json\/wp\/v2\/product_brand?post=12933"},{"taxonomy":"product_cat","embeddable":true,"href":"https:\/\/x1eg-staging.duckrabbit.ch\/it\/wp-json\/wp\/v2\/product_cat?post=12933"},{"taxonomy":"product_tag","embeddable":true,"href":"https:\/\/x1eg-staging.duckrabbit.ch\/it\/wp-json\/wp\/v2\/product_tag?post=12933"},{"taxonomy":"boxes-ages","embeddable":true,"href":"https:\/\/x1eg-staging.duckrabbit.ch\/it\/wp-json\/wp\/v2\/boxes-ages?post=12933"}],"curies":[{"name":"wp","href":"https:\/\/api.w.org\/{rel}","templated":true}]}}