{"id":12916,"date":"2025-02-23T15:39:19","date_gmt":"2025-02-23T15:39:19","guid":{"rendered":"https:\/\/x1eg-staging.duckrabbit.ch\/produit\/le-tri-des-couleurs-essentiel\/"},"modified":"2025-06-10T10:33:12","modified_gmt":"2025-06-10T10:33:12","slug":"le-tri-des-couleurs-essentiel","status":"publish","type":"product","link":"https:\/\/x1eg-staging.duckrabbit.ch\/it\/produit\/le-tri-des-couleurs-essentiel\/","title":{"rendered":"Le Tri des Couleurs &#8211; Essentiel"},"content":{"rendered":"","protected":false},"excerpt":{"rendered":"<p>La d\u00e9couverte des couleurs est une \u00e9tape fascinante pour les enfants ! A partir de 2 ans, ils pourront se familiariser avec 4 couleurs principales, le rouge, le bleu, le vert et le jaune gr\u00e2ce \u00e0 ce joli jeu de tri en bois de la gamme Essentiel. Pour les plus petits, on s&#8217;amuse \u00e0 reconnaitre les m\u00eames couleurs et \u00e0 les associer en mettant les 16 grosses pi\u00e8ces en bois massif de couleur dans le tube en plastique d\u00e9di\u00e9. Quand les associations sont maitris\u00e9es, on peut passer au deuxi\u00e8me niveau de jeu. L&#8217;enfant doit reproduire les mod\u00e8les propos\u00e9s sur les 6 cartes recto-verso incluses. Les tubes de couleurs diff\u00e9rentes sont pos\u00e9s sur un joli support arrondi en bois naturel. Tr\u00e8s astucieux, ceux-ci sont interchangeables pour apporter une difficult\u00e9 suppl\u00e9mentaire et \u00e9viter la r\u00e9p\u00e9tition de l\u2019activit\u00e9. Ce jouet d\u00e9veloppe la coordination main \/ \u0153il, la d\u00e9couverte des formes et des couleurs. Les pi\u00e8ces sont peintes \u00e0 l\u2019eau.<\/p>\n","protected":false},"featured_media":2006,"comment_status":"closed","ping_status":"closed","template":"","meta":[],"product_brand":[],"product_cat":[23,25],"product_tag":[],"boxes-ages":[],"class_list":{"0":"post-12916","1":"product","2":"type-product","3":"status-publish","4":"has-post-thumbnail","6":"product_cat-fonctions-executives","7":"product_cat-memoire","9":"first","10":"instock","11":"taxable","12":"shipping-taxable","13":"purchasable","14":"product-type-simple"},"_links":{"self":[{"href":"https:\/\/x1eg-staging.duckrabbit.ch\/it\/wp-json\/wp\/v2\/product\/12916","targetHints":{"allow":["GET"]}}],"collection":[{"href":"https:\/\/x1eg-staging.duckrabbit.ch\/it\/wp-json\/wp\/v2\/product"}],"about":[{"href":"https:\/\/x1eg-staging.duckrabbit.ch\/it\/wp-json\/wp\/v2\/types\/product"}],"replies":[{"embeddable":true,"href":"https:\/\/x1eg-staging.duckrabbit.ch\/it\/wp-json\/wp\/v2\/comments?post=12916"}],"version-history":[{"count":0,"href":"https:\/\/x1eg-staging.duckrabbit.ch\/it\/wp-json\/wp\/v2\/product\/12916\/revisions"}],"wp:featuredmedia":[{"embeddable":true,"href":"https:\/\/x1eg-staging.duckrabbit.ch\/it\/wp-json\/wp\/v2\/media\/2006"}],"wp:attachment":[{"href":"https:\/\/x1eg-staging.duckrabbit.ch\/it\/wp-json\/wp\/v2\/media?parent=12916"}],"wp:term":[{"taxonomy":"product_brand","embeddable":true,"href":"https:\/\/x1eg-staging.duckrabbit.ch\/it\/wp-json\/wp\/v2\/product_brand?post=12916"},{"taxonomy":"product_cat","embeddable":true,"href":"https:\/\/x1eg-staging.duckrabbit.ch\/it\/wp-json\/wp\/v2\/product_cat?post=12916"},{"taxonomy":"product_tag","embeddable":true,"href":"https:\/\/x1eg-staging.duckrabbit.ch\/it\/wp-json\/wp\/v2\/product_tag?post=12916"},{"taxonomy":"boxes-ages","embeddable":true,"href":"https:\/\/x1eg-staging.duckrabbit.ch\/it\/wp-json\/wp\/v2\/boxes-ages?post=12916"}],"curies":[{"name":"wp","href":"https:\/\/api.w.org\/{rel}","templated":true}]}}