{"id":12897,"date":"2025-02-23T15:40:26","date_gmt":"2025-02-23T15:40:26","guid":{"rendered":"https:\/\/x1eg-staging.duckrabbit.ch\/produit\/jeu-magnetique-des-emotions-2\/"},"modified":"2025-06-10T10:33:10","modified_gmt":"2025-06-10T10:33:10","slug":"jeu-magnetique-des-emotions-2","status":"publish","type":"product","link":"https:\/\/x1eg-staging.duckrabbit.ch\/it\/produit\/jeu-magnetique-des-emotions-2\/","title":{"rendered":"Jeu Magn\u00e9tique des \u00c9motions"},"content":{"rendered":"<p>Avis de l&#8217;expert<br \/>\nCe jeu \u00e9ducatif magn\u00e9tique offre une exploration riche et interactive des \u00e9motions pour les enfants d\u00e8s l&#8217;\u00e2ge de 2 ans. \u00c0 travers des cartes illustr\u00e9es repr\u00e9sentant diff\u00e9rentes situations de la vie quotidienne, les enfants d\u00e9couvrent et explorent 10 \u00e9motions, allant de la joie \u00e0 la surprise en passant par la tristesse et la col\u00e8re. Gr\u00e2ce \u00e0 un plateau en bois magn\u00e9tique, les enfants peuvent manipuler des visages et des smileys aimant\u00e9s correspondant \u00e0 chaque \u00e9motion, et ainsi reproduire les expressions faciales associ\u00e9es. En proposant deux niveaux de jeu, cet outil va au-del\u00e0 de la simple identification des \u00e9motions : il propose de reproduire les expressions faciales pr\u00e9sent\u00e9es au dos des cartes, ou de deviner quelle \u00e9motion correspond \u00e0 chaque situation.<\/p>\n<p>Accompagn\u00e9 d&#8217;un guide des \u00e9motions r\u00e9dig\u00e9 par des psychomotriciens, ce jeu offre \u00e9galement aux parents des outils pr\u00e9cieux pour aider leurs enfants \u00e0 comprendre et \u00e0 exprimer leurs \u00e9motions de mani\u00e8re saine et constructive. Le miroir fourni dans la bo\u00eete permet aux enfants de s&#8217;entra\u00eener \u00e0 reproduire et \u00e0 identifier les diff\u00e9rentes \u00e9motions, renfor\u00e7ant ainsi leur capacit\u00e9 \u00e0 comprendre les \u00e9motions d&#8217;autrui, \u00e0 exprimer verbalement leurs propres sentiments, et \u00e0 reconna\u00eetre les \u00e9motions pr\u00e9sent\u00e9es sous forme de visages dessin\u00e9s.<\/p>\n<p>En favorisant le d\u00e9veloppement de ces comp\u00e9tences \u00e9motionnelles essentielles, ce jeu offre une exp\u00e9rience enrichissante et ludique pour les enfants, tout en leur permettant de grandir et de s&#8217;\u00e9panouir sur le plan \u00e9motionnel.<\/p>\n","protected":false},"excerpt":{"rendered":"<p>Explorons les \u00e9motions avec nos enfants ! Ce jeu \u00e9ducatif magn\u00e9tique permettra \u00e0 votre enfant de d\u00e9couvrir les \u00e9motions \u00e0 travers des cartes illustr\u00e9es repr\u00e9sentant diff\u00e9rentes situations de la vie quotidienne. Accompagn\u00e9 d&#8217;un guide des \u00e9motions r\u00e9dig\u00e9 par des psychomotriciens, il aidera \u00e9galement les parents \u00e0 trouver les bons mots et les bonnes explications face aux \u00e9motions des petits.<\/p>\n<p>Un plateau en bois magn\u00e9tique accueille les visages et les smileys aimant\u00e9s correspondant aux \u00e9motions. Chaque carte pr\u00e9sente, au verso, un visage &#8220;r\u00e9ponse&#8221; indiquant les magnets \u00e0 utiliser pour reproduire chaque \u00e9motion.<\/p>\n<p>Dans ce jeu destin\u00e9 aux enfants \u00e0 partir de 2 ans, d\u00e9couvrez 10 \u00e9motions : la joie, la peur, la tristesse, la col\u00e8re, la g\u00eane \/ la timidit\u00e9, l&#8217;amour, le d\u00e9go\u00fbt, le rire, la jalousie et la surprise. Deux niveaux de jeu sont propos\u00e9s : reproduire simplement l&#8217;expression au dos de la carte, ou essayer de deviner \u00e0 quelle \u00e9motion correspond chaque situation pour les plus grands.<\/p>\n<p>Dans le fond de la bo\u00eete, un miroir permet \u00e0 l&#8217;enfant de s&#8217;entra\u00eener \u00e0 reproduire et \u00e0 identifier les diff\u00e9rentes \u00e9motions !<\/p>\n","protected":false},"featured_media":2066,"comment_status":"closed","ping_status":"closed","template":"","meta":[],"product_brand":[],"product_cat":[22],"product_tag":[],"boxes-ages":[],"class_list":{"0":"post-12897","1":"product","2":"type-product","3":"status-publish","4":"has-post-thumbnail","6":"product_cat-competences-sociales","8":"first","9":"instock","10":"taxable","11":"shipping-taxable","12":"purchasable","13":"product-type-simple"},"_links":{"self":[{"href":"https:\/\/x1eg-staging.duckrabbit.ch\/it\/wp-json\/wp\/v2\/product\/12897","targetHints":{"allow":["GET"]}}],"collection":[{"href":"https:\/\/x1eg-staging.duckrabbit.ch\/it\/wp-json\/wp\/v2\/product"}],"about":[{"href":"https:\/\/x1eg-staging.duckrabbit.ch\/it\/wp-json\/wp\/v2\/types\/product"}],"replies":[{"embeddable":true,"href":"https:\/\/x1eg-staging.duckrabbit.ch\/it\/wp-json\/wp\/v2\/comments?post=12897"}],"version-history":[{"count":0,"href":"https:\/\/x1eg-staging.duckrabbit.ch\/it\/wp-json\/wp\/v2\/product\/12897\/revisions"}],"wp:featuredmedia":[{"embeddable":true,"href":"https:\/\/x1eg-staging.duckrabbit.ch\/it\/wp-json\/wp\/v2\/media\/2066"}],"wp:attachment":[{"href":"https:\/\/x1eg-staging.duckrabbit.ch\/it\/wp-json\/wp\/v2\/media?parent=12897"}],"wp:term":[{"taxonomy":"product_brand","embeddable":true,"href":"https:\/\/x1eg-staging.duckrabbit.ch\/it\/wp-json\/wp\/v2\/product_brand?post=12897"},{"taxonomy":"product_cat","embeddable":true,"href":"https:\/\/x1eg-staging.duckrabbit.ch\/it\/wp-json\/wp\/v2\/product_cat?post=12897"},{"taxonomy":"product_tag","embeddable":true,"href":"https:\/\/x1eg-staging.duckrabbit.ch\/it\/wp-json\/wp\/v2\/product_tag?post=12897"},{"taxonomy":"boxes-ages","embeddable":true,"href":"https:\/\/x1eg-staging.duckrabbit.ch\/it\/wp-json\/wp\/v2\/boxes-ages?post=12897"}],"curies":[{"name":"wp","href":"https:\/\/api.w.org\/{rel}","templated":true}]}}