{"id":12883,"date":"2025-02-23T15:41:39","date_gmt":"2025-02-23T15:41:39","guid":{"rendered":"https:\/\/x1eg-staging.duckrabbit.ch\/produit\/qwirkle-2\/"},"modified":"2025-06-10T10:33:09","modified_gmt":"2025-06-10T10:33:09","slug":"qwirkle-2","status":"publish","type":"product","link":"https:\/\/x1eg-staging.duckrabbit.ch\/it\/produit\/qwirkle-2\/","title":{"rendered":"Qwirkle"},"content":{"rendered":"","protected":false},"excerpt":{"rendered":"<p>M\u00eame si les r\u00e8gles de QWIRKLE sont tr\u00e8s simples, cela n\u00e9cessite tout de m\u00eame une r\u00e9flexion tactique et strat\u00e9gique. Lors du placement des 108 gros blocs de bois, les formes doivent diff\u00e9rer si elles sont de la m\u00eame couleur ou les couleurs si elles sont de la m\u00eame forme. Le but est d&#8217;obtenir le plus de points possible. Mais attention, car les chers amis joueurs ne restent pas les bras crois\u00e9s. En attendant un \u00e9cart lucratif, il est important d&#8217;\u00eatre prudent et de ne pas fournir soi-m\u00eame une balle en profondeur. QWIRKLE est un jeu rapide \u00e0 apprendre qui offre un plaisir durable. Un jeu addictif !<\/p>\n","protected":false},"featured_media":2126,"comment_status":"closed","ping_status":"closed","template":"","meta":[],"product_brand":[],"product_cat":[23,28,25],"product_tag":[],"boxes-ages":[],"class_list":{"0":"post-12883","1":"product","2":"type-product","3":"status-publish","4":"has-post-thumbnail","6":"product_cat-fonctions-executives","7":"product_cat-mathematiques-et-logique","8":"product_cat-memoire","10":"first","11":"instock","12":"taxable","13":"shipping-taxable","14":"purchasable","15":"product-type-simple"},"_links":{"self":[{"href":"https:\/\/x1eg-staging.duckrabbit.ch\/it\/wp-json\/wp\/v2\/product\/12883","targetHints":{"allow":["GET"]}}],"collection":[{"href":"https:\/\/x1eg-staging.duckrabbit.ch\/it\/wp-json\/wp\/v2\/product"}],"about":[{"href":"https:\/\/x1eg-staging.duckrabbit.ch\/it\/wp-json\/wp\/v2\/types\/product"}],"replies":[{"embeddable":true,"href":"https:\/\/x1eg-staging.duckrabbit.ch\/it\/wp-json\/wp\/v2\/comments?post=12883"}],"version-history":[{"count":0,"href":"https:\/\/x1eg-staging.duckrabbit.ch\/it\/wp-json\/wp\/v2\/product\/12883\/revisions"}],"wp:featuredmedia":[{"embeddable":true,"href":"https:\/\/x1eg-staging.duckrabbit.ch\/it\/wp-json\/wp\/v2\/media\/2126"}],"wp:attachment":[{"href":"https:\/\/x1eg-staging.duckrabbit.ch\/it\/wp-json\/wp\/v2\/media?parent=12883"}],"wp:term":[{"taxonomy":"product_brand","embeddable":true,"href":"https:\/\/x1eg-staging.duckrabbit.ch\/it\/wp-json\/wp\/v2\/product_brand?post=12883"},{"taxonomy":"product_cat","embeddable":true,"href":"https:\/\/x1eg-staging.duckrabbit.ch\/it\/wp-json\/wp\/v2\/product_cat?post=12883"},{"taxonomy":"product_tag","embeddable":true,"href":"https:\/\/x1eg-staging.duckrabbit.ch\/it\/wp-json\/wp\/v2\/product_tag?post=12883"},{"taxonomy":"boxes-ages","embeddable":true,"href":"https:\/\/x1eg-staging.duckrabbit.ch\/it\/wp-json\/wp\/v2\/boxes-ages?post=12883"}],"curies":[{"name":"wp","href":"https:\/\/api.w.org\/{rel}","templated":true}]}}