{"id":12868,"date":"2025-06-10T10:33:08","date_gmt":"2025-06-10T10:33:08","guid":{"rendered":"https:\/\/x1eg-staging.duckrabbit.ch\/produit\/colour-code-3\/"},"modified":"2025-06-10T10:33:08","modified_gmt":"2025-06-10T10:33:08","slug":"colour-code-3","status":"publish","type":"product","link":"https:\/\/x1eg-staging.duckrabbit.ch\/it\/produit\/colour-code-3\/","title":{"rendered":"Colour Code"},"content":{"rendered":"<p>Avis de l&#8217;expert<br \/>\nColour code est un jeu de r\u00e9flexion pour stimuler la concentration, la planification, la r\u00e9solution de probl\u00e8me, l\u2019intelligence spatiale, et la perception visuelle. En reconnaissant et en manipulant diff\u00e9rentes formes pour cr\u00e9er des agencements sp\u00e9cifiques, les joueurs renforcent leur capacit\u00e9 \u00e0 organiser logiquement les \u00e9l\u00e9ments et \u00e0 planifier l&#8217;ordre de leur disposition. Ils doivent faire preuve de concentration pour identifier les combinaisons correctes, m\u00eame lorsque les mod\u00e8les ne sont repr\u00e9sent\u00e9s que par des silhouettes. Ainsi, Colour Code favorise le d\u00e9veloppement du raisonnement d\u00e9ductif tout en offrant une exp\u00e9rience ludique et \u00e9ducative.<\/p>\n","protected":false},"excerpt":{"rendered":"<p>Une belle palette de couleurs pour de nombreuses combinaisons !<\/p>\n<p>Un d\u00e9fi est \u00e0 choisir parmi les cent propos\u00e9s. Appara\u00eet une figure \u00e0 reconstituer \u00e0 partir des dix-huit plaquettes transparentes \u00e0 superposer. Gr\u00e2ce aux couleurs visibles sur la figure, le joueur peut s\u00e9lectionner les plaquettes \u00e0 utiliser, sachant qu&#8217;elles sont toutes monochromes et que seules deux d&#8217;entre elles contiennent la m\u00eame couleur.<\/p>\n<p>Mais une fois les plaquettes de couleur identifi\u00e9es, il faudra encore trouver dans quel sens positionner chaque forme et dans quel ordre placer ces diff\u00e9rentes images pour reproduire la figure demand\u00e9e.<\/p>\n","protected":false},"featured_media":2202,"comment_status":"open","ping_status":"closed","template":"","meta":[],"product_brand":[],"product_cat":[23,28],"product_tag":[],"boxes-ages":[],"class_list":{"0":"post-12868","1":"product","2":"type-product","3":"status-publish","4":"has-post-thumbnail","6":"product_cat-fonctions-executives","7":"product_cat-mathematiques-et-logique","9":"first","10":"instock","11":"taxable","12":"shipping-taxable","13":"purchasable","14":"product-type-simple"},"_links":{"self":[{"href":"https:\/\/x1eg-staging.duckrabbit.ch\/it\/wp-json\/wp\/v2\/product\/12868","targetHints":{"allow":["GET"]}}],"collection":[{"href":"https:\/\/x1eg-staging.duckrabbit.ch\/it\/wp-json\/wp\/v2\/product"}],"about":[{"href":"https:\/\/x1eg-staging.duckrabbit.ch\/it\/wp-json\/wp\/v2\/types\/product"}],"replies":[{"embeddable":true,"href":"https:\/\/x1eg-staging.duckrabbit.ch\/it\/wp-json\/wp\/v2\/comments?post=12868"}],"version-history":[{"count":0,"href":"https:\/\/x1eg-staging.duckrabbit.ch\/it\/wp-json\/wp\/v2\/product\/12868\/revisions"}],"wp:featuredmedia":[{"embeddable":true,"href":"https:\/\/x1eg-staging.duckrabbit.ch\/it\/wp-json\/wp\/v2\/media\/2202"}],"wp:attachment":[{"href":"https:\/\/x1eg-staging.duckrabbit.ch\/it\/wp-json\/wp\/v2\/media?parent=12868"}],"wp:term":[{"taxonomy":"product_brand","embeddable":true,"href":"https:\/\/x1eg-staging.duckrabbit.ch\/it\/wp-json\/wp\/v2\/product_brand?post=12868"},{"taxonomy":"product_cat","embeddable":true,"href":"https:\/\/x1eg-staging.duckrabbit.ch\/it\/wp-json\/wp\/v2\/product_cat?post=12868"},{"taxonomy":"product_tag","embeddable":true,"href":"https:\/\/x1eg-staging.duckrabbit.ch\/it\/wp-json\/wp\/v2\/product_tag?post=12868"},{"taxonomy":"boxes-ages","embeddable":true,"href":"https:\/\/x1eg-staging.duckrabbit.ch\/it\/wp-json\/wp\/v2\/boxes-ages?post=12868"}],"curies":[{"name":"wp","href":"https:\/\/api.w.org\/{rel}","templated":true}]}}