{"id":12865,"date":"2025-02-23T15:43:19","date_gmt":"2025-02-23T15:43:19","guid":{"rendered":"https:\/\/x1eg-staging.duckrabbit.ch\/produit\/difference-2\/"},"modified":"2025-06-10T10:33:08","modified_gmt":"2025-06-10T10:33:08","slug":"difference-2","status":"publish","type":"product","link":"https:\/\/x1eg-staging.duckrabbit.ch\/it\/produit\/difference-2\/","title":{"rendered":"Difference"},"content":{"rendered":"<h3>This is a full description test<\/h3>\n<h4>Here is the education section<\/h4>\n<h4>Here is the game content section<\/h4>\n<h4>Here is the game description section<\/h4>\n<h3>Here is the challenges section<\/h3>\n<ul>\n<li>Prendre le temps de r\u00e9fl\u00e9chir avant d&#8217;agir et d&#8217;envisager les cons\u00e9quences<\/li>\n<li>Rep\u00e9rer les diff\u00e9rences et les similitudes<\/li>\n<li>Se concentrer sur une t\u00e2che donn\u00e9e pendant 16 \u00e0 24 minutes<\/li>\n<li>Participer \u00e0 des jeux visuels complexes et stimulants<\/li>\n<\/ul>\n","protected":false},"excerpt":{"rendered":"<p>Chaque joueur poss\u00e8de une pile de cartes avec une m\u00eame illustration\u2026 du moins en apparence.<br \/>\n\u00c0 chaque tour, trouvez les deux diff\u00e9rences entre votre carte et la carte commune servant de r\u00e9f\u00e9rence. Le plus rapide pourra se d\u00e9fausser d\u2019une carte et se rapprocher de la victoire. Servi par de superbes illustrations, Diff\u00e9rence vous promet des instants de jeu intenses o\u00f9 votre sens de l\u2019observation sera mis \u00e0 douce \u00e9preuve. Serez-vous plus perspicace que vos adversaires ?<\/p>\n<p>+ de 1000 combinaisons possibles ! Cartes renforc\u00e9es et vernies.<\/p>\n","protected":false},"featured_media":2231,"comment_status":"closed","ping_status":"closed","template":"","meta":[],"product_brand":[],"product_cat":[23,25],"product_tag":[],"boxes-ages":[],"class_list":{"0":"post-12865","1":"product","2":"type-product","3":"status-publish","4":"has-post-thumbnail","6":"product_cat-fonctions-executives","7":"product_cat-memoire","9":"first","10":"instock","11":"taxable","12":"shipping-taxable","13":"purchasable","14":"product-type-simple"},"_links":{"self":[{"href":"https:\/\/x1eg-staging.duckrabbit.ch\/it\/wp-json\/wp\/v2\/product\/12865","targetHints":{"allow":["GET"]}}],"collection":[{"href":"https:\/\/x1eg-staging.duckrabbit.ch\/it\/wp-json\/wp\/v2\/product"}],"about":[{"href":"https:\/\/x1eg-staging.duckrabbit.ch\/it\/wp-json\/wp\/v2\/types\/product"}],"replies":[{"embeddable":true,"href":"https:\/\/x1eg-staging.duckrabbit.ch\/it\/wp-json\/wp\/v2\/comments?post=12865"}],"version-history":[{"count":0,"href":"https:\/\/x1eg-staging.duckrabbit.ch\/it\/wp-json\/wp\/v2\/product\/12865\/revisions"}],"wp:featuredmedia":[{"embeddable":true,"href":"https:\/\/x1eg-staging.duckrabbit.ch\/it\/wp-json\/wp\/v2\/media\/2231"}],"wp:attachment":[{"href":"https:\/\/x1eg-staging.duckrabbit.ch\/it\/wp-json\/wp\/v2\/media?parent=12865"}],"wp:term":[{"taxonomy":"product_brand","embeddable":true,"href":"https:\/\/x1eg-staging.duckrabbit.ch\/it\/wp-json\/wp\/v2\/product_brand?post=12865"},{"taxonomy":"product_cat","embeddable":true,"href":"https:\/\/x1eg-staging.duckrabbit.ch\/it\/wp-json\/wp\/v2\/product_cat?post=12865"},{"taxonomy":"product_tag","embeddable":true,"href":"https:\/\/x1eg-staging.duckrabbit.ch\/it\/wp-json\/wp\/v2\/product_tag?post=12865"},{"taxonomy":"boxes-ages","embeddable":true,"href":"https:\/\/x1eg-staging.duckrabbit.ch\/it\/wp-json\/wp\/v2\/boxes-ages?post=12865"}],"curies":[{"name":"wp","href":"https:\/\/api.w.org\/{rel}","templated":true}]}}