{"id":12854,"date":"2025-02-23T15:44:22","date_gmt":"2025-02-23T15:44:22","guid":{"rendered":"https:\/\/x1eg-staging.duckrabbit.ch\/produit\/jungle-speed-kids-3\/"},"modified":"2025-06-10T10:33:08","modified_gmt":"2025-06-10T10:33:08","slug":"jungle-speed-kids-3","status":"publish","type":"product","link":"https:\/\/x1eg-staging.duckrabbit.ch\/it\/produit\/jungle-speed-kids-3\/","title":{"rendered":"Jungle Speed Kids"},"content":{"rendered":"<p>Avis de l&#8217;expert<br \/>\nJungle Speed Kids permet d\u2019entrainer la m\u00e9moire de travail et la m\u00e9moire \u00e0 court terme des enfants. En se concentrant sur les cartes qui sont r\u00e9v\u00e9l\u00e9es, sur leur emplacement et sur la caract\u00e9ristique avec laquelle ils doivent faire des paires (regard, animal, correspondance parfaite), les joueurs renforcent leur capacit\u00e9 de m\u00e9morisation.<\/p>\n<p>Ce jeu est stimulant au niveau de l\u2019attention et de la concentration des enfants. En restant attentifs aux cartes qui sont retourn\u00e9es et en \u00e9tant le plus rapide \u00e0 attraper le totem au bon moment, les joueurs doivent faire preuve de concentration et de r\u00e9activit\u00e9. Ils d\u00e9veloppent ainsi leur capacit\u00e9 \u00e0 retenir et surtout \u00e0 rappeler des informations de mani\u00e8re rapide et efficace.<\/p>\n","protected":false},"excerpt":{"rendered":"<p>Jungle Speed Kids, c\u2019est le jeu de m\u00e9moire, d\u2019observation et de r\u00e9flexes pour les jeunes joueurs !<\/p>\n<p>Un totem est dispos\u00e9 au centre de la table, et chacun retourne ses tuiles d\u2019animaux au fur et \u00e0 mesure, avant de les replacer face cach\u00e9e. D\u00e8s que quelqu\u2019un est s\u00fbr que la tuile r\u00e9v\u00e9l\u00e9e est de la m\u00eame famille qu\u2019une autre, cach\u00e9e, il s\u2019empare du totem et le place sur la tuile concern\u00e9e.<\/p>\n<p>S\u2019il s\u2019est tromp\u00e9, il est interdit de prendre le totem jusqu\u2019\u00e0 ce qu\u2019une tuile lion apparaisse, ou que le tour revienne \u00e0 lui. Sinon, il remporte les deux tuiles concern\u00e9es !<\/p>\n<p>Le jeu prend fin lorsque les tuiles du lion sont toutes r\u00e9v\u00e9l\u00e9es ou lorsque tous les animaux ont \u00e9t\u00e9 sauv\u00e9s. Le joueur avec la plus haute pile de tuiles gagne !<\/p>\n<p>Deux variantes pimentent le jeu et permettent de plonger dans la jungle pendant des dizaines de parties !<\/p>\n","protected":false},"featured_media":2283,"comment_status":"closed","ping_status":"closed","template":"","meta":[],"product_brand":[],"product_cat":[23,25],"product_tag":[],"boxes-ages":[],"class_list":{"0":"post-12854","1":"product","2":"type-product","3":"status-publish","4":"has-post-thumbnail","6":"product_cat-fonctions-executives","7":"product_cat-memoire","9":"first","10":"instock","11":"taxable","12":"shipping-taxable","13":"purchasable","14":"product-type-simple"},"_links":{"self":[{"href":"https:\/\/x1eg-staging.duckrabbit.ch\/it\/wp-json\/wp\/v2\/product\/12854","targetHints":{"allow":["GET"]}}],"collection":[{"href":"https:\/\/x1eg-staging.duckrabbit.ch\/it\/wp-json\/wp\/v2\/product"}],"about":[{"href":"https:\/\/x1eg-staging.duckrabbit.ch\/it\/wp-json\/wp\/v2\/types\/product"}],"replies":[{"embeddable":true,"href":"https:\/\/x1eg-staging.duckrabbit.ch\/it\/wp-json\/wp\/v2\/comments?post=12854"}],"version-history":[{"count":0,"href":"https:\/\/x1eg-staging.duckrabbit.ch\/it\/wp-json\/wp\/v2\/product\/12854\/revisions"}],"wp:featuredmedia":[{"embeddable":true,"href":"https:\/\/x1eg-staging.duckrabbit.ch\/it\/wp-json\/wp\/v2\/media\/2283"}],"wp:attachment":[{"href":"https:\/\/x1eg-staging.duckrabbit.ch\/it\/wp-json\/wp\/v2\/media?parent=12854"}],"wp:term":[{"taxonomy":"product_brand","embeddable":true,"href":"https:\/\/x1eg-staging.duckrabbit.ch\/it\/wp-json\/wp\/v2\/product_brand?post=12854"},{"taxonomy":"product_cat","embeddable":true,"href":"https:\/\/x1eg-staging.duckrabbit.ch\/it\/wp-json\/wp\/v2\/product_cat?post=12854"},{"taxonomy":"product_tag","embeddable":true,"href":"https:\/\/x1eg-staging.duckrabbit.ch\/it\/wp-json\/wp\/v2\/product_tag?post=12854"},{"taxonomy":"boxes-ages","embeddable":true,"href":"https:\/\/x1eg-staging.duckrabbit.ch\/it\/wp-json\/wp\/v2\/boxes-ages?post=12854"}],"curies":[{"name":"wp","href":"https:\/\/api.w.org\/{rel}","templated":true}]}}