{"id":12846,"date":"2025-02-23T15:44:54","date_gmt":"2025-02-23T15:44:54","guid":{"rendered":"https:\/\/x1eg-staging.duckrabbit.ch\/produit\/jack-the-beanstalk-2\/"},"modified":"2025-06-10T10:33:07","modified_gmt":"2025-06-10T10:33:07","slug":"jack-the-beanstalk-2","status":"publish","type":"product","link":"https:\/\/x1eg-staging.duckrabbit.ch\/it\/produit\/jack-the-beanstalk-2\/","title":{"rendered":"Jack &amp; the Beanstalk"},"content":{"rendered":"","protected":false},"excerpt":{"rendered":"<p>D\u00e9couvrez la magie du conte populaire \u00ab Jack &amp; The Beanstalk \u00bb avec ce jeu de r\u00e9flexion et de logique en 3D destin\u00e9 aux jeunes enfants.<\/p>\n<p>Aidez Jack \u00e0 grimper le long du haricot magique pour atteindre le ch\u00e2teau du g\u00e9ant dans les nuages. Il vous faudra placer les pi\u00e8ces de jeu dans le bon ordre et du bon c\u00f4t\u00e9 en les faisant basculer de haut en bas par un effet m\u00e9canique&#8230; magique !<\/p>\n<p>Votre but : reproduire l\u2019illustration demand\u00e9e par le d\u00e9fi \u00e0 l\u2019aide des pi\u00e8ces imprim\u00e9es. Observez-les attentivement et \u00e9tudiez leurs mouvements afin de trouver le tr\u00e9sor&#8230; Le jeu propose 60 d\u00e9fis du plus simple au plus \u00e9labor\u00e9 ainsi qu\u2019une bande dessin\u00e9e offrant une interpr\u00e9tation libre du conte original.<\/p>\n","protected":false},"featured_media":2349,"comment_status":"closed","ping_status":"closed","template":"","meta":[],"product_brand":[],"product_cat":[23,28],"product_tag":[],"boxes-ages":[],"class_list":{"0":"post-12846","1":"product","2":"type-product","3":"status-publish","4":"has-post-thumbnail","6":"product_cat-fonctions-executives","7":"product_cat-mathematiques-et-logique","9":"first","10":"instock","11":"taxable","12":"shipping-taxable","13":"purchasable","14":"product-type-simple"},"_links":{"self":[{"href":"https:\/\/x1eg-staging.duckrabbit.ch\/it\/wp-json\/wp\/v2\/product\/12846","targetHints":{"allow":["GET"]}}],"collection":[{"href":"https:\/\/x1eg-staging.duckrabbit.ch\/it\/wp-json\/wp\/v2\/product"}],"about":[{"href":"https:\/\/x1eg-staging.duckrabbit.ch\/it\/wp-json\/wp\/v2\/types\/product"}],"replies":[{"embeddable":true,"href":"https:\/\/x1eg-staging.duckrabbit.ch\/it\/wp-json\/wp\/v2\/comments?post=12846"}],"version-history":[{"count":0,"href":"https:\/\/x1eg-staging.duckrabbit.ch\/it\/wp-json\/wp\/v2\/product\/12846\/revisions"}],"wp:featuredmedia":[{"embeddable":true,"href":"https:\/\/x1eg-staging.duckrabbit.ch\/it\/wp-json\/wp\/v2\/media\/2349"}],"wp:attachment":[{"href":"https:\/\/x1eg-staging.duckrabbit.ch\/it\/wp-json\/wp\/v2\/media?parent=12846"}],"wp:term":[{"taxonomy":"product_brand","embeddable":true,"href":"https:\/\/x1eg-staging.duckrabbit.ch\/it\/wp-json\/wp\/v2\/product_brand?post=12846"},{"taxonomy":"product_cat","embeddable":true,"href":"https:\/\/x1eg-staging.duckrabbit.ch\/it\/wp-json\/wp\/v2\/product_cat?post=12846"},{"taxonomy":"product_tag","embeddable":true,"href":"https:\/\/x1eg-staging.duckrabbit.ch\/it\/wp-json\/wp\/v2\/product_tag?post=12846"},{"taxonomy":"boxes-ages","embeddable":true,"href":"https:\/\/x1eg-staging.duckrabbit.ch\/it\/wp-json\/wp\/v2\/boxes-ages?post=12846"}],"curies":[{"name":"wp","href":"https:\/\/api.w.org\/{rel}","templated":true}]}}