{"id":12838,"date":"2025-02-23T15:44:54","date_gmt":"2025-02-23T15:44:54","guid":{"rendered":"https:\/\/x1eg-staging.duckrabbit.ch\/produit\/dr-eureka-3\/"},"modified":"2025-06-10T10:33:06","modified_gmt":"2025-06-10T10:33:06","slug":"dr-eureka-3","status":"publish","type":"product","link":"https:\/\/x1eg-staging.duckrabbit.ch\/it\/produit\/dr-eureka-3\/","title":{"rendered":"Dr Eureka"},"content":{"rendered":"<p>Avis de l&#8217;expert<br \/>\nCe jeu offre une excellente occasion de d\u00e9velopper les comp\u00e9tences de planification chez l&#8217;enfant. En l&#8217;engageant \u00e0 s\u00e9quencer une t\u00e2che et \u00e0 suivre son plan \u00e9tape par \u00e9tape, il favorise une r\u00e9flexion m\u00e9thodique. De plus, l&#8217;adulte peut fournir une guidance en aidant l&#8217;enfant \u00e0 \u00e9laborer son plan d&#8217;action, que ce soit de fa\u00e7on verbale, mentale ou \u00e9crite. Ainsi, l&#8217;enfant peut exp\u00e9rimenter diff\u00e9rents modes de planification pour trouver celui qui lui convient le mieux, une comp\u00e9tence qu&#8217;il pourra ensuite appliquer \u00e0 d&#8217;autres domaines de sa vie, tels que les devoirs ou d&#8217;autres t\u00e2ches quotidiennes.<\/p>\n","protected":false},"excerpt":{"rendered":"<p>C\u2019est la folie dans le labo ! Dr Eureka a besoin d\u2019aide pour r\u00e9aliser ses exp\u00e9riences. Transvasez les billes de tube en tube le plus vite possible et devenez le meilleur savant fou !<\/p>\n","protected":false},"featured_media":2339,"comment_status":"closed","ping_status":"closed","template":"","meta":[],"product_brand":[],"product_cat":[23,25],"product_tag":[],"boxes-ages":[],"class_list":{"0":"post-12838","1":"product","2":"type-product","3":"status-publish","4":"has-post-thumbnail","6":"product_cat-fonctions-executives","7":"product_cat-memoire","9":"first","10":"instock","11":"taxable","12":"shipping-taxable","13":"purchasable","14":"product-type-simple"},"_links":{"self":[{"href":"https:\/\/x1eg-staging.duckrabbit.ch\/it\/wp-json\/wp\/v2\/product\/12838","targetHints":{"allow":["GET"]}}],"collection":[{"href":"https:\/\/x1eg-staging.duckrabbit.ch\/it\/wp-json\/wp\/v2\/product"}],"about":[{"href":"https:\/\/x1eg-staging.duckrabbit.ch\/it\/wp-json\/wp\/v2\/types\/product"}],"replies":[{"embeddable":true,"href":"https:\/\/x1eg-staging.duckrabbit.ch\/it\/wp-json\/wp\/v2\/comments?post=12838"}],"version-history":[{"count":0,"href":"https:\/\/x1eg-staging.duckrabbit.ch\/it\/wp-json\/wp\/v2\/product\/12838\/revisions"}],"wp:featuredmedia":[{"embeddable":true,"href":"https:\/\/x1eg-staging.duckrabbit.ch\/it\/wp-json\/wp\/v2\/media\/2339"}],"wp:attachment":[{"href":"https:\/\/x1eg-staging.duckrabbit.ch\/it\/wp-json\/wp\/v2\/media?parent=12838"}],"wp:term":[{"taxonomy":"product_brand","embeddable":true,"href":"https:\/\/x1eg-staging.duckrabbit.ch\/it\/wp-json\/wp\/v2\/product_brand?post=12838"},{"taxonomy":"product_cat","embeddable":true,"href":"https:\/\/x1eg-staging.duckrabbit.ch\/it\/wp-json\/wp\/v2\/product_cat?post=12838"},{"taxonomy":"product_tag","embeddable":true,"href":"https:\/\/x1eg-staging.duckrabbit.ch\/it\/wp-json\/wp\/v2\/product_tag?post=12838"},{"taxonomy":"boxes-ages","embeddable":true,"href":"https:\/\/x1eg-staging.duckrabbit.ch\/it\/wp-json\/wp\/v2\/boxes-ages?post=12838"}],"curies":[{"name":"wp","href":"https:\/\/api.w.org\/{rel}","templated":true}]}}