{"id":12828,"date":"2025-02-23T15:45:36","date_gmt":"2025-02-23T15:45:36","guid":{"rendered":"https:\/\/x1eg-staging.duckrabbit.ch\/produit\/little-association-2\/"},"modified":"2025-10-24T14:05:10","modified_gmt":"2025-10-24T14:05:10","slug":"little-association-2","status":"publish","type":"product","link":"https:\/\/x1eg-staging.duckrabbit.ch\/it\/produit\/little-association-2\/","title":{"rendered":"Little Association"},"content":{"rendered":"","protected":false},"excerpt":{"rendered":"<p>Le lapin vit dans le potager, la vache dans le pr\u00e9 et la grenouille dans la mare. Saurez-vous retrouver \u00e0 quel univers appartient chaque \u00e9l\u00e9ment ?<\/p>\n<p>Les trois plateaux \u00ab univers \u00bb sont pos\u00e9s sur la table. L\u2019adulte pioche une carte \u00ab \u00e9l\u00e9ment \u00bb correspondant \u00e0 l\u2019un des univers. L\u2019enfant doit poser le plus vite possible le bon animal sur l\u2019univers correspondant \u00e0 cet \u00e9l\u00e9ment. Par exemple, si une carotte est pioch\u00e9e, l\u2019enfant doit poser le lapin dans l\u2019univers du potager. Si l\u2019enfant fait la bonne association, il remporte un point.<\/p>\n<p>Permets \u00e0 l\u2019enfant de d\u00e9couvrir diff\u00e9rents univers (potager, pr\u00e9, mare)<\/p>\n","protected":false},"featured_media":2395,"comment_status":"closed","ping_status":"closed","template":"","meta":[],"product_brand":[],"product_cat":[23],"product_tag":[],"boxes-ages":[],"class_list":{"0":"post-12828","1":"product","2":"type-product","3":"status-publish","4":"has-post-thumbnail","6":"product_cat-fonctions-executives","8":"first","9":"instock","10":"taxable","11":"shipping-taxable","12":"purchasable","13":"product-type-simple"},"_links":{"self":[{"href":"https:\/\/x1eg-staging.duckrabbit.ch\/it\/wp-json\/wp\/v2\/product\/12828","targetHints":{"allow":["GET"]}}],"collection":[{"href":"https:\/\/x1eg-staging.duckrabbit.ch\/it\/wp-json\/wp\/v2\/product"}],"about":[{"href":"https:\/\/x1eg-staging.duckrabbit.ch\/it\/wp-json\/wp\/v2\/types\/product"}],"replies":[{"embeddable":true,"href":"https:\/\/x1eg-staging.duckrabbit.ch\/it\/wp-json\/wp\/v2\/comments?post=12828"}],"version-history":[{"count":0,"href":"https:\/\/x1eg-staging.duckrabbit.ch\/it\/wp-json\/wp\/v2\/product\/12828\/revisions"}],"wp:featuredmedia":[{"embeddable":true,"href":"https:\/\/x1eg-staging.duckrabbit.ch\/it\/wp-json\/wp\/v2\/media\/2395"}],"wp:attachment":[{"href":"https:\/\/x1eg-staging.duckrabbit.ch\/it\/wp-json\/wp\/v2\/media?parent=12828"}],"wp:term":[{"taxonomy":"product_brand","embeddable":true,"href":"https:\/\/x1eg-staging.duckrabbit.ch\/it\/wp-json\/wp\/v2\/product_brand?post=12828"},{"taxonomy":"product_cat","embeddable":true,"href":"https:\/\/x1eg-staging.duckrabbit.ch\/it\/wp-json\/wp\/v2\/product_cat?post=12828"},{"taxonomy":"product_tag","embeddable":true,"href":"https:\/\/x1eg-staging.duckrabbit.ch\/it\/wp-json\/wp\/v2\/product_tag?post=12828"},{"taxonomy":"boxes-ages","embeddable":true,"href":"https:\/\/x1eg-staging.duckrabbit.ch\/it\/wp-json\/wp\/v2\/boxes-ages?post=12828"}],"curies":[{"name":"wp","href":"https:\/\/api.w.org\/{rel}","templated":true}]}}