{"id":12825,"date":"2025-02-23T15:45:36","date_gmt":"2025-02-23T15:45:36","guid":{"rendered":"https:\/\/x1eg-staging.duckrabbit.ch\/produit\/tip-top-clap-2\/"},"modified":"2025-06-10T10:33:05","modified_gmt":"2025-06-10T10:33:05","slug":"tip-top-clap-2","status":"publish","type":"product","link":"https:\/\/x1eg-staging.duckrabbit.ch\/it\/produit\/tip-top-clap-2\/","title":{"rendered":"Tip Top Clap"},"content":{"rendered":"<p>Avis de l&#8217;expert<br \/>\nTip Top Clap est un jeu de soci\u00e9t\u00e9 rapide et facile \u00e0 mettre en place qui fait travailler la m\u00e9moire et la motricit\u00e9 globale. Les enfants doivent se souvenir dans l&#8217;ordre des diff\u00e9rentes actions \u00e0 reproduire. Cela sollicite leur capacit\u00e9 de rappel et les aide \u00e0 reforcer leur m\u00e9moire \u00e0 court terme. De plus, ce jeu mobilise une forte concentration afin de garder en m\u00e9moire la s\u00e9quence toujours plus longue ainsi que pour observer et reproduire les actions r\u00e9alis\u00e9es.<\/p>\n","protected":false},"excerpt":{"rendered":"<p>Une suite de bruits et de mimes se cr\u00e9e et s&#8217;allonge au rythme du jeu&#8230; Rires assur\u00e9s pour ce jeu de m\u00e9moire in\u00e9dits !<\/p>\n","protected":false},"featured_media":2381,"comment_status":"closed","ping_status":"closed","template":"","meta":[],"product_brand":[],"product_cat":[25,29],"product_tag":[],"boxes-ages":[],"class_list":{"0":"post-12825","1":"product","2":"type-product","3":"status-publish","4":"has-post-thumbnail","6":"product_cat-memoire","7":"product_cat-motricite","9":"first","10":"instock","11":"taxable","12":"shipping-taxable","13":"purchasable","14":"product-type-simple"},"_links":{"self":[{"href":"https:\/\/x1eg-staging.duckrabbit.ch\/it\/wp-json\/wp\/v2\/product\/12825","targetHints":{"allow":["GET"]}}],"collection":[{"href":"https:\/\/x1eg-staging.duckrabbit.ch\/it\/wp-json\/wp\/v2\/product"}],"about":[{"href":"https:\/\/x1eg-staging.duckrabbit.ch\/it\/wp-json\/wp\/v2\/types\/product"}],"replies":[{"embeddable":true,"href":"https:\/\/x1eg-staging.duckrabbit.ch\/it\/wp-json\/wp\/v2\/comments?post=12825"}],"version-history":[{"count":0,"href":"https:\/\/x1eg-staging.duckrabbit.ch\/it\/wp-json\/wp\/v2\/product\/12825\/revisions"}],"wp:featuredmedia":[{"embeddable":true,"href":"https:\/\/x1eg-staging.duckrabbit.ch\/it\/wp-json\/wp\/v2\/media\/2381"}],"wp:attachment":[{"href":"https:\/\/x1eg-staging.duckrabbit.ch\/it\/wp-json\/wp\/v2\/media?parent=12825"}],"wp:term":[{"taxonomy":"product_brand","embeddable":true,"href":"https:\/\/x1eg-staging.duckrabbit.ch\/it\/wp-json\/wp\/v2\/product_brand?post=12825"},{"taxonomy":"product_cat","embeddable":true,"href":"https:\/\/x1eg-staging.duckrabbit.ch\/it\/wp-json\/wp\/v2\/product_cat?post=12825"},{"taxonomy":"product_tag","embeddable":true,"href":"https:\/\/x1eg-staging.duckrabbit.ch\/it\/wp-json\/wp\/v2\/product_tag?post=12825"},{"taxonomy":"boxes-ages","embeddable":true,"href":"https:\/\/x1eg-staging.duckrabbit.ch\/it\/wp-json\/wp\/v2\/boxes-ages?post=12825"}],"curies":[{"name":"wp","href":"https:\/\/api.w.org\/{rel}","templated":true}]}}