{"id":12804,"date":"2025-02-23T15:47:02","date_gmt":"2025-02-23T15:47:02","guid":{"rendered":"https:\/\/x1eg-staging.duckrabbit.ch\/produit\/perles-de-pluie-bleu-2\/"},"modified":"2025-06-10T10:33:03","modified_gmt":"2025-06-10T10:33:03","slug":"perles-de-pluie-bleu-2","status":"publish","type":"product","link":"https:\/\/x1eg-staging.duckrabbit.ch\/it\/produit\/perles-de-pluie-bleu-2\/","title":{"rendered":"Perles de Pluie &#8211; Bleu"},"content":{"rendered":"<h3>This is a full description test<\/h3>\n<h4>Here is the education section<\/h4>\n<h4>Here is the game content section<\/h4>\n<h4>Here is the game description section<\/h4>\n<h3>Here is the challenges section<\/h3>\n<ul>\n<li>Utiliser le volume pour attirer l&#8217;attention sur un objet<\/li>\n<li>Explorer l&#8217;environnement par les 5 sens<\/li>\n<li>Reconna\u00eetre les sons associ\u00e9s \u00e0 diff\u00e9rents objets dans l&#8217;environnement<\/li>\n<li>Tourner le regard\/la t\u00eate vers la source du son<\/li>\n<li>Distinguer le support horizontal en dessous du support vertical vu d&#8217;en haut<\/li>\n<li>Identifier la direction du mouvement et l&#8217;orientation des formes<\/li>\n<li>Percevoir le mouvement dans l&#8217;objet<\/li>\n<\/ul>\n","protected":false},"excerpt":{"rendered":"<p>Retournez ce hochet Perles de Pluie et stimulez les sens des petits avec des perles vibrantes et des sons apaisants de gouttes de pluie. Sa forme parfaitement \u00e9tudi\u00e9e permet aux enfants en bas \u00e2ge de le tenir facilement.<\/p>\n","protected":false},"featured_media":10566,"comment_status":"closed","ping_status":"closed","template":"","meta":[],"product_brand":[],"product_cat":[30],"product_tag":[],"boxes-ages":[],"class_list":{"0":"post-12804","1":"product","2":"type-product","3":"status-publish","4":"has-post-thumbnail","6":"product_cat-perception","8":"first","9":"instock","10":"taxable","11":"shipping-taxable","12":"purchasable","13":"product-type-simple"},"_links":{"self":[{"href":"https:\/\/x1eg-staging.duckrabbit.ch\/it\/wp-json\/wp\/v2\/product\/12804","targetHints":{"allow":["GET"]}}],"collection":[{"href":"https:\/\/x1eg-staging.duckrabbit.ch\/it\/wp-json\/wp\/v2\/product"}],"about":[{"href":"https:\/\/x1eg-staging.duckrabbit.ch\/it\/wp-json\/wp\/v2\/types\/product"}],"replies":[{"embeddable":true,"href":"https:\/\/x1eg-staging.duckrabbit.ch\/it\/wp-json\/wp\/v2\/comments?post=12804"}],"version-history":[{"count":0,"href":"https:\/\/x1eg-staging.duckrabbit.ch\/it\/wp-json\/wp\/v2\/product\/12804\/revisions"}],"wp:featuredmedia":[{"embeddable":true,"href":"https:\/\/x1eg-staging.duckrabbit.ch\/it\/wp-json\/wp\/v2\/media\/10566"}],"wp:attachment":[{"href":"https:\/\/x1eg-staging.duckrabbit.ch\/it\/wp-json\/wp\/v2\/media?parent=12804"}],"wp:term":[{"taxonomy":"product_brand","embeddable":true,"href":"https:\/\/x1eg-staging.duckrabbit.ch\/it\/wp-json\/wp\/v2\/product_brand?post=12804"},{"taxonomy":"product_cat","embeddable":true,"href":"https:\/\/x1eg-staging.duckrabbit.ch\/it\/wp-json\/wp\/v2\/product_cat?post=12804"},{"taxonomy":"product_tag","embeddable":true,"href":"https:\/\/x1eg-staging.duckrabbit.ch\/it\/wp-json\/wp\/v2\/product_tag?post=12804"},{"taxonomy":"boxes-ages","embeddable":true,"href":"https:\/\/x1eg-staging.duckrabbit.ch\/it\/wp-json\/wp\/v2\/boxes-ages?post=12804"}],"curies":[{"name":"wp","href":"https:\/\/api.w.org\/{rel}","templated":true}]}}