{"id":12798,"date":"2025-02-23T15:47:02","date_gmt":"2025-02-23T15:47:02","guid":{"rendered":"https:\/\/x1eg-staging.duckrabbit.ch\/produit\/liva-doudou-boite-a-musique-2\/"},"modified":"2025-06-10T10:33:03","modified_gmt":"2025-06-10T10:33:03","slug":"liva-doudou-boite-a-musique-2","status":"publish","type":"product","link":"https:\/\/x1eg-staging.duckrabbit.ch\/it\/produit\/liva-doudou-boite-a-musique-2\/","title":{"rendered":"Liva &#8211; Doudou Bo\u00eete \u00e0 Musique"},"content":{"rendered":"","protected":false},"excerpt":{"rendered":"<p>Aidez votre b\u00e9b\u00e9 \u00e0 s&#8217;endormir paisiblement avec les Doudou Bo\u00eete \u00e0 Musique imitant un battement de c\u0153ur et jouant des m\u00e9lodies apaisantes. Choisissez parmi un bruit blanc, un son de battement de c\u0153ur ou 2 berceuses diff\u00e9rents. R\u00e9glez l&#8217;heure pr\u00e9f\u00e9r\u00e9e pour que la bo\u00eete \u00e0 musique cesse de jouer. Elle se remettra automatiquement \u00e0 jouer d\u00e8s que votre b\u00e9b\u00e9 se mettra \u00e0 pleurer. Ces amis c\u00e2lins aideront votre b\u00e9b\u00e9 \u00e0 se sentir \u00e0 l&#8217;aise et \u00e0 s&#8217;endormir paisiblement.<\/p>\n","protected":false},"featured_media":2499,"comment_status":"closed","ping_status":"closed","template":"","meta":[],"product_brand":[],"product_cat":[97,30,21],"product_tag":[],"boxes-ages":[],"class_list":{"0":"post-12798","1":"product","2":"type-product","3":"status-publish","4":"has-post-thumbnail","6":"product_cat-emotions","7":"product_cat-perception","8":"product_cat-sommeil","10":"first","11":"instock","12":"taxable","13":"shipping-taxable","14":"purchasable","15":"product-type-simple"},"_links":{"self":[{"href":"https:\/\/x1eg-staging.duckrabbit.ch\/it\/wp-json\/wp\/v2\/product\/12798","targetHints":{"allow":["GET"]}}],"collection":[{"href":"https:\/\/x1eg-staging.duckrabbit.ch\/it\/wp-json\/wp\/v2\/product"}],"about":[{"href":"https:\/\/x1eg-staging.duckrabbit.ch\/it\/wp-json\/wp\/v2\/types\/product"}],"replies":[{"embeddable":true,"href":"https:\/\/x1eg-staging.duckrabbit.ch\/it\/wp-json\/wp\/v2\/comments?post=12798"}],"version-history":[{"count":0,"href":"https:\/\/x1eg-staging.duckrabbit.ch\/it\/wp-json\/wp\/v2\/product\/12798\/revisions"}],"wp:featuredmedia":[{"embeddable":true,"href":"https:\/\/x1eg-staging.duckrabbit.ch\/it\/wp-json\/wp\/v2\/media\/2499"}],"wp:attachment":[{"href":"https:\/\/x1eg-staging.duckrabbit.ch\/it\/wp-json\/wp\/v2\/media?parent=12798"}],"wp:term":[{"taxonomy":"product_brand","embeddable":true,"href":"https:\/\/x1eg-staging.duckrabbit.ch\/it\/wp-json\/wp\/v2\/product_brand?post=12798"},{"taxonomy":"product_cat","embeddable":true,"href":"https:\/\/x1eg-staging.duckrabbit.ch\/it\/wp-json\/wp\/v2\/product_cat?post=12798"},{"taxonomy":"product_tag","embeddable":true,"href":"https:\/\/x1eg-staging.duckrabbit.ch\/it\/wp-json\/wp\/v2\/product_tag?post=12798"},{"taxonomy":"boxes-ages","embeddable":true,"href":"https:\/\/x1eg-staging.duckrabbit.ch\/it\/wp-json\/wp\/v2\/boxes-ages?post=12798"}],"curies":[{"name":"wp","href":"https:\/\/api.w.org\/{rel}","templated":true}]}}