{"id":12789,"date":"2025-02-23T15:47:23","date_gmt":"2025-02-23T15:47:23","guid":{"rendered":"https:\/\/x1eg-staging.duckrabbit.ch\/produit\/bjorn-projecteur-2\/"},"modified":"2025-06-10T10:33:02","modified_gmt":"2025-06-10T10:33:02","slug":"bjorn-projecteur-2","status":"publish","type":"product","link":"https:\/\/x1eg-staging.duckrabbit.ch\/it\/produit\/bjorn-projecteur-2\/","title":{"rendered":"Bj\u00f6rn &#8211; Projecteur"},"content":{"rendered":"","protected":false},"excerpt":{"rendered":"<p>Le projecteur Bj\u00f6rn transformera la chambre de votre enfant en un monde magique. Votre petit s&#8217;endormira paisiblement en regardant Bj\u00f6rn et la projection de jolis points sur le plafond de la pi\u00e8ce. Le projecteur fait \u00e9galement office de veilleuse avec des \u00e9toiles partout. Il propose 6 options lumineuses diff\u00e9rentes : blanc, bleu, jaune, multicolore, un fondu entre les couleurs et un fondu de toutes les couleurs. Vous pouvez \u00e9galement choisir parmi 3 options de luminosit\u00e9 diff\u00e9rentes. Le projecteur est rechargeable et dispose d&#8217;une fonction minuterie de 30 minutes.<\/p>\n","protected":false},"featured_media":2539,"comment_status":"closed","ping_status":"closed","template":"","meta":[],"product_brand":[],"product_cat":[30,21],"product_tag":[],"boxes-ages":[],"class_list":{"0":"post-12789","1":"product","2":"type-product","3":"status-publish","4":"has-post-thumbnail","6":"product_cat-perception","7":"product_cat-sommeil","9":"first","10":"instock","11":"taxable","12":"shipping-taxable","13":"purchasable","14":"product-type-simple"},"_links":{"self":[{"href":"https:\/\/x1eg-staging.duckrabbit.ch\/it\/wp-json\/wp\/v2\/product\/12789","targetHints":{"allow":["GET"]}}],"collection":[{"href":"https:\/\/x1eg-staging.duckrabbit.ch\/it\/wp-json\/wp\/v2\/product"}],"about":[{"href":"https:\/\/x1eg-staging.duckrabbit.ch\/it\/wp-json\/wp\/v2\/types\/product"}],"replies":[{"embeddable":true,"href":"https:\/\/x1eg-staging.duckrabbit.ch\/it\/wp-json\/wp\/v2\/comments?post=12789"}],"version-history":[{"count":0,"href":"https:\/\/x1eg-staging.duckrabbit.ch\/it\/wp-json\/wp\/v2\/product\/12789\/revisions"}],"wp:featuredmedia":[{"embeddable":true,"href":"https:\/\/x1eg-staging.duckrabbit.ch\/it\/wp-json\/wp\/v2\/media\/2539"}],"wp:attachment":[{"href":"https:\/\/x1eg-staging.duckrabbit.ch\/it\/wp-json\/wp\/v2\/media?parent=12789"}],"wp:term":[{"taxonomy":"product_brand","embeddable":true,"href":"https:\/\/x1eg-staging.duckrabbit.ch\/it\/wp-json\/wp\/v2\/product_brand?post=12789"},{"taxonomy":"product_cat","embeddable":true,"href":"https:\/\/x1eg-staging.duckrabbit.ch\/it\/wp-json\/wp\/v2\/product_cat?post=12789"},{"taxonomy":"product_tag","embeddable":true,"href":"https:\/\/x1eg-staging.duckrabbit.ch\/it\/wp-json\/wp\/v2\/product_tag?post=12789"},{"taxonomy":"boxes-ages","embeddable":true,"href":"https:\/\/x1eg-staging.duckrabbit.ch\/it\/wp-json\/wp\/v2\/boxes-ages?post=12789"}],"curies":[{"name":"wp","href":"https:\/\/api.w.org\/{rel}","templated":true}]}}