{"id":12782,"date":"2025-02-23T15:47:43","date_gmt":"2025-02-23T15:47:43","guid":{"rendered":"https:\/\/x1eg-staging.duckrabbit.ch\/produit\/cube-jeu-grenouille-magique-2\/"},"modified":"2025-06-10T10:33:00","modified_gmt":"2025-06-10T10:33:00","slug":"cube-jeu-grenouille-magique-2","status":"publish","type":"product","link":"https:\/\/x1eg-staging.duckrabbit.ch\/it\/produit\/cube-jeu-grenouille-magique-2\/","title":{"rendered":"Cube Jeu Grenouille magique"},"content":{"rendered":"","protected":false},"excerpt":{"rendered":"<p>Le cube de jeu HABA Grenouille magique r\u00e9serve de nombreuses surprises : la malicieuse petite grenouille est partout, tant\u00f4t cach\u00e9e derri\u00e8re des feuilles qui cr\u00e9pitent, tant\u00f4t faisant un tour en voiture avec le canard aux roues pivotantes, et tant\u00f4t sautant joyeusement en arri\u00e8re lorsqu&#8217;on le tire et le rel\u00e2che. Ses amis aussi apportent de la bonne humeur : la chenille mignonne peut \u00eatre pouss\u00e9e d&#8217;avant en arri\u00e8re et le canard couine joyeusement lorsque son ventre est press\u00e9. En explorant et en palpant, m\u00eame les tout-petits d\u00e9veloppent leur motricit\u00e9 fine de mani\u00e8re ludique. Le cube de jeu Grenouille Magique est un divertissement ing\u00e9nieux \u00e0 la maison comme en d\u00e9placement, id\u00e9al pour les explorateurs du monde d\u00e8s 6 mois.<\/p>\n","protected":false},"featured_media":2612,"comment_status":"closed","ping_status":"closed","template":"","meta":[],"product_brand":[],"product_cat":[30],"product_tag":[],"boxes-ages":[],"class_list":{"0":"post-12782","1":"product","2":"type-product","3":"status-publish","4":"has-post-thumbnail","6":"product_cat-perception","8":"first","9":"instock","10":"taxable","11":"shipping-taxable","12":"purchasable","13":"product-type-simple"},"_links":{"self":[{"href":"https:\/\/x1eg-staging.duckrabbit.ch\/it\/wp-json\/wp\/v2\/product\/12782","targetHints":{"allow":["GET"]}}],"collection":[{"href":"https:\/\/x1eg-staging.duckrabbit.ch\/it\/wp-json\/wp\/v2\/product"}],"about":[{"href":"https:\/\/x1eg-staging.duckrabbit.ch\/it\/wp-json\/wp\/v2\/types\/product"}],"replies":[{"embeddable":true,"href":"https:\/\/x1eg-staging.duckrabbit.ch\/it\/wp-json\/wp\/v2\/comments?post=12782"}],"version-history":[{"count":0,"href":"https:\/\/x1eg-staging.duckrabbit.ch\/it\/wp-json\/wp\/v2\/product\/12782\/revisions"}],"wp:featuredmedia":[{"embeddable":true,"href":"https:\/\/x1eg-staging.duckrabbit.ch\/it\/wp-json\/wp\/v2\/media\/2612"}],"wp:attachment":[{"href":"https:\/\/x1eg-staging.duckrabbit.ch\/it\/wp-json\/wp\/v2\/media?parent=12782"}],"wp:term":[{"taxonomy":"product_brand","embeddable":true,"href":"https:\/\/x1eg-staging.duckrabbit.ch\/it\/wp-json\/wp\/v2\/product_brand?post=12782"},{"taxonomy":"product_cat","embeddable":true,"href":"https:\/\/x1eg-staging.duckrabbit.ch\/it\/wp-json\/wp\/v2\/product_cat?post=12782"},{"taxonomy":"product_tag","embeddable":true,"href":"https:\/\/x1eg-staging.duckrabbit.ch\/it\/wp-json\/wp\/v2\/product_tag?post=12782"},{"taxonomy":"boxes-ages","embeddable":true,"href":"https:\/\/x1eg-staging.duckrabbit.ch\/it\/wp-json\/wp\/v2\/boxes-ages?post=12782"}],"curies":[{"name":"wp","href":"https:\/\/api.w.org\/{rel}","templated":true}]}}