{"id":12779,"date":"2025-02-23T15:48:06","date_gmt":"2025-02-23T15:48:06","guid":{"rendered":"https:\/\/x1eg-staging.duckrabbit.ch\/produit\/hochet-de-dentition-etoile-vert-2\/"},"modified":"2025-06-10T10:33:00","modified_gmt":"2025-06-10T10:33:00","slug":"hochet-de-dentition-etoile-vert-2","status":"publish","type":"product","link":"https:\/\/x1eg-staging.duckrabbit.ch\/it\/produit\/hochet-de-dentition-etoile-vert-2\/","title":{"rendered":"Hochet de Dentition \u00c9toile &#8211; Vert"},"content":{"rendered":"","protected":false},"excerpt":{"rendered":"<p>Prenez-le dans la bouche et m\u00e2chez-le avec plaisir. Le charmant hochet en silicone \u00c9toile invite \u00e0 une exploration ludique. Chacun de ses cinq bras pr\u00e9sente une surface textur\u00e9e diff\u00e9rente : parfois couvert de petits points, parfois de fines ou larges bandes, ou encore de spirales. M\u00e2cher les diff\u00e9rentes textures offre ainsi beaucoup de vari\u00e9t\u00e9. Cela d\u00e9tend et apaise, surtout pendant la pouss\u00e9e dentaire. Le hochet \u00c9toile est donc un alli\u00e9 extr\u00eamement utile pour les b\u00e9b\u00e9s !<\/p>\n","protected":false},"featured_media":2620,"comment_status":"closed","ping_status":"closed","template":"","meta":[],"product_brand":[],"product_cat":[30],"product_tag":[],"boxes-ages":[],"class_list":{"0":"post-12779","1":"product","2":"type-product","3":"status-publish","4":"has-post-thumbnail","6":"product_cat-perception","8":"first","9":"instock","10":"taxable","11":"shipping-taxable","12":"purchasable","13":"product-type-simple"},"_links":{"self":[{"href":"https:\/\/x1eg-staging.duckrabbit.ch\/it\/wp-json\/wp\/v2\/product\/12779","targetHints":{"allow":["GET"]}}],"collection":[{"href":"https:\/\/x1eg-staging.duckrabbit.ch\/it\/wp-json\/wp\/v2\/product"}],"about":[{"href":"https:\/\/x1eg-staging.duckrabbit.ch\/it\/wp-json\/wp\/v2\/types\/product"}],"replies":[{"embeddable":true,"href":"https:\/\/x1eg-staging.duckrabbit.ch\/it\/wp-json\/wp\/v2\/comments?post=12779"}],"version-history":[{"count":0,"href":"https:\/\/x1eg-staging.duckrabbit.ch\/it\/wp-json\/wp\/v2\/product\/12779\/revisions"}],"wp:featuredmedia":[{"embeddable":true,"href":"https:\/\/x1eg-staging.duckrabbit.ch\/it\/wp-json\/wp\/v2\/media\/2620"}],"wp:attachment":[{"href":"https:\/\/x1eg-staging.duckrabbit.ch\/it\/wp-json\/wp\/v2\/media?parent=12779"}],"wp:term":[{"taxonomy":"product_brand","embeddable":true,"href":"https:\/\/x1eg-staging.duckrabbit.ch\/it\/wp-json\/wp\/v2\/product_brand?post=12779"},{"taxonomy":"product_cat","embeddable":true,"href":"https:\/\/x1eg-staging.duckrabbit.ch\/it\/wp-json\/wp\/v2\/product_cat?post=12779"},{"taxonomy":"product_tag","embeddable":true,"href":"https:\/\/x1eg-staging.duckrabbit.ch\/it\/wp-json\/wp\/v2\/product_tag?post=12779"},{"taxonomy":"boxes-ages","embeddable":true,"href":"https:\/\/x1eg-staging.duckrabbit.ch\/it\/wp-json\/wp\/v2\/boxes-ages?post=12779"}],"curies":[{"name":"wp","href":"https:\/\/api.w.org\/{rel}","templated":true}]}}