{"id":12773,"date":"2025-02-23T15:48:07","date_gmt":"2025-02-23T15:48:07","guid":{"rendered":"https:\/\/x1eg-staging.duckrabbit.ch\/produit\/four-fundamentals-2\/"},"modified":"2025-09-18T14:05:08","modified_gmt":"2025-09-18T14:05:08","slug":"four-fundamentals-2","status":"publish","type":"product","link":"https:\/\/x1eg-staging.duckrabbit.ch\/it\/produit\/four-fundamentals-2\/","title":{"rendered":"Four Fundamentals"},"content":{"rendered":"","protected":false},"excerpt":{"rendered":"<p>Aidez votre b\u00e9b\u00e9 \u00e0 acqu\u00e9rir les bases de la d\u00e9couverte avec l&#8217;ensemble sensoriel en bois Baby Einstein Four Fundamentals. Cet ensemble de blocs en bois \u00e0 empiler comprend 4 blocs de construction, chacun \u00e9tant destin\u00e9 \u00e0 faire participer le b\u00e9b\u00e9 de mani\u00e8re ludique et cibl\u00e9e. Le jouet d&#8217;\u00e9coute grince, le jouet de vision comprend des motifs tr\u00e8s contrast\u00e9s pour le d\u00e9veloppement visuel, le jouet du toucher permet la d\u00e9couverte tactile et le jouet de motricit\u00e9 fine comporte des petits bras \u00e0 tourner et \u00e0 retourner. Votre b\u00e9b\u00e9 adorera empiler, tourner, toucher et faire tourner les jouets de ce jeu de blocs en bois multisensoriel.<\/p>\n","protected":false},"featured_media":2637,"comment_status":"closed","ping_status":"closed","template":"","meta":[],"product_brand":[],"product_cat":[29,30],"product_tag":[],"boxes-ages":[],"class_list":{"0":"post-12773","1":"product","2":"type-product","3":"status-publish","4":"has-post-thumbnail","6":"product_cat-motricite","7":"product_cat-perception","9":"first","10":"instock","11":"taxable","12":"shipping-taxable","13":"purchasable","14":"product-type-simple"},"_links":{"self":[{"href":"https:\/\/x1eg-staging.duckrabbit.ch\/it\/wp-json\/wp\/v2\/product\/12773","targetHints":{"allow":["GET"]}}],"collection":[{"href":"https:\/\/x1eg-staging.duckrabbit.ch\/it\/wp-json\/wp\/v2\/product"}],"about":[{"href":"https:\/\/x1eg-staging.duckrabbit.ch\/it\/wp-json\/wp\/v2\/types\/product"}],"replies":[{"embeddable":true,"href":"https:\/\/x1eg-staging.duckrabbit.ch\/it\/wp-json\/wp\/v2\/comments?post=12773"}],"version-history":[{"count":0,"href":"https:\/\/x1eg-staging.duckrabbit.ch\/it\/wp-json\/wp\/v2\/product\/12773\/revisions"}],"wp:featuredmedia":[{"embeddable":true,"href":"https:\/\/x1eg-staging.duckrabbit.ch\/it\/wp-json\/wp\/v2\/media\/2637"}],"wp:attachment":[{"href":"https:\/\/x1eg-staging.duckrabbit.ch\/it\/wp-json\/wp\/v2\/media?parent=12773"}],"wp:term":[{"taxonomy":"product_brand","embeddable":true,"href":"https:\/\/x1eg-staging.duckrabbit.ch\/it\/wp-json\/wp\/v2\/product_brand?post=12773"},{"taxonomy":"product_cat","embeddable":true,"href":"https:\/\/x1eg-staging.duckrabbit.ch\/it\/wp-json\/wp\/v2\/product_cat?post=12773"},{"taxonomy":"product_tag","embeddable":true,"href":"https:\/\/x1eg-staging.duckrabbit.ch\/it\/wp-json\/wp\/v2\/product_tag?post=12773"},{"taxonomy":"boxes-ages","embeddable":true,"href":"https:\/\/x1eg-staging.duckrabbit.ch\/it\/wp-json\/wp\/v2\/boxes-ages?post=12773"}],"curies":[{"name":"wp","href":"https:\/\/api.w.org\/{rel}","templated":true}]}}