{"id":12770,"date":"2025-02-23T15:48:31","date_gmt":"2025-02-23T15:48:31","guid":{"rendered":"https:\/\/x1eg-staging.duckrabbit.ch\/produit\/hochet-geometriques-3\/"},"modified":"2025-06-10T10:32:59","modified_gmt":"2025-06-10T10:32:59","slug":"hochet-geometriques-3","status":"publish","type":"product","link":"https:\/\/x1eg-staging.duckrabbit.ch\/it\/produit\/hochet-geometriques-3\/","title":{"rendered":"Hochet &#8211; G\u00e9om\u00e9triques"},"content":{"rendered":"","protected":false},"excerpt":{"rendered":"<p>Le Trio de hochets g\u00e9om\u00e9trique est jeu d&#8217;\u00e9veil aux couleurs pastel pour les tout-petits. Fabriqu\u00e9 \u00e0 partir de mat\u00e9riaux \u00e0 base de riz. D\u00e8s la naissance. Le trio de hochets g\u00e9om\u00e9triques aux couleurs douces a \u00e9t\u00e9 soigneusement con\u00e7u pour s&#8217;adapter parfaitement aux petites mains. Lorsque ce trio de hochets sera secou\u00e9 et que votre enfant jouera avec, il contribuera \u00e0 d\u00e9velopper ses capacit\u00e9s de coordination oeil-main.<\/p>\n","protected":false},"featured_media":10810,"comment_status":"closed","ping_status":"closed","template":"","meta":[],"product_brand":[],"product_cat":[29,30],"product_tag":[],"boxes-ages":[],"class_list":{"0":"post-12770","1":"product","2":"type-product","3":"status-publish","4":"has-post-thumbnail","6":"product_cat-motricite","7":"product_cat-perception","9":"first","10":"instock","11":"taxable","12":"shipping-taxable","13":"purchasable","14":"product-type-simple"},"_links":{"self":[{"href":"https:\/\/x1eg-staging.duckrabbit.ch\/it\/wp-json\/wp\/v2\/product\/12770","targetHints":{"allow":["GET"]}}],"collection":[{"href":"https:\/\/x1eg-staging.duckrabbit.ch\/it\/wp-json\/wp\/v2\/product"}],"about":[{"href":"https:\/\/x1eg-staging.duckrabbit.ch\/it\/wp-json\/wp\/v2\/types\/product"}],"replies":[{"embeddable":true,"href":"https:\/\/x1eg-staging.duckrabbit.ch\/it\/wp-json\/wp\/v2\/comments?post=12770"}],"version-history":[{"count":0,"href":"https:\/\/x1eg-staging.duckrabbit.ch\/it\/wp-json\/wp\/v2\/product\/12770\/revisions"}],"wp:featuredmedia":[{"embeddable":true,"href":"https:\/\/x1eg-staging.duckrabbit.ch\/it\/wp-json\/wp\/v2\/media\/10810"}],"wp:attachment":[{"href":"https:\/\/x1eg-staging.duckrabbit.ch\/it\/wp-json\/wp\/v2\/media?parent=12770"}],"wp:term":[{"taxonomy":"product_brand","embeddable":true,"href":"https:\/\/x1eg-staging.duckrabbit.ch\/it\/wp-json\/wp\/v2\/product_brand?post=12770"},{"taxonomy":"product_cat","embeddable":true,"href":"https:\/\/x1eg-staging.duckrabbit.ch\/it\/wp-json\/wp\/v2\/product_cat?post=12770"},{"taxonomy":"product_tag","embeddable":true,"href":"https:\/\/x1eg-staging.duckrabbit.ch\/it\/wp-json\/wp\/v2\/product_tag?post=12770"},{"taxonomy":"boxes-ages","embeddable":true,"href":"https:\/\/x1eg-staging.duckrabbit.ch\/it\/wp-json\/wp\/v2\/boxes-ages?post=12770"}],"curies":[{"name":"wp","href":"https:\/\/api.w.org\/{rel}","templated":true}]}}