{"id":12766,"date":"2025-02-23T15:48:52","date_gmt":"2025-02-23T15:48:52","guid":{"rendered":"https:\/\/x1eg-staging.duckrabbit.ch\/produit\/robin-veilleuse-2\/"},"modified":"2025-06-10T10:32:59","modified_gmt":"2025-06-10T10:32:59","slug":"robin-veilleuse-2","status":"publish","type":"product","link":"https:\/\/x1eg-staging.duckrabbit.ch\/it\/produit\/robin-veilleuse-2\/","title":{"rendered":"Robin &#8211; Veilleuse"},"content":{"rendered":"","protected":false},"excerpt":{"rendered":"<p>Cette veilleuse LED est rechargeable par USB et change de couleur en tapotant son dos. Vous pouvez choisir de laisser la veilleuse s&#8217;\u00e9teindre automatiquement apr\u00e8s 15 minutes ou de la laisser allum\u00e9e toute la nuit. Les deux options sont possibles en utilisant le bouton marche\/arr\u00eat. Sa texture douce permet aux enfants de se blottir en toute s\u00e9curit\u00e9 avant de les apaiser pour dormir !<\/p>\n","protected":false},"featured_media":2693,"comment_status":"closed","ping_status":"closed","template":"","meta":[],"product_brand":[],"product_cat":[21],"product_tag":[],"boxes-ages":[],"class_list":{"0":"post-12766","1":"product","2":"type-product","3":"status-publish","4":"has-post-thumbnail","6":"product_cat-sommeil","8":"first","9":"instock","10":"taxable","11":"shipping-taxable","12":"purchasable","13":"product-type-simple"},"_links":{"self":[{"href":"https:\/\/x1eg-staging.duckrabbit.ch\/it\/wp-json\/wp\/v2\/product\/12766","targetHints":{"allow":["GET"]}}],"collection":[{"href":"https:\/\/x1eg-staging.duckrabbit.ch\/it\/wp-json\/wp\/v2\/product"}],"about":[{"href":"https:\/\/x1eg-staging.duckrabbit.ch\/it\/wp-json\/wp\/v2\/types\/product"}],"replies":[{"embeddable":true,"href":"https:\/\/x1eg-staging.duckrabbit.ch\/it\/wp-json\/wp\/v2\/comments?post=12766"}],"version-history":[{"count":0,"href":"https:\/\/x1eg-staging.duckrabbit.ch\/it\/wp-json\/wp\/v2\/product\/12766\/revisions"}],"wp:featuredmedia":[{"embeddable":true,"href":"https:\/\/x1eg-staging.duckrabbit.ch\/it\/wp-json\/wp\/v2\/media\/2693"}],"wp:attachment":[{"href":"https:\/\/x1eg-staging.duckrabbit.ch\/it\/wp-json\/wp\/v2\/media?parent=12766"}],"wp:term":[{"taxonomy":"product_brand","embeddable":true,"href":"https:\/\/x1eg-staging.duckrabbit.ch\/it\/wp-json\/wp\/v2\/product_brand?post=12766"},{"taxonomy":"product_cat","embeddable":true,"href":"https:\/\/x1eg-staging.duckrabbit.ch\/it\/wp-json\/wp\/v2\/product_cat?post=12766"},{"taxonomy":"product_tag","embeddable":true,"href":"https:\/\/x1eg-staging.duckrabbit.ch\/it\/wp-json\/wp\/v2\/product_tag?post=12766"},{"taxonomy":"boxes-ages","embeddable":true,"href":"https:\/\/x1eg-staging.duckrabbit.ch\/it\/wp-json\/wp\/v2\/boxes-ages?post=12766"}],"curies":[{"name":"wp","href":"https:\/\/api.w.org\/{rel}","templated":true}]}}