{"id":12747,"date":"2025-02-23T15:49:52","date_gmt":"2025-02-23T15:49:52","guid":{"rendered":"https:\/\/x1eg-staging.duckrabbit.ch\/produit\/primo-mosaico-3\/"},"modified":"2025-06-10T10:32:57","modified_gmt":"2025-06-10T10:32:57","slug":"primo-mosaico-3","status":"publish","type":"product","link":"https:\/\/x1eg-staging.duckrabbit.ch\/it\/produit\/primo-mosaico-3\/","title":{"rendered":"Primo Mosa\u00efco"},"content":{"rendered":"","protected":false},"excerpt":{"rendered":"<p>Le jeu plug-in con\u00e7u avec amour de Djeco cr\u00e9e toujours une nouvelle et belle image sur le socle en bois. De cette fa\u00e7on, l&#8217;imagination et l&#8217;habilet\u00e9 sont encourag\u00e9es de mani\u00e8re optimale et le jeu reste passionnant. Chaque ensemble se compose d&#8217;une maquette, de divers mod\u00e8les et de pi\u00e8ces plug-in.<\/p>\n","protected":false},"featured_media":2741,"comment_status":"closed","ping_status":"closed","template":"","meta":[],"product_brand":[],"product_cat":[23,29],"product_tag":[],"boxes-ages":[],"class_list":{"0":"post-12747","1":"product","2":"type-product","3":"status-publish","4":"has-post-thumbnail","6":"product_cat-fonctions-executives","7":"product_cat-motricite","9":"first","10":"instock","11":"taxable","12":"shipping-taxable","13":"purchasable","14":"product-type-simple"},"_links":{"self":[{"href":"https:\/\/x1eg-staging.duckrabbit.ch\/it\/wp-json\/wp\/v2\/product\/12747","targetHints":{"allow":["GET"]}}],"collection":[{"href":"https:\/\/x1eg-staging.duckrabbit.ch\/it\/wp-json\/wp\/v2\/product"}],"about":[{"href":"https:\/\/x1eg-staging.duckrabbit.ch\/it\/wp-json\/wp\/v2\/types\/product"}],"replies":[{"embeddable":true,"href":"https:\/\/x1eg-staging.duckrabbit.ch\/it\/wp-json\/wp\/v2\/comments?post=12747"}],"version-history":[{"count":0,"href":"https:\/\/x1eg-staging.duckrabbit.ch\/it\/wp-json\/wp\/v2\/product\/12747\/revisions"}],"wp:featuredmedia":[{"embeddable":true,"href":"https:\/\/x1eg-staging.duckrabbit.ch\/it\/wp-json\/wp\/v2\/media\/2741"}],"wp:attachment":[{"href":"https:\/\/x1eg-staging.duckrabbit.ch\/it\/wp-json\/wp\/v2\/media?parent=12747"}],"wp:term":[{"taxonomy":"product_brand","embeddable":true,"href":"https:\/\/x1eg-staging.duckrabbit.ch\/it\/wp-json\/wp\/v2\/product_brand?post=12747"},{"taxonomy":"product_cat","embeddable":true,"href":"https:\/\/x1eg-staging.duckrabbit.ch\/it\/wp-json\/wp\/v2\/product_cat?post=12747"},{"taxonomy":"product_tag","embeddable":true,"href":"https:\/\/x1eg-staging.duckrabbit.ch\/it\/wp-json\/wp\/v2\/product_tag?post=12747"},{"taxonomy":"boxes-ages","embeddable":true,"href":"https:\/\/x1eg-staging.duckrabbit.ch\/it\/wp-json\/wp\/v2\/boxes-ages?post=12747"}],"curies":[{"name":"wp","href":"https:\/\/api.w.org\/{rel}","templated":true}]}}