{"id":12743,"date":"2025-02-23T15:49:52","date_gmt":"2025-02-23T15:49:52","guid":{"rendered":"https:\/\/x1eg-staging.duckrabbit.ch\/produit\/course-aux-oeufs-2\/"},"modified":"2025-06-10T10:32:57","modified_gmt":"2025-06-10T10:32:57","slug":"course-aux-oeufs-2","status":"publish","type":"product","link":"https:\/\/x1eg-staging.duckrabbit.ch\/it\/produit\/course-aux-oeufs-2\/","title":{"rendered":"Course aux \u0152ufs"},"content":{"rendered":"","protected":false},"excerpt":{"rendered":"<p>Qui n&#8217;a jamais jou\u00e9 \u00e0 la course aux \u0153ufs ? Top d\u00e9part pour une course o\u00f9 adresse et rapidit\u00e9 seront n\u00e9cessaires pour franchir la ligne d&#8217;arriv\u00e9e avec son \u0153uf toujours en main ! On tient fermement la cuill\u00e8re dans sa main avec son petit \u0153uf trop rigolo dessus, et c&#8217;est parti ! Ce jeu d&#8217;adresse amusant sera une animation parfaite lors d&#8217;un anniversaire ou d&#8217;une f\u00eate entre copains, pour des moments de rire et de partage tous ensemble. Avec des \u0153ufs en bois, le plus sympa (pour les grands) c&#8217;est l&#8217;absence de nettoyage \u00e0 la fin de la partie ! Le jeu contient : 4 \u0153ufs en bois (6 x 4,5 cm) et 4 cuill\u00e8res en bois (13 x 5 cm), il est destin\u00e9 aux enfants d\u00e8s 3 ans. Jeu en bois certifi\u00e9 FSC\u00ae et peinture \u00e0 l&#8217;eau.<\/p>\n","protected":false},"featured_media":2739,"comment_status":"closed","ping_status":"closed","template":"","meta":[],"product_brand":[],"product_cat":[29],"product_tag":[],"boxes-ages":[],"class_list":{"0":"post-12743","1":"product","2":"type-product","3":"status-publish","4":"has-post-thumbnail","6":"product_cat-motricite","8":"first","9":"instock","10":"taxable","11":"shipping-taxable","12":"purchasable","13":"product-type-simple"},"_links":{"self":[{"href":"https:\/\/x1eg-staging.duckrabbit.ch\/it\/wp-json\/wp\/v2\/product\/12743","targetHints":{"allow":["GET"]}}],"collection":[{"href":"https:\/\/x1eg-staging.duckrabbit.ch\/it\/wp-json\/wp\/v2\/product"}],"about":[{"href":"https:\/\/x1eg-staging.duckrabbit.ch\/it\/wp-json\/wp\/v2\/types\/product"}],"replies":[{"embeddable":true,"href":"https:\/\/x1eg-staging.duckrabbit.ch\/it\/wp-json\/wp\/v2\/comments?post=12743"}],"version-history":[{"count":0,"href":"https:\/\/x1eg-staging.duckrabbit.ch\/it\/wp-json\/wp\/v2\/product\/12743\/revisions"}],"wp:featuredmedia":[{"embeddable":true,"href":"https:\/\/x1eg-staging.duckrabbit.ch\/it\/wp-json\/wp\/v2\/media\/2739"}],"wp:attachment":[{"href":"https:\/\/x1eg-staging.duckrabbit.ch\/it\/wp-json\/wp\/v2\/media?parent=12743"}],"wp:term":[{"taxonomy":"product_brand","embeddable":true,"href":"https:\/\/x1eg-staging.duckrabbit.ch\/it\/wp-json\/wp\/v2\/product_brand?post=12743"},{"taxonomy":"product_cat","embeddable":true,"href":"https:\/\/x1eg-staging.duckrabbit.ch\/it\/wp-json\/wp\/v2\/product_cat?post=12743"},{"taxonomy":"product_tag","embeddable":true,"href":"https:\/\/x1eg-staging.duckrabbit.ch\/it\/wp-json\/wp\/v2\/product_tag?post=12743"},{"taxonomy":"boxes-ages","embeddable":true,"href":"https:\/\/x1eg-staging.duckrabbit.ch\/it\/wp-json\/wp\/v2\/boxes-ages?post=12743"}],"curies":[{"name":"wp","href":"https:\/\/api.w.org\/{rel}","templated":true}]}}