{"id":12688,"date":"2025-02-23T15:52:57","date_gmt":"2025-02-23T15:52:57","guid":{"rendered":"https:\/\/x1eg-staging.duckrabbit.ch\/produit\/puzzle-musical-mes-copains-de-la-ferme-3\/"},"modified":"2025-06-10T10:32:52","modified_gmt":"2025-06-10T10:32:52","slug":"puzzle-musical-mes-copains-de-la-ferme-3","status":"publish","type":"product","link":"https:\/\/x1eg-staging.duckrabbit.ch\/it\/produit\/puzzle-musical-mes-copains-de-la-ferme-3\/","title":{"rendered":"Puzzle Musical &#8211; Mes Copains de la Ferme"},"content":{"rendered":"","protected":false},"excerpt":{"rendered":"<p>Ce puzzle sonore sur le th\u00e8me des animaux de la ferme aidera votre enfant \u00e0 se familiariser avec les animaux de la ferme et leur cri (vache, cheval, mouton, cochon et poule). Lorsque l&#x27;enfant pose la pi\u00e8ce de puzzle \u00e0 la bonne place, le cri de l&#x27;animal retentit. Gr\u00e2ce aux tenons en bois, la prise en main des pi\u00e8ces de puzzle est plus facile.<\/p>\n","protected":false},"featured_media":2846,"comment_status":"closed","ping_status":"closed","template":"","meta":[],"product_brand":[],"product_cat":[25,29],"product_tag":[],"boxes-ages":[],"class_list":{"0":"post-12688","1":"product","2":"type-product","3":"status-publish","4":"has-post-thumbnail","6":"product_cat-memoire","7":"product_cat-motricite","9":"first","10":"instock","11":"taxable","12":"shipping-taxable","13":"purchasable","14":"product-type-simple"},"_links":{"self":[{"href":"https:\/\/x1eg-staging.duckrabbit.ch\/it\/wp-json\/wp\/v2\/product\/12688","targetHints":{"allow":["GET"]}}],"collection":[{"href":"https:\/\/x1eg-staging.duckrabbit.ch\/it\/wp-json\/wp\/v2\/product"}],"about":[{"href":"https:\/\/x1eg-staging.duckrabbit.ch\/it\/wp-json\/wp\/v2\/types\/product"}],"replies":[{"embeddable":true,"href":"https:\/\/x1eg-staging.duckrabbit.ch\/it\/wp-json\/wp\/v2\/comments?post=12688"}],"version-history":[{"count":0,"href":"https:\/\/x1eg-staging.duckrabbit.ch\/it\/wp-json\/wp\/v2\/product\/12688\/revisions"}],"wp:featuredmedia":[{"embeddable":true,"href":"https:\/\/x1eg-staging.duckrabbit.ch\/it\/wp-json\/wp\/v2\/media\/2846"}],"wp:attachment":[{"href":"https:\/\/x1eg-staging.duckrabbit.ch\/it\/wp-json\/wp\/v2\/media?parent=12688"}],"wp:term":[{"taxonomy":"product_brand","embeddable":true,"href":"https:\/\/x1eg-staging.duckrabbit.ch\/it\/wp-json\/wp\/v2\/product_brand?post=12688"},{"taxonomy":"product_cat","embeddable":true,"href":"https:\/\/x1eg-staging.duckrabbit.ch\/it\/wp-json\/wp\/v2\/product_cat?post=12688"},{"taxonomy":"product_tag","embeddable":true,"href":"https:\/\/x1eg-staging.duckrabbit.ch\/it\/wp-json\/wp\/v2\/product_tag?post=12688"},{"taxonomy":"boxes-ages","embeddable":true,"href":"https:\/\/x1eg-staging.duckrabbit.ch\/it\/wp-json\/wp\/v2\/boxes-ages?post=12688"}],"curies":[{"name":"wp","href":"https:\/\/api.w.org\/{rel}","templated":true}]}}